{"id":222375,"date":"2022-08-21T18:12:48","date_gmt":"2022-08-21T17:12:48","guid":{"rendered":"https:\/\/www.moskito.cz\/?post_type=product&#038;p=222375"},"modified":"2025-06-28T11:30:59","modified_gmt":"2025-06-28T10:30:59","slug":"zaviraci-nuz-crkt-jumbones-7532","status":"publish","type":"product","link":"https:\/\/www.moskito.cz\/es\/produkt\/zaviraci-nuz-crkt-jumbones-7532\/","title":{"rendered":"Zav\u00edrac\u00ed N\u016f\u017e CRKT JUMBONES 7532"},"content":{"rendered":"<div class=\"flex-1 overflow-hidden @container\/thread\">\n<div class=\"h-full\">\n<div class=\"react-scroll-to-bottom--css-vxybp-79elbk h-full\">\n<div class=\"react-scroll-to-bottom--css-vxybp-1n7m0yu\">\n<div class=\"flex flex-col text-sm md:pb-9\">\n<article class=\"w-full scroll-mb-[var(--thread-trailing-height,150px)] text-token-text-primary focus-visible:outline-2 focus-visible:outline-offset-[-4px]\" dir=\"auto\" data-testid=\"conversation-turn-259\" data-scroll-anchor=\"true\">\n<div class=\"m-auto text-base py-[18px] px-3 md:px-4 w-full md:px-5 lg:px-4 xl:px-5\">\n<div class=\"mx-auto flex flex-1 gap-4 text-base md:gap-5 lg:gap-6 md:max-w-3xl\">\n<div class=\"group\/conversation-turn relative flex w-full min-w-0 flex-col agent-turn\">\n<div class=\"flex-col gap-1 md:gap-3\">\n<div class=\"flex max-w-full flex-col flex-grow\">\n<div class=\"min-h-8 text-message flex w-full flex-col items-end gap-2 whitespace-normal break-words text-start [.text-message+&amp;]:mt-5\" dir=\"auto\" data-message-author-role=\"assistant\" data-message-id=\"533b0f7a-6397-40bc-bea9-cf041402be7d\" data-message-model-slug=\"gpt-4o-mini\">\n<div class=\"flex w-full flex-col gap-1 empty:hidden first:pt-[3px]\">\n<div class=\"markdown prose w-full break-words dark:prose-invert light\">\n<p><strong>CRKT JUMBONES 7532<\/strong> je velk\u00fd, robustn\u00ed zav\u00edrac\u00ed n\u016f\u017e, kter\u00fd je vylep\u0161enou verz\u00ed p\u016fvodn\u00edho modelu <em>Crossbones<\/em> navr\u017een\u00e9ho Jeffem Parkem pod veden\u00edm Kena Oniona. Tento n\u016f\u017e je navr\u017een pro ty, kte\u0159\u00ed pot\u0159ebuj\u00ed v\u011bt\u0161\u00ed n\u00e1stroj s v\u00fdjime\u010dn\u00fdmi \u0159ezn\u00fdmi vlastnostmi, ale st\u00e1le ocen\u00ed kompaktnost zav\u00edrac\u00edho no\u017ee.<\/p>\n<h3><strong>Hlavn\u00ed vlastnosti a specifikace:<\/strong><\/h3>\n<ol>\n<li><strong>D\u00e9lka \u010depele<\/strong>: 4,85&#8243; (123,06 mm)\n<ul>\n<li>\u010cepel je dostate\u010dn\u011b velk\u00e1, aby poskytla siln\u00e9 a efektivn\u00ed \u0159ez\u00e1n\u00ed, co\u017e je ide\u00e1ln\u00ed pro n\u00e1ro\u010dn\u00e9 \u00fakoly, ale st\u00e1le je dost kompaktn\u00ed na to, aby byla snadno p\u0159enosn\u00e1.<\/li>\n<\/ul>\n<\/li>\n<li><strong>Materi\u00e1l \u010depele<\/strong>: Ocel <strong>AUS 8<\/strong>\n<ul>\n<li>AUS 8 je vysoce kvalitn\u00ed nerezov\u00e1 ocel, kter\u00e1 nab\u00edz\u00ed dobr\u00fd pom\u011br mezi tvrdost\u00ed, odolnost\u00ed proti korozi a snadn\u00fdm ost\u0159en\u00edm. Je ide\u00e1ln\u00ed pro ka\u017edodenn\u00ed pou\u017eit\u00ed, a to i v n\u00e1ro\u010dn\u011bj\u0161\u00edch podm\u00ednk\u00e1ch.<\/li>\n<\/ul>\n<\/li>\n<li><strong>Povrchov\u00e1 \u00faprava<\/strong>: <strong>Sat\u00e9nov\u00e1<\/strong>\n<ul>\n<li>Sat\u00e9nov\u00e1 \u00faprava zaji\u0161\u0165uje, \u017ee \u010depel vypad\u00e1 elegantn\u011b a z\u00e1rove\u0148 minimalizuje odlesky, co\u017e m\u016f\u017ee b\u00fdt u\u017eite\u010dn\u00e9 p\u0159i venkovn\u00edch aktivit\u00e1ch nebo v taktick\u00fdch situac\u00edch.<\/li>\n<\/ul>\n<\/li>\n<li><strong>Tlou\u0161\u0165ka \u010depele<\/strong>: 0,16&#8243; (4,01 mm)\n<ul>\n<li>Tento rozm\u011br \u010depel\u00ed p\u0159in\u00e1\u0161\u00ed solidn\u00ed pevnost, tak\u017ee je vhodn\u00e1 pro siln\u00e9 \u0159ez\u00e1n\u00ed a n\u00e1ro\u010dn\u00e9 \u00fakoly, ale z\u00e1rove\u0148 nenaru\u0161uje celkovou ovladatelnost no\u017ee.<\/li>\n<\/ul>\n<\/li>\n<li><strong>Celkov\u00e1 d\u00e9lka<\/strong>: 11,00&#8243; (279,40 mm)\n<ul>\n<li>Tento n\u016f\u017e je ve sv\u00e9 velikosti skute\u010dn\u011b impozantn\u00ed, co\u017e mu d\u00e1v\u00e1 v\u011bt\u0161\u00ed z\u00e1b\u011br a s\u00edlu p\u0159i \u0159ez\u00e1n\u00ed, a\u010dkoli jeho hmotnost a velikost mohou b\u00fdt pro n\u011bkter\u00e9 u\u017eivatele trochu masivn\u00ed pro ka\u017edodenn\u00ed no\u0161en\u00ed.<\/li>\n<\/ul>\n<\/li>\n<li><strong>Uzav\u0159en\u00e1 d\u00e9lka<\/strong>: 6,13&#8243; (155,58 mm)\n<ul>\n<li>Kdy\u017e je n\u016f\u017e zav\u0159en\u00fd, st\u00e1le z\u016fst\u00e1v\u00e1 dostate\u010dn\u011b kompaktn\u00ed pro pohodln\u00e9 no\u0161en\u00ed v kapse nebo na opasku.<\/li>\n<\/ul>\n<\/li>\n<li><strong>Hmotnost<\/strong>: 5,60 oz (158,76 g)\n<ul>\n<li>Na svou velikost je n\u016f\u017e pom\u011brn\u011b lehk\u00fd, co\u017e p\u0159isp\u00edv\u00e1 k jeho pohodln\u00e9mu no\u0161en\u00ed a pou\u017eit\u00ed b\u011bhem celodenn\u00edch aktivit.<\/li>\n<\/ul>\n<\/li>\n<li><strong>Rukoje\u0165<\/strong>: <strong>Hlin\u00edk<\/strong>\n<ul>\n<li>Hlin\u00edkov\u00e1 rukoje\u0165 poskytuje vynikaj\u00edc\u00ed rovnov\u00e1hu mezi pevnost\u00ed a n\u00edzkou hmotnost\u00ed, co\u017e je ide\u00e1ln\u00ed pro ka\u017edodenn\u00ed pou\u017eit\u00ed. Hlin\u00edk je tak\u00e9 odoln\u00fd proti po\u0161kr\u00e1b\u00e1n\u00ed a zachov\u00e1v\u00e1 si dobrou vzhledovou \u010distotu i p\u0159i intenzivn\u00edm pou\u017e\u00edv\u00e1n\u00ed.<\/li>\n<\/ul>\n<\/li>\n<li><strong>Otev\u00edrac\u00ed mechanismus<\/strong>:\n<ul>\n<li><strong>IKBS\u2122 kuli\u010dkov\u00e1 lo\u017eiska<\/strong>: Tento syst\u00e9m umo\u017e\u0148uje hladk\u00e9 a rychl\u00e9 otev\u00edr\u00e1n\u00ed \u010depele p\u0159i minim\u00e1ln\u00edm \u00fasil\u00ed. Kuli\u010dkov\u00e1 lo\u017eiska zaji\u0161\u0165uj\u00ed dlouhou \u017eivotnost a plynul\u00fd pohyb.<\/li>\n<li><strong>Flipper<\/strong>: D\u00edky flipperu je otev\u00edr\u00e1n\u00ed rychl\u00e9 a efektivn\u00ed. Sta\u010d\u00ed lehce stisknout a \u010depel se automaticky vysune.<\/li>\n<\/ul>\n<\/li>\n<li><strong>Z\u00e1mek<\/strong>: <strong>Liner Lock<\/strong>\n<ul>\n<li>Liner lock je zaji\u0161\u0165ovac\u00ed mechanismus, kter\u00fd dr\u017e\u00ed \u010depel pevn\u011b v otev\u0159en\u00e9 poloze a br\u00e1n\u00ed jej\u00edmu n\u00e1hodn\u00e9mu zav\u0159en\u00ed p\u0159i pou\u017e\u00edv\u00e1n\u00ed. Je to spolehliv\u00fd z\u00e1mek pro ka\u017edodenn\u00ed no\u0161en\u00ed a pou\u017e\u00edv\u00e1n\u00ed.<\/li>\n<\/ul>\n<\/li>\n<\/ol>\n<h3><strong>Vyu\u017eit\u00ed:<\/strong><\/h3>\n<ul>\n<li><strong>Ka\u017edodenn\u00ed no\u0161en\u00ed (EDC)<\/strong>: I kdy\u017e je n\u016f\u017e v\u011bt\u0161\u00ed, st\u00e1le je dostate\u010dn\u011b kompaktn\u00ed pro ka\u017edodenn\u00ed no\u0161en\u00ed. D\u00edky sv\u00e9 velikosti je vhodn\u00fd pro u\u017eivatele, kte\u0159\u00ed pot\u0159ebuj\u00ed v\u011bt\u0161\u00ed s\u00edlu p\u0159i \u0159ez\u00e1n\u00ed a pou\u017e\u00edv\u00e1n\u00ed no\u017ee pro ka\u017edodenn\u00ed \u00fakoly, jako je otev\u00edr\u00e1n\u00ed bal\u00ed\u010dk\u016f, \u0159ez\u00e1n\u00ed prov\u00e1zk\u016f nebo jin\u00e9 b\u011b\u017en\u00e9 aktivity.<\/li>\n<li><strong>Taktick\u00e9 a outdoorov\u00e9 aktivity<\/strong>: N\u016f\u017e je skv\u011bl\u00fd pro n\u00e1ro\u010dn\u011bj\u0161\u00ed venkovn\u00ed aktivity, jako je kempov\u00e1n\u00ed, ryba\u0159en\u00ed, lov nebo p\u0159e\u017eit\u00ed v p\u0159\u00edrod\u011b. Je dostate\u010dn\u011b velk\u00fd a pevn\u00fd na to, aby zvl\u00e1dl n\u00e1ro\u010dn\u00e9 \u00fakoly, jako je p\u0159\u00edprava d\u0159eva na ohe\u0148, \u0159ez\u00e1n\u00ed siln\u011bj\u0161\u00edch materi\u00e1l\u016f a podobn\u011b.<\/li>\n<li><strong>Sb\u011bratelsk\u00fd kousek<\/strong>: S ohledem na jeho ocen\u011bn\u00ed a presti\u017en\u00ed design je tento n\u016f\u017e tak\u00e9 atraktivn\u00edm kouskem pro sb\u011bratele.<\/li>\n<\/ul>\n<h3><strong>Design a estetika:<\/strong><\/h3>\n<ul>\n<li><strong>Pohodln\u00fd \u00fachop<\/strong>: Hlin\u00edkov\u00e1 rukoje\u0165 s ergonomick\u00fdm designem poskytuje pevn\u00fd a pohodln\u00fd \u00fachop, co\u017e zaji\u0161\u0165uje bezpe\u010dn\u00e9 a stabiln\u00ed pou\u017eit\u00ed no\u017ee.<\/li>\n<li><strong>Estetika<\/strong>: Krom\u011b funk\u010dnosti je n\u016f\u017e navr\u017een s ohledem na modern\u00ed a atraktivn\u00ed vzhled, co\u017e z n\u011bj \u010din\u00ed nejen u\u017eite\u010dn\u00fd n\u00e1stroj, ale tak\u00e9 vizu\u00e1ln\u011b zaj\u00edmav\u00fd kousek.<\/li>\n<\/ul>\n<h3><strong>Z\u00e1v\u011br:<\/strong><\/h3>\n<p><strong>CRKT JUMBONES 7532<\/strong> je skv\u011blou volbou pro ty, kte\u0159\u00ed pot\u0159ebuj\u00ed v\u011bt\u0161\u00ed a siln\u011bj\u0161\u00ed n\u016f\u017e pro n\u00e1ro\u010dn\u011bj\u0161\u00ed \u00fakoly, ale z\u00e1rove\u0148 preferuj\u00ed kompaktn\u00ed design zav\u00edrac\u00edho no\u017ee. D\u00edky sv\u00e9 vysok\u00e9 kvalit\u011b, plynul\u00e9mu otev\u00edr\u00e1n\u00ed a odoln\u00e9 konstrukci se tento n\u016f\u017e osv\u011bd\u010d\u00ed v \u0161irok\u00e9m spektru pou\u017eit\u00ed \u2013 od ka\u017edodenn\u00edho no\u0161en\u00ed a\u017e po outdoorov\u00e9 a taktick\u00e9 aplikace.<\/p>\n<\/div>\n<\/div>\n<\/div>\n<\/div>\n<div class=\"pr-2 lg:pr-0\"><\/div>\n<div class=\"mt-3 w-full empty:hidden\">\n<div class=\"text-center\"><\/div>\n<\/div>\n<\/div>\n<div class=\"absolute\">\n<div class=\"flex items-center justify-center\"><\/div>\n<\/div>\n<\/div>\n<\/div>\n<\/div>\n<\/article>\n<\/div>\n<\/div>\n<\/div>\n<\/div>\n<\/div>\n<div class=\"md:pt-0 dark:border-white\/20 md:border-transparent md:dark:border-transparent w-full\">\n<div>\n<div class=\"m-auto text-base px-3 md:px-4 w-full md:px-5 lg:px-4 xl:px-5\">\n<div class=\"mx-auto flex flex-1 gap-4 text-base md:gap-5 lg:gap-6 md:max-w-3xl\">\n<div class=\"flex justify-center\"><\/div>\n<\/div>\n<\/div>\n<\/div>\n<\/div>\n","protected":false},"excerpt":{"rendered":"<div class=\"flex max-w-full flex-col flex-grow\">\n<div class=\"min-h-8 text-message flex w-full flex-col items-end gap-2 whitespace-normal break-words text-start [.text-message+&amp;]:mt-5\" dir=\"auto\" data-message-author-role=\"assistant\" data-message-id=\"533b0f7a-6397-40bc-bea9-cf041402be7d\" data-message-model-slug=\"gpt-4o-mini\">\n<div class=\"flex w-full flex-col gap-1 empty:hidden first:pt-[3px]\">\n<div class=\"markdown prose w-full break-words dark:prose-invert light\">\n<p><strong>CRKT JUMBONES 7532 je skv\u011blou volbou pro ty, kte\u0159\u00ed pot\u0159ebuj\u00ed v\u011bt\u0161\u00ed a siln\u011bj\u0161\u00ed n\u016f\u017e pro n\u00e1ro\u010dn\u011bj\u0161\u00ed \u00fakoly, ale z\u00e1rove\u0148 preferuj\u00ed kompaktn\u00ed design zav\u00edrac\u00edho no\u017ee. D\u00edky sv\u00e9 vysok\u00e9 kvalit\u011b, plynul\u00e9mu otev\u00edr\u00e1n\u00ed a odoln\u00e9 konstrukci se tento n\u016f\u017e osv\u011bd\u010d\u00ed v \u0161irok\u00e9m spektru pou\u017eit\u00ed \u2013 od ka\u017edodenn\u00edho no\u0161en\u00ed a\u017e po outdoorov\u00e9 a taktick\u00e9 aplikace.<\/strong><\/p>\n<\/div>\n<\/div>\n<\/div>\n<\/div>\n<div class=\"pr-2 lg:pr-0\"><\/div>\n","protected":false},"featured_media":222376,"comment_status":"open","ping_status":"closed","template":"","meta":[],"pwb-brand":[209],"product_brand":[],"product_cat":[22,17],"product_tag":[3667],"class_list":{"0":"post-222375","1":"product","2":"type-product","3":"status-publish","4":"has-post-thumbnail","6":"pwb-brand-crkt","7":"product_cat-zaviraci-noze","8":"product_cat-noze","9":"product_tag-b2b","11":"first","12":"instock","13":"taxable","14":"shipping-taxable","15":"purchasable","16":"product-type-simple"},"brands":[{"id":209,"name":"CRKT","slug":"crkt"}],"_links":{"self":[{"href":"https:\/\/www.moskito.cz\/es\/wp-json\/wp\/v2\/product\/222375","targetHints":{"allow":["GET"]}}],"collection":[{"href":"https:\/\/www.moskito.cz\/es\/wp-json\/wp\/v2\/product"}],"about":[{"href":"https:\/\/www.moskito.cz\/es\/wp-json\/wp\/v2\/types\/product"}],"replies":[{"embeddable":true,"href":"https:\/\/www.moskito.cz\/es\/wp-json\/wp\/v2\/comments?post=222375"}],"wp:featuredmedia":[{"embeddable":true,"href":"https:\/\/www.moskito.cz\/es\/wp-json\/wp\/v2\/media\/222376"}],"wp:attachment":[{"href":"https:\/\/www.moskito.cz\/es\/wp-json\/wp\/v2\/media?parent=222375"}],"wp:term":[{"taxonomy":"pwb-brand","embeddable":true,"href":"https:\/\/www.moskito.cz\/es\/wp-json\/wp\/v2\/pwb-brand?post=222375"},{"taxonomy":"product_brand","embeddable":true,"href":"https:\/\/www.moskito.cz\/es\/wp-json\/wp\/v2\/product_brand?post=222375"},{"taxonomy":"product_cat","embeddable":true,"href":"https:\/\/www.moskito.cz\/es\/wp-json\/wp\/v2\/product_cat?post=222375"},{"taxonomy":"product_tag","embeddable":true,"href":"https:\/\/www.moskito.cz\/es\/wp-json\/wp\/v2\/product_tag?post=222375"}],"curies":[{"name":"wp","href":"https:\/\/api.w.org\/{rel}","templated":true}]}}