{"id":223794,"date":"2022-09-06T22:19:45","date_gmt":"2022-09-06T21:19:45","guid":{"rendered":"https:\/\/www.moskito.cz\/?post_type=product&#038;p=223794"},"modified":"2025-06-28T11:31:07","modified_gmt":"2025-06-28T10:31:07","slug":"zaviraci-nuz-crkt-bona-fide-od-green-k542gkp","status":"publish","type":"product","link":"https:\/\/www.moskito.cz\/es\/produkt\/zaviraci-nuz-crkt-bona-fide-od-green-k542gkp\/","title":{"rendered":"Zav\u00edrac\u00ed N\u016f\u017e CRKT BONA FIDE OD GREEN K542GKP"},"content":{"rendered":"<p><strong>Zav\u00edrac\u00ed N\u016f\u017e CRKT BONA FIDE OD GREEN K542GKP<\/strong> je <strong>v\u00fdjime\u010dn\u00fd n\u016f\u017e pro ka\u017edodenn\u00ed no\u0161en\u00ed (EDC)<\/strong>, navr\u017een\u00fd sv\u011btozn\u00e1m\u00fdm design\u00e9rem <strong>Kenem Onionem<\/strong>. Tento n\u016f\u017e nen\u00ed pouze funk\u010dn\u00ed, ale tak\u00e9 estetick\u00fd, spojuj\u00edc\u00ed modern\u00ed technologie s tradi\u010dn\u00edmi prvky. <strong>Bona Fide\u2122<\/strong> je poctou <strong>havajsk\u00e9 kultu\u0159e a krajin\u011b<\/strong>, p\u0159i\u010dem\u017e technologie <strong>Field Strip Gen II<\/strong> nab\u00edz\u00ed revolu\u010dn\u00ed p\u0159\u00edstup k \u00fadr\u017eb\u011b no\u017ee.<\/p>\n<h3>Kl\u00ed\u010dov\u00e9 vlastnosti a v\u00fdhody:<\/h3>\n<ol>\n<li><strong>Design inspirovan\u00fd havajskou kulturou<\/strong>:\n<ul>\n<li><strong>Tvar<\/strong> no\u017ee je inspirov\u00e1n tradi\u010dn\u00ed havajskou <strong>k\u00e1no\u00ed (wa\u02bba)<\/strong>, co\u017e symbolizuje <strong>s\u00edlu<\/strong>, <strong>odolnost<\/strong> a <strong>spo\u0159\u00e1danost<\/strong>.<\/li>\n<li><strong>Zelen\u00e1 hlin\u00edkov\u00e1 rukoje\u0165<\/strong> je <strong>texturovan\u00e1<\/strong>, co\u017e nejen zlep\u0161uje vzhled, ale poskytuje <strong>dobr\u00fd \u00fachop<\/strong> i v n\u00e1ro\u010dn\u011bj\u0161\u00edch podm\u00ednk\u00e1ch.<\/li>\n<\/ul>\n<\/li>\n<li><strong>Pokro\u010dil\u00e1 technologie Field Strip Gen II<\/strong>:\n<ul>\n<li><strong>Field Strip Gen II<\/strong> je revolu\u010dn\u00ed syst\u00e9m, kter\u00fd umo\u017e\u0148uje <strong>rychl\u00e9 a snadn\u00e9 rozebr\u00e1n\u00ed no\u017ee bez pou\u017eit\u00ed n\u00e1\u0159ad\u00ed<\/strong>. To je skv\u00e9l\u00e9 pro pravidelnou \u00fadr\u017ebu, \u010di\u0161t\u011bn\u00ed a odstran\u011bn\u00ed mastnoty nebo \u0161p\u00edny z no\u017ee.<\/li>\n<li><strong>Snadn\u00e1 demont\u00e1\u017e<\/strong>: Posunut\u00edm p\u00e1ky nahoru se n\u016f\u017e jednodu\u0161e rozebere na t\u0159i \u010d\u00e1sti a n\u00e1sledn\u011b je mo\u017en\u00e9 \u010depel snadno vy\u010distit a sestavit zp\u011bt.<\/li>\n<\/ul>\n<\/li>\n<li><strong>\u010cepel a jej\u00ed vlastnosti<\/strong>:\n<ul>\n<li><strong>D\u00e9lka \u010depele<\/strong>: 3,52&#8243; (89,28 mm) \u2013 ide\u00e1ln\u00ed pro b\u011b\u017en\u00e9 \u0159ezac\u00ed \u00fakoly.<\/li>\n<li><strong>Materi\u00e1l \u010depele<\/strong>: Ocel <strong>1.4116<\/strong> \u2013 vysoce odoln\u00e1 ocel, kter\u00e1 poskytuje <strong>dobrou retenci ost\u0159\u00ed<\/strong> a <strong>odolnost proti korozi<\/strong>.<\/li>\n<li><strong>Povrchov\u00e1 \u00faprava \u010depele<\/strong>: <strong>PVD (Physical Vapor Deposition)<\/strong> povlak je <strong>odoln\u00fd proti po\u0161kr\u00e1b\u00e1n\u00ed<\/strong> a <strong>korozi<\/strong>, co\u017e zaji\u0161\u0165uje dlouhou \u017eivotnost no\u017ee.<\/li>\n<li><strong>Tvar \u010depele<\/strong> je <strong>wharncliffe<\/strong> s upraven\u00fdm <strong>spadlou \u0161pi\u010dkou<\/strong>, kter\u00e1 umo\u017e\u0148uje <strong>vysok\u00fd \u0159ezn\u00fd v\u00fdkon<\/strong> a <strong>precizn\u00ed kontrolu<\/strong>.<\/li>\n<\/ul>\n<\/li>\n<li><strong>Mechanismus otev\u00edr\u00e1n\u00ed<\/strong>:\n<ul>\n<li><strong>IKBS\u2122 Ball Bearing Pivot System<\/strong> \u2013 <strong>kuli\u010dkov\u00e9 lo\u017eisko<\/strong> umo\u017e\u0148uje <strong>pohodln\u00e9, rychl\u00e9 a plynul\u00e9 otev\u0159en\u00ed<\/strong> no\u017ee, co\u017e znamen\u00e1 okam\u017eit\u00fd p\u0159\u00edstup k \u010depeli bez zbyte\u010dn\u00e9ho zdr\u017eov\u00e1n\u00ed.<\/li>\n<\/ul>\n<\/li>\n<li><strong>Ergonomick\u00e1 rukoje\u0165<\/strong>:\n<ul>\n<li><strong>Rukoje\u0165 z hlin\u00edku<\/strong> je <strong>lehce texturovan\u00e1<\/strong>, co\u017e poskytuje pohodln\u00fd a bezpe\u010dn\u00fd \u00fachop.<\/li>\n<li><strong>Konstrukce<\/strong> je navr\u017eena tak, aby byla <strong>robustn\u00ed a lehk\u00e1<\/strong>, co\u017e usnad\u0148uje no\u0161en\u00ed no\u017ee v kapse nebo na opasku.<\/li>\n<\/ul>\n<\/li>\n<li><strong>Kompaktn\u00ed a p\u0159enosn\u00fd design<\/strong>:\n<ul>\n<li><strong>Hmotnost<\/strong>: 4,20 unce (119,07 g) \u2013 dostate\u010dn\u011b lehk\u00fd pro ka\u017edodenn\u00ed no\u0161en\u00ed, ale dostate\u010dn\u011b robustn\u00ed pro n\u00e1ro\u010dn\u011bj\u0161\u00ed \u00fakoly.<\/li>\n<li><strong>Celkov\u00e1 d\u00e9lka<\/strong>: 8,19&#8243; (207,98 mm) \u2013 rozumn\u00e1 d\u00e9lka pro pohodln\u00e9 no\u0161en\u00ed a pou\u017eit\u00ed.<\/li>\n<li><strong>Uzav\u0159en\u00e1 d\u00e9lka<\/strong>: 4,66&#8243; (118,41 mm) \u2013 kompaktn\u00ed velikost, kter\u00e1 se snadno vejde do kapsy.<\/li>\n<\/ul>\n<\/li>\n<\/ol>\n<h3>Jak Field Strip Gen II funguje:<\/h3>\n<ol>\n<li><strong>Posunut\u00ed p\u00e1ky nahoru<\/strong> uvoln\u00ed mechanismus a umo\u017en\u00ed v\u00e1m snadno rozebrat n\u016f\u017e na t\u0159i \u010d\u00e1sti.<\/li>\n<li><strong>Vy\u010dist\u00edte jednotliv\u00e9 komponenty<\/strong>, \u010depel a rukoje\u0165, a odstran\u00edte \u0161p\u00ednu a mastnotu.<\/li>\n<li>Po \u00fadr\u017eb\u011b <strong>se vr\u00e1t\u00edte zp\u011bt<\/strong>, um\u00edst\u00edte \u010depel mezi rukojeti v zav\u0159en\u00e9 poloze a <strong>posunete p\u00e1ku dol\u016f<\/strong>, \u010d\u00edm\u017e n\u016f\u017e op\u011bt slo\u017e\u00edte.<\/li>\n<\/ol>\n<h3>Specifikace:<\/h3>\n<ul>\n<li><strong>D\u00e9lka \u010depele<\/strong>: 3,52&#8243; (89,28 mm)<\/li>\n<li><strong>Ost\u0159\u00ed \u010depele<\/strong>: Prost\u00fd<\/li>\n<li><strong>Materi\u00e1l \u010depele<\/strong>: Ocel <strong>1.4116<\/strong><\/li>\n<li><strong>Povrchov\u00e1 \u00faprava \u010depele<\/strong>: PVD<\/li>\n<li><strong>Tlou\u0161\u0165ka \u010depele<\/strong>: 0,13&#8243; (3,38 mm)<\/li>\n<li><strong>Celkov\u00e1 d\u00e9lka<\/strong>: 8,19&#8243; (207,98 mm)<\/li>\n<li><strong>Uzav\u0159en\u00e1 d\u00e9lka<\/strong>: 4,66&#8243; (118,41 mm)<\/li>\n<li><strong>Hmotnost<\/strong>: 4,20 unce (119,07 g)<\/li>\n<li><strong>Rukoje\u0165<\/strong>: <strong>Hlin\u00edk<\/strong>, texturovan\u00e1 pro lep\u0161\u00ed uchopen\u00ed<\/li>\n<li><strong>Styl<\/strong>: Skl\u00e1dac\u00ed n\u016f\u017e se z\u00e1mkem <strong>Liner Lock<\/strong> a technologi\u00ed <strong>Field Strip Gen II<\/strong><\/li>\n<\/ul>\n<h3>Shrnut\u00ed:<\/h3>\n<p><strong>Zav\u00edrac\u00ed n\u016f\u017e CRKT Bona Fide OD Green K542GKP<\/strong> je <strong>modern\u00ed a efektivn\u00ed n\u016f\u017e pro ka\u017edodenn\u00ed no\u0161en\u00ed<\/strong>, kter\u00fd spojuje <strong>funk\u010dnost<\/strong>, <strong>estetiku<\/strong> a <strong>pokro\u010dilou technologii<\/strong>. D\u00edky technologii <strong>Field Strip Gen II<\/strong> je n\u016f\u017e snadno \u00fadr\u017eovateln\u00fd a v\u017edy p\u0159ipraven\u00fd na akci. <strong>PVD povlak<\/strong> a <strong>hlin\u00edkov\u00e1 rukoje\u0165<\/strong> zaji\u0161\u0165uj\u00ed <strong>vysokou odolnost<\/strong> a <strong>dlouhou \u017eivotnost<\/strong>, zat\u00edmco <strong>IKBS\u2122<\/strong> zaji\u0161\u0165uje <strong>pohodln\u00e9 a rychl\u00e9 otev\u0159en\u00ed<\/strong>. Tento n\u016f\u017e je ide\u00e1ln\u00ed pro ty, kte\u0159\u00ed hledaj\u00ed spolehliv\u00e9ho pomocn\u00edka pro <strong>ka\u017edodenn\u00ed \u00fakoly<\/strong> i pro <strong>technologicky vysp\u011bl\u00e9 \u0159e\u0161en\u00ed \u00fadr\u017eby<\/strong>.<\/p>\n<p><iframe title=\"CRKT BONA FIDE\u2122 | Ken Onion Design\" width=\"800\" height=\"450\" src=\"https:\/\/www.youtube.com\/embed\/kFbfhD9zduE?feature=oembed\" frameborder=\"0\" allow=\"accelerometer; autoplay; clipboard-write; encrypted-media; gyroscope; picture-in-picture; web-share\" referrerpolicy=\"strict-origin-when-cross-origin\" allowfullscreen><\/iframe><\/p>\n<p>&nbsp;<\/p>\n","protected":false},"excerpt":{"rendered":"<p><strong>Zav\u00edrac\u00ed n\u016f\u017e CRKT Bona Fide OD Green K542GKP je modern\u00ed a efektivn\u00ed n\u016f\u017e pro ka\u017edodenn\u00ed no\u0161en\u00ed, kter\u00fd spojuje funk\u010dnost, estetiku a pokro\u010dilou technologii. D\u00edky technologii Field Strip Gen II je n\u016f\u017e snadno \u00fadr\u017eovateln\u00fd a v\u017edy p\u0159ipraven\u00fd na akci. PVD povlak a hlin\u00edkov\u00e1 rukoje\u0165 zaji\u0161\u0165uj\u00ed vysokou odolnost a dlouhou \u017eivotnost, zat\u00edmco IKBS\u2122 zaji\u0161\u0165uje pohodln\u00e9 a rychl\u00e9 otev\u0159en\u00ed. Tento n\u016f\u017e je ide\u00e1ln\u00ed pro ty, kte\u0159\u00ed hledaj\u00ed spolehliv\u00e9ho pomocn\u00edka pro ka\u017edodenn\u00ed \u00fakoly i pro technologicky vysp\u011bl\u00e9 \u0159e\u0161en\u00ed \u00fadr\u017eby.<\/strong><\/p>\n","protected":false},"featured_media":223795,"comment_status":"open","ping_status":"closed","template":"","meta":[],"pwb-brand":[209],"product_brand":[],"product_cat":[22,17],"product_tag":[3667],"class_list":{"0":"post-223794","1":"product","2":"type-product","3":"status-publish","4":"has-post-thumbnail","6":"pwb-brand-crkt","7":"product_cat-zaviraci-noze","8":"product_cat-noze","9":"product_tag-b2b","11":"first","12":"instock","13":"sale","14":"taxable","15":"shipping-taxable","16":"purchasable","17":"product-type-simple"},"brands":[{"id":209,"name":"CRKT","slug":"crkt"}],"_links":{"self":[{"href":"https:\/\/www.moskito.cz\/es\/wp-json\/wp\/v2\/product\/223794","targetHints":{"allow":["GET"]}}],"collection":[{"href":"https:\/\/www.moskito.cz\/es\/wp-json\/wp\/v2\/product"}],"about":[{"href":"https:\/\/www.moskito.cz\/es\/wp-json\/wp\/v2\/types\/product"}],"replies":[{"embeddable":true,"href":"https:\/\/www.moskito.cz\/es\/wp-json\/wp\/v2\/comments?post=223794"}],"wp:featuredmedia":[{"embeddable":true,"href":"https:\/\/www.moskito.cz\/es\/wp-json\/wp\/v2\/media\/223795"}],"wp:attachment":[{"href":"https:\/\/www.moskito.cz\/es\/wp-json\/wp\/v2\/media?parent=223794"}],"wp:term":[{"taxonomy":"pwb-brand","embeddable":true,"href":"https:\/\/www.moskito.cz\/es\/wp-json\/wp\/v2\/pwb-brand?post=223794"},{"taxonomy":"product_brand","embeddable":true,"href":"https:\/\/www.moskito.cz\/es\/wp-json\/wp\/v2\/product_brand?post=223794"},{"taxonomy":"product_cat","embeddable":true,"href":"https:\/\/www.moskito.cz\/es\/wp-json\/wp\/v2\/product_cat?post=223794"},{"taxonomy":"product_tag","embeddable":true,"href":"https:\/\/www.moskito.cz\/es\/wp-json\/wp\/v2\/product_tag?post=223794"}],"curies":[{"name":"wp","href":"https:\/\/api.w.org\/{rel}","templated":true}]}}