{"id":225780,"date":"2022-09-21T20:26:00","date_gmt":"2022-09-21T19:26:00","guid":{"rendered":"https:\/\/www.moskito.cz\/?post_type=product&#038;p=225780"},"modified":"2025-05-07T10:41:04","modified_gmt":"2025-05-07T09:41:04","slug":"zaviraci-nuz-kershaw-jetpack-1401","status":"publish","type":"product","link":"https:\/\/www.moskito.cz\/es\/produkt\/zaviraci-nuz-kershaw-jetpack-1401\/","title":{"rendered":"Zav\u00edrac\u00ed N\u016f\u017e Kershaw JETPACK 1401"},"content":{"rendered":"<p>Zav\u00edrac\u00ed N\u016f\u017e <strong>Kershaw<\/strong> JETPACK 1401.<\/p>\n<p>Jedine\u010dn\u00fd hranat\u00fd Jetpack se dost\u00e1v\u00e1 do \u0159ady Kershaw \u0159adou funkc\u00ed. Tato slo\u017eka se z\u00e1mkem liner je vysoce \u00fa\u010dinn\u00e1 p\u0159i propichov\u00e1n\u00ed \u0159ez\u016f pomoc\u00ed \u010depele tanto. Dokon\u010dete ka\u017edodenn\u00ed pracovn\u00ed \u00fakoly efektivn\u011b d\u00edky ergonomick\u00e9 rukojeti. Nylonov\u00e1 vrstva pln\u011bn\u00e1 sklem dod\u00e1v\u00e1 ocelov\u00e9 rukojeti jedine\u010dn\u00fd vzhled. Tento n\u016f\u017e Starter Series je vylep\u0161en o \u010depel z oceli 8Cr13MoV pro del\u0161\u00ed ost\u0159\u00ed. Pokud jde o mo\u017enosti pracovn\u00edch \u00fakol\u016f, s Jetpackem je limitem nebe.<\/p>\n<p>Vzru\u0161uj\u00edc\u00ed design Starter Series; nylonov\u00e1 vrstva pln\u011bn\u00e1 sklem pro v\u011bt\u0161\u00ed tlou\u0161\u0165ku<br \/>\nOtev\u00edr\u00e1 se rychle a snadno pomoc\u00ed asistovan\u00e9ho otev\u00edr\u00e1n\u00ed a vestav\u011bn\u00e9ho flipperu<br \/>\nOcel \u010depele 8Cr13MoV nab\u00edz\u00ed dobrou odolnost proti korozi, vysokou pevnost; Stonewashed povrch pom\u00e1h\u00e1 skr\u00fdt \u0161kr\u00e1bance od pou\u017e\u00edv\u00e1n\u00ed<br \/>\nOboustrann\u00e1 kapesn\u00ed spona pro lev\u00e9\/prav\u00e9 no\u0161en\u00ed; otvor pro \u0161\u0148\u016frku<\/p>\n<p>Pou\u017e\u00edvejte ka\u017ed\u00fd den, pracujte<br \/>\nTyp Assisted, Folder<br \/>\nStylov\u00fd kapesn\u00ed n\u016f\u017e<br \/>\nDesigner Kershaw Originals<br \/>\nStyl \u010depele americk\u00e9 tanto<br \/>\nBlade Edge Plain<br \/>\nAsistovan\u00e1 akce p\u0159i otev\u00edr\u00e1n\u00ed<br \/>\nOtev\u00edr\u00e1 pomoc\u00ed Flipper<br \/>\nTyp z\u00e1mku Liner lock<br \/>\nKapesn\u00ed spona Oboustrann\u00e9 hlubok\u00e9 no\u0161en\u00ed (prav\u00e1\/lev\u00e1, skl\u00e1p\u011bc\u00ed)<br \/>\nBarva rukojeti st\u0159\u00edbrn\u00e1 a \u010dern\u00e1<br \/>\nHardware Vlastn\u00ed backspacer<br \/>\nZem\u011b p\u016fvodu USA: Design, Prototyp, Kontrola kvality. \u010c\u00edna: V\u00fdroba<br \/>\nZ\u00e1ruka Omezen\u00e1 do\u017eivotn\u00ed z\u00e1ruka<\/p>\n<p>D\u00e9lka \u010depele 2,75 palce (7 cm)<br \/>\nMateri\u00e1l \u010depele 8Cr13MoV<br \/>\nPovrchov\u00e1 \u00faprava \u010depele\/ potah Povrchov\u00e1 \u00faprava Stonewash<br \/>\nTlou\u0161\u0165ka \u010depele 0,11 palce (2,79 palce)<br \/>\nD\u00e9lka v zav\u0159en\u00e9m stavu 3,75 palce (9,5 mm)<br \/>\nMateri\u00e1l rukojeti Nerezov\u00e1 ocel, nylonov\u00e1 vrstva pln\u011bn\u00e1 sklem<br \/>\nPovrchov\u00e1 \u00faprava rukojeti\/ potah Kamenn\u00e1 \u00faprava<br \/>\nTlou\u0161\u0165ka rukojeti 0,51 palce (12,95 mm)<br \/>\nCelkov\u00e1 d\u00e9lka 6,5 \u200b\u200bpalce (16,5 cm)<br \/>\nHmotnost 2,9 oz. (82 g)<\/p>\n<p>&nbsp;<\/p>\n<p>&nbsp;<\/p>\n<p><iframe title=\"Kershaw Jetpack - Model 1401\" width=\"800\" height=\"450\" src=\"https:\/\/www.youtube.com\/embed\/n__gDkyFNWs?feature=oembed\" frameborder=\"0\" allow=\"accelerometer; autoplay; clipboard-write; encrypted-media; gyroscope; picture-in-picture\" allowfullscreen><\/iframe><\/p>\n<p>&nbsp;<\/p>\n","protected":false},"excerpt":{"rendered":"<p>Zakladatel spole\u010dnosti Kershaw, Pete Kershaw, v\u011bd\u011bl, jak je d\u016fle\u017eit\u00e1 zaru\u010den\u00e1 kvalita. Koncem roku 1974 se rozhodl zalo\u017eit vlastn\u00ed no\u017e\u00ed\u0159skou spole\u010dnost v cement\u00e1rn\u011b v Lake Oswego v Oregonu.<\/p>\n<p>V Japonsku se gener\u00e1ln\u00ed \u0159editel Kai Koji Endo domn\u00edval, \u017ee Kershaw m\u00e1 je\u0161t\u011b v\u011bt\u0161\u00ed potenci\u00e1l k r\u016fstu. V roce 1996 Endo investoval do americk\u00e9ho v\u00fdrobn\u00edho z\u00e1vodu na z\u00e1kladn\u011b Kai USA ve Wilsonville. V\u011b\u0159il, \u017ee to Kershawovi pom\u016f\u017ee dos\u00e1hnout pln\u00e9ho potenci\u00e1lu. A brzy Kai USA najal nov\u00fd produk\u010dn\u00ed t\u00fdm pro tuto pr\u00e1ci.<\/p>\n","protected":false},"featured_media":225781,"comment_status":"open","ping_status":"closed","template":"","meta":[],"pwb-brand":[385],"product_brand":[],"product_cat":[22,17],"product_tag":[],"class_list":{"0":"post-225780","1":"product","2":"type-product","3":"status-publish","4":"has-post-thumbnail","6":"pwb-brand-kershaw","7":"product_cat-zaviraci-noze","8":"product_cat-noze","10":"first","11":"instock","12":"taxable","13":"shipping-taxable","14":"purchasable","15":"product-type-simple"},"brands":[{"id":385,"name":"Kershaw","slug":"kershaw"}],"_links":{"self":[{"href":"https:\/\/www.moskito.cz\/es\/wp-json\/wp\/v2\/product\/225780","targetHints":{"allow":["GET"]}}],"collection":[{"href":"https:\/\/www.moskito.cz\/es\/wp-json\/wp\/v2\/product"}],"about":[{"href":"https:\/\/www.moskito.cz\/es\/wp-json\/wp\/v2\/types\/product"}],"replies":[{"embeddable":true,"href":"https:\/\/www.moskito.cz\/es\/wp-json\/wp\/v2\/comments?post=225780"}],"wp:featuredmedia":[{"embeddable":true,"href":"https:\/\/www.moskito.cz\/es\/wp-json\/wp\/v2\/media\/225781"}],"wp:attachment":[{"href":"https:\/\/www.moskito.cz\/es\/wp-json\/wp\/v2\/media?parent=225780"}],"wp:term":[{"taxonomy":"pwb-brand","embeddable":true,"href":"https:\/\/www.moskito.cz\/es\/wp-json\/wp\/v2\/pwb-brand?post=225780"},{"taxonomy":"product_brand","embeddable":true,"href":"https:\/\/www.moskito.cz\/es\/wp-json\/wp\/v2\/product_brand?post=225780"},{"taxonomy":"product_cat","embeddable":true,"href":"https:\/\/www.moskito.cz\/es\/wp-json\/wp\/v2\/product_cat?post=225780"},{"taxonomy":"product_tag","embeddable":true,"href":"https:\/\/www.moskito.cz\/es\/wp-json\/wp\/v2\/product_tag?post=225780"}],"curies":[{"name":"wp","href":"https:\/\/api.w.org\/{rel}","templated":true}]}}