{"id":225881,"date":"2022-09-22T21:43:52","date_gmt":"2022-09-22T20:43:52","guid":{"rendered":"https:\/\/www.moskito.cz\/?post_type=product&#038;p=225881"},"modified":"2025-05-07T10:41:05","modified_gmt":"2025-05-07T09:41:05","slug":"zaviraci-nuz-extrema-ratio-mf0-t-desert-warfare","status":"publish","type":"product","link":"https:\/\/www.moskito.cz\/es\/produkt\/zaviraci-nuz-extrema-ratio-mf0-t-desert-warfare\/","title":{"rendered":"Zav\u00edrac\u00ed N\u016f\u017e Extrema Ratio MF0 T DESERT WARFARE"},"content":{"rendered":"<p>Zav\u00edrac\u00ed N\u016f\u017e <strong>Extrema Ratio<\/strong> MF0 T DESERT WARFARE.<\/p>\n<p>MF je zkratka pro Medium Folder: produktov\u00e1 \u0159ada, kter\u00e1 se umis\u0165uje mezi \u0159ady BF (Basic Folder) a Heavy Folder. No\u017ee MF vyu\u017e\u00edvaj\u00ed mechanismus LINER-LOCK a vyzna\u010duj\u00ed se svou robustnost\u00ed; v\u0161echny jsou vybaveny rozb\u00edje\u010dem skla. Inovativn\u00ed p\u0159\u00eddavn\u00fd \u0161roub lze odblokovat, aby bylo mo\u017en\u00e9 doladit hlavn\u00ed \u0161roub a upravit rychlost otev\u00edr\u00e1n\u00ed podle chuti. Polokulov\u00e9 fr\u00e9zovac\u00ed zna\u010dky na rukojet\u00edch usnad\u0148uj\u00ed p\u0159echod z \u0161avle na obr\u00e1cen\u00fd \u00fachop. Klipy jsou reverzibiln\u00ed. Model MF0 je \u201eten mal\u00fd\u201c mezi no\u017ei MF \u2013 v podstat\u011b kompaktn\u00ed verze MF1. Zachov\u00e1v\u00e1 si v\u0161echny vlastnosti MF1, ale m\u00e1 zmen\u0161enou rukoje\u0165 a zkr\u00e1cenou \u010depel, podobn\u011b jako n\u00e1\u0161 \u201ez\u00e1lo\u017en\u00ed\u201c n\u016f\u017e SHRAPNEL. Dostupn\u00e9 verze: MF0 BLACK, MF0 BLACK RUVIDO, MF0 DESERT WARFARE.<\/p>\n<p>HMOTNOST G: 139<br \/>\nHMOTNOST UNCE: 4,9<br \/>\nD\u00c9LKA \u010cEPELE (MM): 68<br \/>\nD\u00c9LKA \u010cEPELE (PALCE): 2,7<br \/>\nCELKOV\u00c1 D\u00c9LKA (MM): 181<br \/>\nCELKOV\u00c1 D\u00c9LKA (PALCE): 7,1<br \/>\nTLOU\u0160\u0164KA \u010cEPELE (MM): 4<br \/>\nTLOU\u0160\u0164KA \u010cEPELE (PALCE): 0,16<br \/>\nMATERI\u00c1L \u010cEPELE: B\u00d6HLER N690 STEEL (58HRC)<br \/>\nPOVRCHOV\u00c1 \u00daPRAVA \u010cEPELE: DESERT WARFARE<br \/>\nHLAVN\u00cd M\u0158\u00cd\u017dKA: PLOCH\u00c1<br \/>\nMATERI\u00c1L RUKOJETI: ANTIKOROD\u00c1LN\u00cd ELOXOVAN\u00dd HLIN\u00cdK<\/p>\n","protected":false},"excerpt":{"rendered":"<p>Spole\u010dnost\u00a0<strong>Extrema Ratio<\/strong>\u00a0se s\u00eddlem v italsk\u00e9m Pratu navrhuje a vyr\u00e1b\u00ed vysoce v\u00fdkonn\u00e9 bojov\u00e9, vojensk\u00e9, kuchy\u0148sk\u00e9, loveck\u00e9 a taktick\u00e9 no\u017ee od roku 1997 a m\u00e1 pov\u011bst vynikaj\u00edc\u00ed kvality, kter\u00e1 je v oboru vojensk\u00fdch a taktick\u00fdch no\u017e\u016f nep\u0159ekonateln\u00e1.\u00a0<strong>Doprava zdarma.<\/strong><\/p>\n<p>&nbsp;<\/p>\n","protected":false},"featured_media":225882,"comment_status":"open","ping_status":"closed","template":"","meta":[],"pwb-brand":[267],"product_brand":[],"product_cat":[22,17],"product_tag":[3667],"class_list":{"0":"post-225881","1":"product","2":"type-product","3":"status-publish","4":"has-post-thumbnail","6":"pwb-brand-extrema-ratio","7":"product_cat-zaviraci-noze","8":"product_cat-noze","9":"product_tag-b2b","11":"first","12":"instock","13":"taxable","14":"shipping-taxable","15":"purchasable","16":"product-type-simple"},"brands":[{"id":267,"name":"Extrema Ratio","slug":"extrema-ratio"}],"_links":{"self":[{"href":"https:\/\/www.moskito.cz\/es\/wp-json\/wp\/v2\/product\/225881","targetHints":{"allow":["GET"]}}],"collection":[{"href":"https:\/\/www.moskito.cz\/es\/wp-json\/wp\/v2\/product"}],"about":[{"href":"https:\/\/www.moskito.cz\/es\/wp-json\/wp\/v2\/types\/product"}],"replies":[{"embeddable":true,"href":"https:\/\/www.moskito.cz\/es\/wp-json\/wp\/v2\/comments?post=225881"}],"wp:featuredmedia":[{"embeddable":true,"href":"https:\/\/www.moskito.cz\/es\/wp-json\/wp\/v2\/media\/225882"}],"wp:attachment":[{"href":"https:\/\/www.moskito.cz\/es\/wp-json\/wp\/v2\/media?parent=225881"}],"wp:term":[{"taxonomy":"pwb-brand","embeddable":true,"href":"https:\/\/www.moskito.cz\/es\/wp-json\/wp\/v2\/pwb-brand?post=225881"},{"taxonomy":"product_brand","embeddable":true,"href":"https:\/\/www.moskito.cz\/es\/wp-json\/wp\/v2\/product_brand?post=225881"},{"taxonomy":"product_cat","embeddable":true,"href":"https:\/\/www.moskito.cz\/es\/wp-json\/wp\/v2\/product_cat?post=225881"},{"taxonomy":"product_tag","embeddable":true,"href":"https:\/\/www.moskito.cz\/es\/wp-json\/wp\/v2\/product_tag?post=225881"}],"curies":[{"name":"wp","href":"https:\/\/api.w.org\/{rel}","templated":true}]}}