{"id":227358,"date":"2022-10-06T21:58:27","date_gmt":"2022-10-06T20:58:27","guid":{"rendered":"https:\/\/www.moskito.cz\/?post_type=product&#038;p=227358"},"modified":"2025-05-07T10:41:53","modified_gmt":"2025-05-07T09:41:53","slug":"pevny-nuz-extrema-ratio-fulcrum-c-desert-warfare","status":"publish","type":"product","link":"https:\/\/www.moskito.cz\/es\/produkt\/pevny-nuz-extrema-ratio-fulcrum-c-desert-warfare\/","title":{"rendered":"Pevn\u00fd N\u016f\u017e Extrema Ratio FULCRUM C DESERT WARFARE"},"content":{"rendered":"<p>Pevn\u00fd N\u016f\u017e <strong>Extrema Ratio<\/strong> FULCRUM C DESERT WARFARE<\/p>\n<p>FULCRUM C je kompaktn\u00ed verze FULCRUM, kter\u00e1 se vyrovn\u00e1 v robustnosti a robustnosti. Jeho zmen\u0161en\u00e1 \u010depel (d\u00e9lka pouze 4\u2033 1\/3) a rukoje\u0165 umo\u017e\u0148uj\u00ed pohodln\u00e9 no\u0161en\u00ed a snadn\u00e9 skryt\u00ed. P\u0159ilo\u017een\u00e9 tvrd\u00e9 pouzdro lze nosit svisle, vodorovn\u011b nebo \u0161ikmo (v \u00fahlu 45\u00b0) a je vybaveno jedn\u00edm automatick\u00fdm tlakem aktivovan\u00fdm bezpe\u010dnostn\u00edm z\u00e1mkem pro rychl\u00e9 a snadn\u011bj\u0161\u00ed kreslen\u00ed a navl\u00e9k\u00e1n\u00ed. To d\u011bl\u00e1 z FULCRUM C intuitivn\u00ed n\u016f\u017e s rychl\u00fdm pou\u017eit\u00edm, kter\u00fd se ide\u00e1ln\u011b hod\u00ed pro nouzov\u00e9 situace nebo sebeobranu. P\u016fvodn\u00ed verze FULCRUM C je dod\u00e1v\u00e1na s 3,9palcovou kompaktn\u00ed rukojet\u00ed, verze Full Handle p\u0159ich\u00e1z\u00ed s pohodln\u011bj\u0161\u00ed 5palcovou rukojet\u00ed. Dostupn\u00e9 verze: FULCRUM C BLACK, FULCRUM C DESERT WARFARE, FULCRUM C FH BLACK, FULCRUM C FH DESERT WARFARE.<\/p>\n<p>HMOTNOST G: 226<br \/>\nHMOTNOST UNCE: 8<br \/>\nD\u00c9LKA \u010cEPELE (MM): 110<br \/>\nD\u00c9LKA \u010cEPELE (PALCE): 4,3<br \/>\nCELKOV\u00c1 D\u00c9LKA (MM): 214<br \/>\nCELKOV\u00c1 D\u00c9LKA (PALCE): 8,4<br \/>\nTLOU\u0160\u0164KA \u010cEPELE (MM): 6,3<br \/>\nTLOU\u0160\u0164KA \u010cEPELE (PALCE): 0,25<br \/>\nMATERI\u00c1L \u010cEPELE: B\u00d6HLER N690 STEEL (58HRC)<br \/>\nPOVRCHOV\u00c1 \u00daPRAVA \u010cEPELE: DESERT WARFARE<br \/>\nHLAVN\u00cd M\u0158\u00cd\u017dKA: PLOCH\u00c1<br \/>\n\u010c\u00c1STE\u010cN\u00c9 ZUBY (MM): 40<br \/>\n\u010c\u00c1STE\u010cN\u00c9 ZUBY (IN): 1,6<br \/>\nMATERI\u00c1L RUKOJETI: FORPRENE<\/p>\n","protected":false},"excerpt":{"rendered":"<p>Spole\u010dnost Extrema Ratio se s\u00eddlem v italsk\u00e9m Pratu navrhuje a vyr\u00e1b\u00ed vysoce v\u00fdkonn\u00e9 bojov\u00e9, vojensk\u00e9, kuchy\u0148sk\u00e9, loveck\u00e9 a taktick\u00e9 no\u017ee od roku 1997 a m\u00e1 pov\u011bst vynikaj\u00edc\u00ed kvality, kter\u00e1 je v oboru vojensk\u00fdch a taktick\u00fdch no\u017e\u016f nep\u0159ekonateln\u00e1. <strong>Doprava zdarma.<\/strong><\/p>\n","protected":false},"featured_media":227359,"comment_status":"open","ping_status":"closed","template":"","meta":[],"pwb-brand":[267],"product_brand":[],"product_cat":[23,17],"product_tag":[3667],"class_list":{"0":"post-227358","1":"product","2":"type-product","3":"status-publish","4":"has-post-thumbnail","6":"pwb-brand-extrema-ratio","7":"product_cat-pevne-noze","8":"product_cat-noze","9":"product_tag-b2b","11":"first","12":"instock","13":"taxable","14":"shipping-taxable","15":"purchasable","16":"product-type-simple"},"brands":[{"id":267,"name":"Extrema Ratio","slug":"extrema-ratio"}],"_links":{"self":[{"href":"https:\/\/www.moskito.cz\/es\/wp-json\/wp\/v2\/product\/227358","targetHints":{"allow":["GET"]}}],"collection":[{"href":"https:\/\/www.moskito.cz\/es\/wp-json\/wp\/v2\/product"}],"about":[{"href":"https:\/\/www.moskito.cz\/es\/wp-json\/wp\/v2\/types\/product"}],"replies":[{"embeddable":true,"href":"https:\/\/www.moskito.cz\/es\/wp-json\/wp\/v2\/comments?post=227358"}],"wp:featuredmedia":[{"embeddable":true,"href":"https:\/\/www.moskito.cz\/es\/wp-json\/wp\/v2\/media\/227359"}],"wp:attachment":[{"href":"https:\/\/www.moskito.cz\/es\/wp-json\/wp\/v2\/media?parent=227358"}],"wp:term":[{"taxonomy":"pwb-brand","embeddable":true,"href":"https:\/\/www.moskito.cz\/es\/wp-json\/wp\/v2\/pwb-brand?post=227358"},{"taxonomy":"product_brand","embeddable":true,"href":"https:\/\/www.moskito.cz\/es\/wp-json\/wp\/v2\/product_brand?post=227358"},{"taxonomy":"product_cat","embeddable":true,"href":"https:\/\/www.moskito.cz\/es\/wp-json\/wp\/v2\/product_cat?post=227358"},{"taxonomy":"product_tag","embeddable":true,"href":"https:\/\/www.moskito.cz\/es\/wp-json\/wp\/v2\/product_tag?post=227358"}],"curies":[{"name":"wp","href":"https:\/\/api.w.org\/{rel}","templated":true}]}}