{"id":227844,"date":"2022-10-10T21:00:43","date_gmt":"2022-10-10T20:00:43","guid":{"rendered":"https:\/\/www.moskito.cz\/?post_type=product&#038;p=227844"},"modified":"2025-05-07T10:42:10","modified_gmt":"2025-05-07T09:42:10","slug":"microtech-baseballove-unisexove-tricko-blood-iron-s-vystrihem-vel-m","status":"publish","type":"product","link":"https:\/\/www.moskito.cz\/es\/produkt\/microtech-baseballove-unisexove-tricko-blood-iron-s-vystrihem-vel-m\/","title":{"rendered":"MICROTECH BASEBALLOV\u00c9 UNISEXOV\u00c9 TRI\u010cKO BLOOD &#038; IRON S V\u00ddST\u0158IHEM vel. M"},"content":{"rendered":"<p>MICROTECH BASEBALLOV\u00c9 UNISEXOV\u00c9 TRI\u010cKO BLOOD &amp; IRON S V\u00ddST\u0158IHEM velikost M.<\/p>\n<p>Toto baseballov\u00e9 tri\u010dko vyroben\u00e9 v USA je vybaveno na\u0161\u00ed charakteristickou grafikou Blood &amp; Iron.<\/p>\n<p>St\u0159ih: slim fit<\/p>\n<p>Velikost men\u0161\u00ed.<\/p>\n<p>50% Polyester 37% \u010cesan\u00e1 Ring Spun Bavlna 13% Rayon<br \/>\nUnisex Triblend Raglan Burnout Wash Baseballov\u00e9 tri\u010dko<br \/>\nUSA Made<\/p>\n<p><iframe title=\"Microtech Combat Troodon Torture Test\" width=\"800\" height=\"450\" src=\"https:\/\/www.youtube.com\/embed\/xE9TeOFYEjg?feature=oembed\" frameborder=\"0\" allow=\"accelerometer; autoplay; clipboard-write; encrypted-media; gyroscope; picture-in-picture; web-share\" allowfullscreen><\/iframe><\/p>\n<p>&nbsp;<\/p>\n","protected":false},"excerpt":{"rendered":"<p>Velikost M. Slim fit.<\/p>\n","protected":false},"featured_media":227845,"comment_status":"open","ping_status":"closed","template":"","meta":[],"pwb-brand":[431],"product_brand":[],"product_cat":[2019,17],"product_tag":[3667],"class_list":{"0":"post-227844","1":"product","2":"type-product","3":"status-publish","4":"has-post-thumbnail","6":"pwb-brand-microtech","7":"product_cat-vystrelovaci-noze","8":"product_cat-noze","9":"product_tag-b2b","11":"first","12":"instock","13":"taxable","14":"shipping-taxable","15":"purchasable","16":"product-type-simple"},"brands":[{"id":431,"name":"Microtech","slug":"microtech"}],"_links":{"self":[{"href":"https:\/\/www.moskito.cz\/es\/wp-json\/wp\/v2\/product\/227844","targetHints":{"allow":["GET"]}}],"collection":[{"href":"https:\/\/www.moskito.cz\/es\/wp-json\/wp\/v2\/product"}],"about":[{"href":"https:\/\/www.moskito.cz\/es\/wp-json\/wp\/v2\/types\/product"}],"replies":[{"embeddable":true,"href":"https:\/\/www.moskito.cz\/es\/wp-json\/wp\/v2\/comments?post=227844"}],"wp:featuredmedia":[{"embeddable":true,"href":"https:\/\/www.moskito.cz\/es\/wp-json\/wp\/v2\/media\/227845"}],"wp:attachment":[{"href":"https:\/\/www.moskito.cz\/es\/wp-json\/wp\/v2\/media?parent=227844"}],"wp:term":[{"taxonomy":"pwb-brand","embeddable":true,"href":"https:\/\/www.moskito.cz\/es\/wp-json\/wp\/v2\/pwb-brand?post=227844"},{"taxonomy":"product_brand","embeddable":true,"href":"https:\/\/www.moskito.cz\/es\/wp-json\/wp\/v2\/product_brand?post=227844"},{"taxonomy":"product_cat","embeddable":true,"href":"https:\/\/www.moskito.cz\/es\/wp-json\/wp\/v2\/product_cat?post=227844"},{"taxonomy":"product_tag","embeddable":true,"href":"https:\/\/www.moskito.cz\/es\/wp-json\/wp\/v2\/product_tag?post=227844"}],"curies":[{"name":"wp","href":"https:\/\/api.w.org\/{rel}","templated":true}]}}