{"id":227865,"date":"2022-10-10T21:41:35","date_gmt":"2022-10-10T20:41:35","guid":{"rendered":"https:\/\/www.moskito.cz\/?post_type=product&#038;p=227865"},"modified":"2025-05-07T10:42:11","modified_gmt":"2025-05-07T09:42:11","slug":"microtech-tricko-king-card-ss-crew-unisex-vel-l","status":"publish","type":"product","link":"https:\/\/www.moskito.cz\/es\/produkt\/microtech-tricko-king-card-ss-crew-unisex-vel-l\/","title":{"rendered":"MICROTECH TRI\u010cKO King Card SS Crew Unisex vel. L"},"content":{"rendered":"<p><strong>MICROTECH<\/strong> TRI\u010cKO King Card SS Crew Unisex vel. L<\/p>\n<p>Toto unisex tri\u010dko ze sm\u011bsi bavlny, nab\u00edzen\u00e9 v tmav\u011b \u0161ed\u00e9 v\u0159esov\u011b \u0161ed\u00e9, m\u00e1 na\u0161i zv\u011btralou origin\u00e1ln\u00ed grafiku King Card.<\/p>\n<p>60% \u010desan\u00e1 ring-spun bavlna, 40% polyester<\/p>\n<p>Unisex kr\u00e1tk\u00fd ruk\u00e1v s v\u00fdst\u0159ihem<\/p>\n<p><iframe title=\"Microtech Combat Troodon Torture Test\" width=\"800\" height=\"450\" src=\"https:\/\/www.youtube.com\/embed\/xE9TeOFYEjg?feature=oembed\" frameborder=\"0\" allow=\"accelerometer; autoplay; clipboard-write; encrypted-media; gyroscope; picture-in-picture; web-share\" allowfullscreen><\/iframe><\/p>\n<p>&nbsp;<\/p>\n<p>&nbsp;<\/p>\n","protected":false},"excerpt":{"rendered":"<p><strong>Velikost L.<\/strong><\/p>\n","protected":false},"featured_media":227866,"comment_status":"open","ping_status":"closed","template":"","meta":[],"pwb-brand":[431],"product_brand":[],"product_cat":[2019,17],"product_tag":[3667],"class_list":{"0":"post-227865","1":"product","2":"type-product","3":"status-publish","4":"has-post-thumbnail","6":"pwb-brand-microtech","7":"product_cat-vystrelovaci-noze","8":"product_cat-noze","9":"product_tag-b2b","11":"first","12":"outofstock","13":"taxable","14":"shipping-taxable","15":"purchasable","16":"product-type-simple"},"brands":[{"id":431,"name":"Microtech","slug":"microtech"}],"_links":{"self":[{"href":"https:\/\/www.moskito.cz\/es\/wp-json\/wp\/v2\/product\/227865","targetHints":{"allow":["GET"]}}],"collection":[{"href":"https:\/\/www.moskito.cz\/es\/wp-json\/wp\/v2\/product"}],"about":[{"href":"https:\/\/www.moskito.cz\/es\/wp-json\/wp\/v2\/types\/product"}],"replies":[{"embeddable":true,"href":"https:\/\/www.moskito.cz\/es\/wp-json\/wp\/v2\/comments?post=227865"}],"wp:featuredmedia":[{"embeddable":true,"href":"https:\/\/www.moskito.cz\/es\/wp-json\/wp\/v2\/media\/227866"}],"wp:attachment":[{"href":"https:\/\/www.moskito.cz\/es\/wp-json\/wp\/v2\/media?parent=227865"}],"wp:term":[{"taxonomy":"pwb-brand","embeddable":true,"href":"https:\/\/www.moskito.cz\/es\/wp-json\/wp\/v2\/pwb-brand?post=227865"},{"taxonomy":"product_brand","embeddable":true,"href":"https:\/\/www.moskito.cz\/es\/wp-json\/wp\/v2\/product_brand?post=227865"},{"taxonomy":"product_cat","embeddable":true,"href":"https:\/\/www.moskito.cz\/es\/wp-json\/wp\/v2\/product_cat?post=227865"},{"taxonomy":"product_tag","embeddable":true,"href":"https:\/\/www.moskito.cz\/es\/wp-json\/wp\/v2\/product_tag?post=227865"}],"curies":[{"name":"wp","href":"https:\/\/api.w.org\/{rel}","templated":true}]}}