{"id":228572,"date":"2022-10-21T19:36:18","date_gmt":"2022-10-21T18:36:18","guid":{"rendered":"https:\/\/www.moskito.cz\/?post_type=product&#038;p=228572"},"modified":"2025-05-07T10:42:48","modified_gmt":"2025-05-07T09:42:48","slug":"vystrelovaci-nuz-heretic-knives-wraith-auto-h000-6a-orcf","status":"publish","type":"product","link":"https:\/\/www.moskito.cz\/es\/produkt\/vystrelovaci-nuz-heretic-knives-wraith-auto-h000-6a-orcf\/","title":{"rendered":"Vyst\u0159elovac\u00ed N\u016f\u017e Heretic Knives Wraith Auto H000-6A-ORCF"},"content":{"rendered":"<p>Vyst\u0159elovac\u00ed N\u016f\u017e <strong>Heretic Knives<\/strong> Wraith Auto H000-6A-ORCF.<\/p>\n<p>Wraith Auto je velmi v\u0161estrann\u00fd n\u016f\u017e s integr\u00e1ln\u00edm hlavn\u00edm \u0161asi z jednoho kusu a samostatn\u00fdm dr\u017e\u00e1kem pro um\u00edst\u011bn\u00ed automatick\u00e9ho mechanismu. Kombinace v automatu skute\u010dn\u011b odli\u0161uj\u00ed tento n\u016f\u017e od ostatn\u00edch. Tento n\u016f\u017e m\u00e1 \u010depel DLC, oran\u017eovou rukoje\u0165 z uhl\u00edkov\u00fdch vl\u00e1ken Camo, oto\u010dn\u00fd l\u00edmec DLC, sponu a hardware.<\/p>\n<p>Celkov\u00e1 d\u00e9lka: 21.5 cm<br \/>\n\u010cepel: 9 cm Elmax, DLC, Drop-Point<br \/>\nRukoje\u0165: oran\u017eov\u00e9 Camo Carbon Fiber<br \/>\nV\u00fdztuha\/oto\u010dn\u00fd l\u00edmec: Black DLC<br \/>\nKlip\/Hardware: Black DLC<br \/>\nOtv\u00edr\u00e1k: Automatick\u00e9 tla\u010d\u00edtko (zapu\u0161t\u011bn\u00e9)<br \/>\nKlip: DLC Titanium, Tip-Up<br \/>\nVyrobeno v USA<br \/>\nModel: H000-6A-ORCF<\/p>\n<p><iframe title=\"Heretic Shop Video\" width=\"800\" height=\"450\" src=\"https:\/\/www.youtube.com\/embed\/7qUL5q7Cvgo?feature=oembed\" frameborder=\"0\" allow=\"accelerometer; autoplay; clipboard-write; encrypted-media; gyroscope; picture-in-picture; web-share\" referrerpolicy=\"strict-origin-when-cross-origin\" allowfullscreen><\/iframe><\/p>\n<p>&nbsp;<\/p>\n","protected":false},"excerpt":{"rendered":"<p>V\u0161echny na\u0161e no\u017ee jsou vyrobeny v USA a my to tak zachov\u00e1me. Kdy\u017e si koup\u00edte n\u011bkter\u00fd z na\u0161ich no\u017e\u016f, m\u016f\u017eete m\u00edt d\u016fv\u011bru ve sv\u016fj n\u00e1stroj s v\u011bdom\u00edm, \u017ee je podporov\u00e1n americkou spole\u010dnost\u00ed. Na\u0161e no\u017ee jsou vyr\u00e1b\u011bny v mal\u00fdch s\u00e9ri\u00edch, abychom zajistili, \u017ee dostanete kvalitn\u00ed n\u016f\u017e, kter\u00e9mu se nev\u011bnuje pozornost, kterou jin\u00e9 s\u00e9riov\u011b vyr\u00e1b\u011bn\u00e9 no\u017ee nedost\u00e1vaj\u00ed.<\/p>\n<p>Doprava zdarma.<\/p>\n","protected":false},"featured_media":228574,"comment_status":"open","ping_status":"closed","template":"","meta":[],"pwb-brand":[318],"product_brand":[],"product_cat":[2019,17],"product_tag":[],"class_list":{"0":"post-228572","1":"product","2":"type-product","3":"status-publish","4":"has-post-thumbnail","6":"pwb-brand-heretic-knives","7":"product_cat-vystrelovaci-noze","8":"product_cat-noze","10":"first","11":"outofstock","12":"taxable","13":"shipping-taxable","14":"purchasable","15":"product-type-simple"},"brands":[{"id":318,"name":"Heretic Knives","slug":"heretic-knives"}],"_links":{"self":[{"href":"https:\/\/www.moskito.cz\/es\/wp-json\/wp\/v2\/product\/228572","targetHints":{"allow":["GET"]}}],"collection":[{"href":"https:\/\/www.moskito.cz\/es\/wp-json\/wp\/v2\/product"}],"about":[{"href":"https:\/\/www.moskito.cz\/es\/wp-json\/wp\/v2\/types\/product"}],"replies":[{"embeddable":true,"href":"https:\/\/www.moskito.cz\/es\/wp-json\/wp\/v2\/comments?post=228572"}],"wp:featuredmedia":[{"embeddable":true,"href":"https:\/\/www.moskito.cz\/es\/wp-json\/wp\/v2\/media\/228574"}],"wp:attachment":[{"href":"https:\/\/www.moskito.cz\/es\/wp-json\/wp\/v2\/media?parent=228572"}],"wp:term":[{"taxonomy":"pwb-brand","embeddable":true,"href":"https:\/\/www.moskito.cz\/es\/wp-json\/wp\/v2\/pwb-brand?post=228572"},{"taxonomy":"product_brand","embeddable":true,"href":"https:\/\/www.moskito.cz\/es\/wp-json\/wp\/v2\/product_brand?post=228572"},{"taxonomy":"product_cat","embeddable":true,"href":"https:\/\/www.moskito.cz\/es\/wp-json\/wp\/v2\/product_cat?post=228572"},{"taxonomy":"product_tag","embeddable":true,"href":"https:\/\/www.moskito.cz\/es\/wp-json\/wp\/v2\/product_tag?post=228572"}],"curies":[{"name":"wp","href":"https:\/\/api.w.org\/{rel}","templated":true}]}}