{"id":229163,"date":"2022-11-01T21:29:16","date_gmt":"2022-11-01T20:29:16","guid":{"rendered":"https:\/\/www.moskito.cz\/?post_type=product&#038;p=229163"},"modified":"2025-05-28T11:40:24","modified_gmt":"2025-05-28T10:40:24","slug":"pevny-nuz-cold-steel-3v-pendleton-mini-hunter","status":"publish","type":"product","link":"https:\/\/www.moskito.cz\/es\/produkt\/pevny-nuz-cold-steel-3v-pendleton-mini-hunter\/","title":{"rendered":"Pevn\u00fd N\u016f\u017e Cold Steel 3V Pendleton Mini Hunter"},"content":{"rendered":"<p>Pevn\u00fd N\u016f\u017e <strong>Cold Steel<\/strong> 3V Pendleton Mini Hunter.<\/p>\n<p>3V Pendleton Mini Hunter je mal\u00fd loveck\u00fd n\u016f\u017e s hladk\u00fdm ost\u0159\u00edm. COLD STEEL vyr\u00e1b\u00ed Pendlton Huntery podle p\u0159edlohy no\u017e\u016f zn\u00e1m\u00e9ho americk\u00e9ho no\u017e\u00ed\u0159e Lloyd Pendletona, kter\u00fd s firmou \u00fazce spolupracuje a pod\u00edl\u00ed se na v\u00fdvoji s\u00e9riov\u011b vyr\u00e1b\u011bn\u00fdch loveck\u00fdch no\u017e\u016f. Na\u0161e \u010depele, vyroben\u00e9 z americk\u00e9 oceli CPM 3-V jsou vysoce hou\u017eevnat\u00e9. CPM 3-V je n\u00e1strojov\u00e1 ocel, odoln\u00e1 proti zlomen\u00ed a celkov\u00e9mu opot\u0159eben\u00ed. CPM 3V je n\u00e1strojov\u00e1 ocel vyroben\u00e1 procesem pr\u00e1\u0161kov\u00e9 metalurgie s rovnom\u011brnou mikrostrukturou. Jej\u00ed chemick\u00e9 slo\u017een\u00ed j\u00ed d\u00e1vaj\u00ed p\u0159edev\u0161\u00edm extr\u00e9mn\u00ed hou\u017eevnatost, odolnost proti vylamov\u00e1n\u00ed a velice dobrou odolnost proti opot\u0159eben\u00ed. CPM 3V nab\u00edz\u00ed v\u011bt\u0161\u00ed hou\u017eevnatost ne\u017e nap\u0159\u00edklad D2. Standardn\u00ed tvrdost CPM 3V se pohybuje v rozmez\u00ed 58 a\u017e 60 HRC. CPM 3V \u010dasto nahrazuje vysoce legovan\u00e9 n\u00e1strojov\u00e9 oceli v provozech, kde doch\u00e1z\u00ed k chronick\u00fdm probl\u00e9m\u016fm s poprask\u00e1n\u00edm \u010di zlomen\u00edm n\u00e1stroj\u016f. Jej\u00ed chemick\u00e9 slo\u017een\u00ed sni\u017euje odolnost proti korozi, proto no\u017ee z t\u00e9to oceli by m\u011bli m\u00edt n\u00e1slednou povrchovou \u00fapravu, nebo jejich majitel mus\u00ed db\u00e1t zv\u00fd\u0161en\u00e9 pozornosti a n\u016f\u017e pravideln\u011b o\u0161et\u0159ovat.. Perfektn\u011b tvarovan\u00e1 rukoje\u0165 no\u017ee z materi\u00e1lu Kraton (Long Kray-Ex\u2122) nab\u00edz\u00ed neklouzav\u00fd povrch. V\u00fdborn\u011b padne do ruky a umo\u017e\u0148uje i velmi jemnou pr\u00e1ci s no\u017eem v mokr\u00e9m a bl\u00e1tiv\u00e9m prost\u0159ed\u00ed. Balen\u00ed je pouzdro Secure-Ex pro ochranu V\u00e1s i ost\u0159\u00ed. 3V Pendleton Mini Hunter je dokonal\u00fd dopln\u011bk ke v\u0161em loveck\u00fdm nebo kempinkov\u00fdm bal\u00ed\u010dk\u016fm nebo souprav\u011b pro p\u0159e\u017eit\u00ed. Dovozce na tento n\u016f\u017e poskytuje prodlou\u017eenou z\u00e1ruku 5 let.<\/p>\n<p>PARAMETRY PRODUKTU<br \/>\nD\u00e9lka rukojeti: 92 mm<br \/>\nHmotnost: 59,53 g<br \/>\nCelkov\u00e1 velikost: 168 mm<br \/>\nOcel: U.S. CPM 3-V High Carbon with DLC Coating<br \/>\nBarva: \u010cern\u00e1<br \/>\nTlou\u0161\u0165ka \u010depele: 3 mm<br \/>\nD\u00e9lka \u010depele: 76 mm<br \/>\nMateri\u00e1l rukojeti: Long Kray-Ex\u2122<\/p>\n<p>&nbsp;<\/p>\n<p>&nbsp;<\/p>\n","protected":false},"excerpt":{"rendered":"<p>3V Pendleton Mini Hunter od firmy COLD STEEL byl navr\u017een s jedin\u00fdm c\u00edlem a to je vytvo\u0159it funk\u010dn\u00ed loveck\u00fd n\u016f\u017e t\u00e9 nejmen\u0161\u00ed velikosti, kter\u00fd bude z\u00e1rove\u0148 praktick\u00fd.<\/p>\n","protected":false},"featured_media":229165,"comment_status":"open","ping_status":"closed","template":"","meta":[],"pwb-brand":[211],"product_brand":[],"product_cat":[23,17],"product_tag":[3667],"class_list":{"0":"post-229163","1":"product","2":"type-product","3":"status-publish","4":"has-post-thumbnail","6":"pwb-brand-cold-steel","7":"product_cat-pevne-noze","8":"product_cat-noze","9":"product_tag-b2b","11":"first","12":"instock","13":"taxable","14":"shipping-taxable","15":"purchasable","16":"product-type-simple"},"brands":[{"id":211,"name":"Cold Steel","slug":"cold-steel"}],"_links":{"self":[{"href":"https:\/\/www.moskito.cz\/es\/wp-json\/wp\/v2\/product\/229163","targetHints":{"allow":["GET"]}}],"collection":[{"href":"https:\/\/www.moskito.cz\/es\/wp-json\/wp\/v2\/product"}],"about":[{"href":"https:\/\/www.moskito.cz\/es\/wp-json\/wp\/v2\/types\/product"}],"replies":[{"embeddable":true,"href":"https:\/\/www.moskito.cz\/es\/wp-json\/wp\/v2\/comments?post=229163"}],"wp:featuredmedia":[{"embeddable":true,"href":"https:\/\/www.moskito.cz\/es\/wp-json\/wp\/v2\/media\/229165"}],"wp:attachment":[{"href":"https:\/\/www.moskito.cz\/es\/wp-json\/wp\/v2\/media?parent=229163"}],"wp:term":[{"taxonomy":"pwb-brand","embeddable":true,"href":"https:\/\/www.moskito.cz\/es\/wp-json\/wp\/v2\/pwb-brand?post=229163"},{"taxonomy":"product_brand","embeddable":true,"href":"https:\/\/www.moskito.cz\/es\/wp-json\/wp\/v2\/product_brand?post=229163"},{"taxonomy":"product_cat","embeddable":true,"href":"https:\/\/www.moskito.cz\/es\/wp-json\/wp\/v2\/product_cat?post=229163"},{"taxonomy":"product_tag","embeddable":true,"href":"https:\/\/www.moskito.cz\/es\/wp-json\/wp\/v2\/product_tag?post=229163"}],"curies":[{"name":"wp","href":"https:\/\/api.w.org\/{rel}","templated":true}]}}