{"id":229307,"date":"2022-11-02T23:03:20","date_gmt":"2022-11-02T22:03:20","guid":{"rendered":"https:\/\/www.moskito.cz\/?post_type=product&#038;p=229307"},"modified":"2025-07-29T19:31:38","modified_gmt":"2025-07-29T18:31:38","slug":"zaviraci-nuz-cold-steel-voyager-lg-tanto-full-serrated-aus10a","status":"publish","type":"product","link":"https:\/\/www.moskito.cz\/es\/produkt\/zaviraci-nuz-cold-steel-voyager-lg-tanto-full-serrated-aus10a\/","title":{"rendered":"Zav\u00edrac\u00ed N\u016f\u017e Cold Steel VOYAGER LG. TANTO FULL SERRATED (AUS10A)"},"content":{"rendered":"<p>Zav\u00edrac\u00ed N\u016f\u017e <strong>Cold Steel<\/strong> VOYAGER LG. TANTO FULL SERRATED (AUS10A)<\/p>\n<p>\u0158ada Cold Steel Voyager je navr\u017eena tak, aby byla skute\u010dn\u00fdm no\u017eem pro ka\u017ed\u00e9ho. Lehk\u00e9, pohodln\u00e9 a super ostr\u00e9, jsou robustn\u00ed, spolehliv\u00e9 a perfektn\u00ed pro lov a kempov\u00e1n\u00ed, stejn\u011b jako pro b\u011b\u017en\u00e9 pou\u017eit\u00ed a ka\u017edodenn\u00ed st\u0159\u00edh\u00e1n\u00ed. Voyagery vynikaj\u00ed v mnoha aplikac\u00edch pro p\u0159e\u017eit\u00ed a z\u00e1chrany a uk\u00e1zalo se, \u017ee jsou velmi obl\u00edben\u00e9 u policejn\u00edho a vojensk\u00e9ho person\u00e1lu, kter\u00fd oce\u0148uje kombinaci \u0159ezn\u00e9ho v\u00fdkonu a bezpe\u010dnosti, kterou nab\u00edzej\u00ed. Ka\u017ed\u00fd n\u016f\u017e z na\u0161\u00ed rozs\u00e1hl\u00e9 s\u00e9rie Voyager je precizn\u011b zkonstruov\u00e1n a odpov\u00edd\u00e1 na\u0161im nejp\u0159\u00edsn\u011bj\u0161\u00edm standard\u016fm. \u0158ada Voyager obsahuje japonsk\u00e9 \u010depele ze slitiny AUS10A a n\u00e1\u0161 uzamykac\u00ed mechanismus Tri-Ad \u2013 co\u017e je dost mo\u017en\u00e1 nejbezpe\u010dn\u011bj\u0161\u00ed, nejbezpe\u010dn\u011bj\u0161\u00ed a n\u00e1razuvzdorn\u00fd z\u00e1mek na sou\u010dasn\u00e9m trhu! The Voyager&#8217; Ergonomick\u00e9 rukojeti Griv-Ex (vyztu\u017een\u00e9 tepeln\u011b zpracovan\u00fdmi hlin\u00edkov\u00fdmi vlo\u017ekami 6061) poskytuj\u00ed skv\u011bl\u00e9 pohodl\u00ed a bezpe\u010dn\u00e9 uchopen\u00ed i p\u0159i dlouhodob\u00e9m pou\u017e\u00edv\u00e1n\u00ed v n\u00e1ro\u010dn\u00fdch podm\u00ednk\u00e1ch. Voyager je k dispozici ve dvou velikostech as \u010detn\u00fdmi konfiguracemi lopatek a hran, tak\u017ee je tu pro ka\u017ed\u00e9ho.<\/p>\n<p>PARAMETRY PRODUKTU<br \/>\nD\u00e9lka rukojeti: 133 mm<br \/>\nDruh pojistky: Tri-Ad Lock<br \/>\nHmotnost: 133,24 g<br \/>\nTlou\u0161\u0165ka \u010depele: 3,5 mm<br \/>\nOcel: Japanese AUS 10A Stainless<br \/>\nMateri\u00e1l pouzdra: Ambidextrous Pocket \/ Belt Clip<br \/>\nCelkov\u00e1 velikost: 234 mm<br \/>\nMateri\u00e1l rukojeti: Long Griv-Ex<br \/>\nBarva: \u010cern\u00e1\/St\u0159\u00edbrn\u00e1<br \/>\nD\u00e9lka \u010depele: 101 mm<\/p>\n","protected":false},"excerpt":{"rendered":"<p>Voyager Tanto 4&#8243; Serr. od firmy Cold Steel je zav\u00edrac\u00ed n\u016f\u017e se zubat\u00fdm ost\u0159\u00edm.<\/p>\n","protected":false},"featured_media":229309,"comment_status":"open","ping_status":"closed","template":"","meta":[],"pwb-brand":[211],"product_brand":[],"product_cat":[22,17],"product_tag":[3667],"class_list":{"0":"post-229307","1":"product","2":"type-product","3":"status-publish","4":"has-post-thumbnail","6":"pwb-brand-cold-steel","7":"product_cat-zaviraci-noze","8":"product_cat-noze","9":"product_tag-b2b","11":"first","12":"outofstock","13":"taxable","14":"shipping-taxable","15":"purchasable","16":"product-type-simple"},"brands":[{"id":211,"name":"Cold Steel","slug":"cold-steel"}],"_links":{"self":[{"href":"https:\/\/www.moskito.cz\/es\/wp-json\/wp\/v2\/product\/229307","targetHints":{"allow":["GET"]}}],"collection":[{"href":"https:\/\/www.moskito.cz\/es\/wp-json\/wp\/v2\/product"}],"about":[{"href":"https:\/\/www.moskito.cz\/es\/wp-json\/wp\/v2\/types\/product"}],"replies":[{"embeddable":true,"href":"https:\/\/www.moskito.cz\/es\/wp-json\/wp\/v2\/comments?post=229307"}],"wp:featuredmedia":[{"embeddable":true,"href":"https:\/\/www.moskito.cz\/es\/wp-json\/wp\/v2\/media\/229309"}],"wp:attachment":[{"href":"https:\/\/www.moskito.cz\/es\/wp-json\/wp\/v2\/media?parent=229307"}],"wp:term":[{"taxonomy":"pwb-brand","embeddable":true,"href":"https:\/\/www.moskito.cz\/es\/wp-json\/wp\/v2\/pwb-brand?post=229307"},{"taxonomy":"product_brand","embeddable":true,"href":"https:\/\/www.moskito.cz\/es\/wp-json\/wp\/v2\/product_brand?post=229307"},{"taxonomy":"product_cat","embeddable":true,"href":"https:\/\/www.moskito.cz\/es\/wp-json\/wp\/v2\/product_cat?post=229307"},{"taxonomy":"product_tag","embeddable":true,"href":"https:\/\/www.moskito.cz\/es\/wp-json\/wp\/v2\/product_tag?post=229307"}],"curies":[{"name":"wp","href":"https:\/\/api.w.org\/{rel}","templated":true}]}}