{"id":229478,"date":"2022-11-05T11:35:56","date_gmt":"2022-11-05T10:35:56","guid":{"rendered":"https:\/\/www.moskito.cz\/?post_type=product&#038;p=229478"},"modified":"2025-05-07T10:43:21","modified_gmt":"2025-05-07T09:43:21","slug":"zaviraci-nuz-cold-steel-engage-s35vn-black-g10-handle","status":"publish","type":"product","link":"https:\/\/www.moskito.cz\/es\/produkt\/zaviraci-nuz-cold-steel-engage-s35vn-black-g10-handle\/","title":{"rendered":"Zav\u00edrac\u00ed N\u016f\u017e Cold Steel Engage S35VN BLACK G10 HANDLE"},"content":{"rendered":"<p>Zav\u00edrac\u00ed N\u016f\u017e <strong>Cold Steel<\/strong> Engage S35VN BLACK G10 HANDLE.<\/p>\n<p>Engage, vytvo\u0159en\u00fd pro ka\u017edodenn\u00ed no\u0161en\u00ed, je slo\u017eka pro snadn\u00e9 p\u0159en\u00e1\u0161en\u00ed s velkou 3,5palcovou \u010depel\u00ed z nerezov\u00e9 oceli S35VN pro vynikaj\u00edc\u00ed hou\u017eevnatost a zachov\u00e1n\u00ed ost\u0159\u00ed. D\u00edky patentovan\u00e9mu kluzn\u00e9mu z\u00e1mku Atlas\u2122 od Cold Steel, kter\u00fd zaru\u010duje konzistentn\u00ed, trvanliv\u00e9 a spolehliv\u00e9 zamyk\u00e1n\u00ed, je zcela oboustrann\u00fd a pln\u011b schopn\u00fd splnit jak\u00fdkoli \u00fakol. Snadno uchopiteln\u00e1 rukoje\u0165 G-10 je p\u0159estav\u011bn\u00e1, aby byla pru\u017en\u00e1, a \u010depel se sat\u00e9nov\u00fdm klipem umo\u017e\u0148uje detailn\u00ed a p\u0159esn\u00e9 \u0159ez\u00e1n\u00ed.<\/p>\n<p>Nov\u00e9 no\u017ee Engage od Cold Steel jsou k dispozici v \u0161irok\u00e9 \u0161k\u00e1le \u010depelov\u00fdch ocel\u00ed a tvar\u016f \u2013 a v r\u016fzn\u00fdch cenov\u00fdch relac\u00edch \u2013 jsou p\u0159edur\u010deny k tomu, aby se staly hv\u011bzdami ka\u017edodenn\u00edho no\u0161en\u00ed. Tyto pr\u00e9miov\u00e9 EDC no\u017ee jsou pln\u011b oboustrann\u00e9 a jsou navr\u017eeny tak, aby si s jistotou poradily s ka\u017edou p\u0159\u00edle\u017eitost\u00ed, s patentovan\u00fdm posuvn\u00fdm z\u00e1mkem Atlas\u2122 Lock, kter\u00fd nab\u00edz\u00ed odoln\u00e9, siln\u00e9 a spolehliv\u00e9 zamyk\u00e1n\u00ed.<\/p>\n<p>PARAMETRY PRODUKTU<br \/>\nBarva: \u010dern\u00e1\/ocel<br \/>\nOcel: S35VN<br \/>\nMateri\u00e1l rukojeti: G10<br \/>\nCelkov\u00e1 velikost: 208 mm<br \/>\nD\u00e9lka \u010depele: 89 mm<br \/>\nD\u00e9lka rukojeti: 119 mm<br \/>\nHmotnost: 187 g<br \/>\nTlou\u0161\u0165ka \u010depele: 3,8 mm<\/p>\n<p>&nbsp;<\/p>\n<p>&nbsp;<\/p>\n","protected":false},"excerpt":{"rendered":"<p>No\u017ee Engage jsou klasick\u00fdm one-handem pro ka\u017edodenn\u00ed no\u0161en\u00ed (EDC).<\/p>\n","protected":false},"featured_media":229479,"comment_status":"open","ping_status":"closed","template":"","meta":[],"pwb-brand":[211],"product_brand":[],"product_cat":[22,17],"product_tag":[3667],"class_list":{"0":"post-229478","1":"product","2":"type-product","3":"status-publish","4":"has-post-thumbnail","6":"pwb-brand-cold-steel","7":"product_cat-zaviraci-noze","8":"product_cat-noze","9":"product_tag-b2b","11":"first","12":"instock","13":"taxable","14":"shipping-taxable","15":"purchasable","16":"product-type-simple"},"brands":[{"id":211,"name":"Cold Steel","slug":"cold-steel"}],"_links":{"self":[{"href":"https:\/\/www.moskito.cz\/es\/wp-json\/wp\/v2\/product\/229478","targetHints":{"allow":["GET"]}}],"collection":[{"href":"https:\/\/www.moskito.cz\/es\/wp-json\/wp\/v2\/product"}],"about":[{"href":"https:\/\/www.moskito.cz\/es\/wp-json\/wp\/v2\/types\/product"}],"replies":[{"embeddable":true,"href":"https:\/\/www.moskito.cz\/es\/wp-json\/wp\/v2\/comments?post=229478"}],"wp:featuredmedia":[{"embeddable":true,"href":"https:\/\/www.moskito.cz\/es\/wp-json\/wp\/v2\/media\/229479"}],"wp:attachment":[{"href":"https:\/\/www.moskito.cz\/es\/wp-json\/wp\/v2\/media?parent=229478"}],"wp:term":[{"taxonomy":"pwb-brand","embeddable":true,"href":"https:\/\/www.moskito.cz\/es\/wp-json\/wp\/v2\/pwb-brand?post=229478"},{"taxonomy":"product_brand","embeddable":true,"href":"https:\/\/www.moskito.cz\/es\/wp-json\/wp\/v2\/product_brand?post=229478"},{"taxonomy":"product_cat","embeddable":true,"href":"https:\/\/www.moskito.cz\/es\/wp-json\/wp\/v2\/product_cat?post=229478"},{"taxonomy":"product_tag","embeddable":true,"href":"https:\/\/www.moskito.cz\/es\/wp-json\/wp\/v2\/product_tag?post=229478"}],"curies":[{"name":"wp","href":"https:\/\/api.w.org\/{rel}","templated":true}]}}