{"id":229634,"date":"2022-11-07T18:59:48","date_gmt":"2022-11-07T17:59:48","guid":{"rendered":"https:\/\/www.moskito.cz\/?post_type=product&#038;p=229634"},"modified":"2025-05-07T10:43:27","modified_gmt":"2025-05-07T09:43:27","slug":"zaviraci-nuz-cold-steel-double-safe-hunter-orange","status":"publish","type":"product","link":"https:\/\/www.moskito.cz\/es\/produkt\/zaviraci-nuz-cold-steel-double-safe-hunter-orange\/","title":{"rendered":"Zav\u00edrac\u00ed N\u016f\u017e Cold Steel DOUBLE SAFE HUNTER ORANGE"},"content":{"rendered":"<p>Zav\u00edrac\u00ed N\u016f\u017e <strong>Cold Steel<\/strong> DOUBLE SAFE HUNTER ORANGE.<\/p>\n<p>Pokud hled\u00e1te levn\u00e9ho, \u200b\u200bale vysoce v\u00fdkonn\u00e9ho skl\u00e1dac\u00edho lovce, nehledejte nic jin\u00e9ho ne\u017e Double Safe Hunter. Je vytvo\u0159ena po vzoru na\u0161eho extr\u00e9mn\u011b obl\u00edben\u00e9ho Voyageru ze star\u00e9 \u0161koly\u00ae. Jeho \u0161irok\u00e1 \u010depel s klipsem m\u00e1 d\u00e9lku 3,5&#8243; a je vyrobena z oceli 8Cr13MoV, kalen\u00e9 na tvrdost 57-58 Rockwell. Bez ohledu na to, jakou pr\u00e1ci prov\u00e1d\u00edte, m\u016f\u017eete si b\u00fdt jisti, \u017ee m\u00e1te po ruce ten spr\u00e1vn\u00fd n\u016f\u017e s \u010depel\u00ed dostate\u010dn\u011b malou pro slo\u017eit\u00e9 st\u0159\u00edh\u00e1n\u00ed, p\u0159esto dostate\u010dn\u011b velk\u00e9, aby se z n\u011bj dalo st\u00e1hnout cokoli od my\u0161i po losa. Snem pro pou\u017eit\u00ed po libovoln\u011b dlouhou dobu je rukoje\u0165 z nylonu pln\u011bn\u00e9ho sklem (GFN), kter\u00e1 je tenk\u00e1 a ergonomicky p\u0159\u00edjemn\u00e1 a je vybavena ocelovou kapesn\u00ed sponou. Je k dispozici ve t\u0159ech variant\u00e1ch rukojeti: oran\u017eov\u00e1, OD zelen\u00e1 a v\u00fdrazn\u00e1 verze ve stylu maskov\u00e1n\u00ed.Jako v\u017edy, Cold Steel\u00ae m\u011bl p\u0159i navrhov\u00e1n\u00ed Double Safe na mysli va\u0161e prsty.<\/p>\n<p>PARAMETRY PRODUKTU<br \/>\nBarva: Oran\u017eov\u00e1\/St\u0159\u00edbrn\u00e1<br \/>\nOcel: 8Cr13MoV Stainless<br \/>\nMateri\u00e1l pouzdra: ocelov\u00fd klip<br \/>\nMateri\u00e1l rukojeti: Long GFNHandle<br \/>\nTlou\u0161\u0165ka \u010depele: 3 mm<br \/>\nDruh pojistky: Doublu safe lock<br \/>\nD\u00e9lka \u010depele: 92 mm<br \/>\nCelkov\u00e1 velikost: 215 mm<br \/>\nD\u00e9lka rukojeti: 123 mm<br \/>\nHmotnost: 10 g<\/p>\n","protected":false},"excerpt":{"rendered":"<p>Zav\u00edrac\u00ed N\u016f\u017e Cold Steel DOUBLE SAFE HUNTER ORANGE. Pokud hled\u00e1te levn\u00e9ho, \u200b\u200bale vysoce v\u00fdkonn\u00e9ho skl\u00e1dac\u00edho lovce, nehledejte nic jin\u00e9ho ne\u017e Double Safe Hunter. Je vytvo\u0159ena po vzoru na\u0161eho extr\u00e9mn\u011b obl\u00edben\u00e9ho Voyageru ze star\u00e9 \u0161koly\u00ae. Jeho \u0161irok\u00e1 \u010depel s klipsem m\u00e1 d\u00e9lku 3,5&#8243; a je vyrobena z oceli 8Cr13MoV, kalen\u00e9 na tvrdost 57-58 Rockwell. Bez ohledu [&hellip;]<\/p>\n","protected":false},"featured_media":229635,"comment_status":"open","ping_status":"closed","template":"","meta":[],"pwb-brand":[211],"product_brand":[],"product_cat":[22,17],"product_tag":[3667],"class_list":{"0":"post-229634","1":"product","2":"type-product","3":"status-publish","4":"has-post-thumbnail","6":"pwb-brand-cold-steel","7":"product_cat-zaviraci-noze","8":"product_cat-noze","9":"product_tag-b2b","11":"first","12":"outofstock","13":"taxable","14":"shipping-taxable","15":"purchasable","16":"product-type-simple"},"brands":[{"id":211,"name":"Cold Steel","slug":"cold-steel"}],"_links":{"self":[{"href":"https:\/\/www.moskito.cz\/es\/wp-json\/wp\/v2\/product\/229634","targetHints":{"allow":["GET"]}}],"collection":[{"href":"https:\/\/www.moskito.cz\/es\/wp-json\/wp\/v2\/product"}],"about":[{"href":"https:\/\/www.moskito.cz\/es\/wp-json\/wp\/v2\/types\/product"}],"replies":[{"embeddable":true,"href":"https:\/\/www.moskito.cz\/es\/wp-json\/wp\/v2\/comments?post=229634"}],"wp:featuredmedia":[{"embeddable":true,"href":"https:\/\/www.moskito.cz\/es\/wp-json\/wp\/v2\/media\/229635"}],"wp:attachment":[{"href":"https:\/\/www.moskito.cz\/es\/wp-json\/wp\/v2\/media?parent=229634"}],"wp:term":[{"taxonomy":"pwb-brand","embeddable":true,"href":"https:\/\/www.moskito.cz\/es\/wp-json\/wp\/v2\/pwb-brand?post=229634"},{"taxonomy":"product_brand","embeddable":true,"href":"https:\/\/www.moskito.cz\/es\/wp-json\/wp\/v2\/product_brand?post=229634"},{"taxonomy":"product_cat","embeddable":true,"href":"https:\/\/www.moskito.cz\/es\/wp-json\/wp\/v2\/product_cat?post=229634"},{"taxonomy":"product_tag","embeddable":true,"href":"https:\/\/www.moskito.cz\/es\/wp-json\/wp\/v2\/product_tag?post=229634"}],"curies":[{"name":"wp","href":"https:\/\/api.w.org\/{rel}","templated":true}]}}