{"id":229658,"date":"2022-11-07T21:25:30","date_gmt":"2022-11-07T20:25:30","guid":{"rendered":"https:\/\/www.moskito.cz\/?post_type=product&#038;p=229658"},"modified":"2026-01-22T14:31:04","modified_gmt":"2026-01-22T13:31:04","slug":"zaviraci-nuz-cold-steel-finn-wolf-blaze-orange","status":"publish","type":"product","link":"https:\/\/www.moskito.cz\/es\/produkt\/zaviraci-nuz-cold-steel-finn-wolf-blaze-orange\/","title":{"rendered":"Zav\u00edrac\u00ed N\u016f\u017e Cold Steel FINN WOLF BLAZE ORANGE 20NPJ"},"content":{"rendered":"<p data-start=\"0\" data-end=\"410\">Jakmile \u010depel otev\u0159e\u0161 rychl\u00fdm tahem p\u0159es <strong data-start=\"41\" data-end=\"58\">palcov\u00fd otvor<\/strong> a zajist\u00ed\u0161 ji jist\u00fdm linerlockem, okam\u017eit\u011b poc\u00edt\u00ed\u0161, \u017ee <strong data-start=\"114\" data-end=\"159\">Cold Steel Finn Wolf Blaze Orange (20NPJ)<\/strong> je n\u016f\u017e, kter\u00fd <strong data-start=\"174\" data-end=\"249\">nezn\u00e1 kompromisy mezi robustnost\u00ed, prakti\u010dnost\u00ed a jednoduch\u00fdm ovl\u00e1d\u00e1n\u00edm<\/strong>. Tento zav\u00edrac\u00ed n\u016f\u017e kombinuje klasick\u00fd Hunter\u2011style tvar \u010depele s modern\u00ed odolnost\u00ed, tak\u017ee v\u00fdkon, kter\u00fd nab\u00edz\u00ed, t\u011b nezklame ani v drsn\u011bj\u0161\u00edm venkovn\u00edm prost\u0159ed\u00ed.<\/p>\n<p data-start=\"412\" data-end=\"548\">Model je ur\u010den pro u\u017eivatele, kte\u0159\u00ed cht\u011bj\u00ed <strong data-start=\"455\" data-end=\"508\">spolehliv\u00fd outdoorov\u00fd EDC n\u016f\u017e s v\u00fdrazn\u00fdm designem<\/strong>, kter\u00fd je snadno viditeln\u00fd i v p\u0159\u00edrod\u011b.<\/p>\n<hr data-start=\"550\" data-end=\"553\" \/>\n<h2 data-start=\"555\" data-end=\"579\">Charakter a filozofie<\/h2>\n<p data-start=\"581\" data-end=\"935\">Cold Steel Finn Wolf Blaze Orange p\u0159edstavuje filozofii n\u00e1stroje, kter\u00fd je <strong data-start=\"656\" data-end=\"722\">navr\u017een pro re\u00e1ln\u00e9 pou\u017eit\u00ed \u2013 pevn\u011b, jednodu\u0161e a bez kompromis\u016f<\/strong>. Profily \u010depele a robustn\u00ed v\u00fdbrus jsou uzp\u016fsobeny tak, aby \u010depel nab\u00edzela jist\u00fd tah \u0159ezu a adekv\u00e1tn\u00ed pevnost i p\u0159i n\u00e1ro\u010dn\u011bj\u0161\u00edch \u00fakolech, jako je p\u0159\u00edprava d\u0159eva, kr\u00e1jen\u00ed provaz\u016f nebo z\u00e1kladn\u00ed \u0159ezn\u00e9 pr\u00e1ce v ter\u00e9nu.<\/p>\n<p data-start=\"937\" data-end=\"1125\">Blaze orange proveden\u00ed rukojeti je nejen stylov\u00e9, ale tak\u00e9 <strong data-start=\"996\" data-end=\"1077\">praktick\u00e9 \u2013 v\u00fdrazn\u00e1 barva usnad\u0148uje nalezen\u00ed no\u017ee p\u0159i outdoorov\u00fdch aktivit\u00e1ch<\/strong>. Jen tak si n\u016f\u017e v batohu \u010di tr\u00e1v\u011b nep\u0159ehl\u00e9dne\u0161.<\/p>\n<p data-start=\"1127\" data-end=\"1256\">Ergonomick\u00e1 rukoje\u0165 dob\u0159e padne do ruky a zaji\u0161\u0165uje <strong data-start=\"1179\" data-end=\"1209\">pevn\u00fd \u00fachop bez sklouznut\u00ed<\/strong>, co\u017e ocen\u00ed\u0161 i p\u0159i mokr\u00e9m nebo chladn\u00e9m po\u010das\u00ed.<\/p>\n<hr data-start=\"1258\" data-end=\"1261\" \/>\n<h2 data-start=\"1263\" data-end=\"1278\">\ud83c\udfed O v\u00fdrobci<\/h2>\n<p data-start=\"1280\" data-end=\"1593\">Cold Steel je zna\u010dka s dlouholetou reputac\u00ed pro <strong data-start=\"1328\" data-end=\"1366\">v\u00fdkonn\u00e9, robustn\u00ed a praktick\u00e9 no\u017ee<\/strong>, kter\u00e9 obstoj\u00ed i v drsn\u011bj\u0161\u00edch podm\u00ednk\u00e1ch. Jejich produkty jsou navr\u017eeny tak, aby byly spolehliv\u00e9, ergonomick\u00e9 a p\u0159ipraven\u00e9 fungovat bez ohledu na okolnosti. Finn Wolf Blaze Orange je p\u0159esn\u011b takov\u00fd \u2013 jednoduch\u00fd, pevn\u00fd a \u00fa\u010deln\u00fd.<\/p>\n<hr data-start=\"1595\" data-end=\"1598\" \/>\n<h2 data-start=\"1600\" data-end=\"1627\">\u2699\ufe0f Technick\u00e9 specifikace<\/h2>\n<div class=\"TyagGW_tableContainer\">\n<div class=\"group TyagGW_tableWrapper flex flex-col-reverse w-fit\" tabindex=\"-1\">\n<table class=\"w-fit min-w-(--thread-content-width)\" data-start=\"1629\" data-end=\"2347\">\n<thead data-start=\"1629\" data-end=\"1651\">\n<tr data-start=\"1629\" data-end=\"1651\">\n<th data-start=\"1629\" data-end=\"1640\" data-col-size=\"sm\">Parametr<\/th>\n<th data-start=\"1640\" data-end=\"1651\" data-col-size=\"md\">Hodnota<\/th>\n<\/tr>\n<\/thead>\n<tbody data-start=\"1676\" data-end=\"2347\">\n<tr data-start=\"1676\" data-end=\"1727\">\n<td data-start=\"1676\" data-end=\"1684\" data-col-size=\"sm\">Model<\/td>\n<td data-start=\"1684\" data-end=\"1727\" data-col-size=\"md\">Cold Steel Finn Wolf Blaze Orange 20NPJ<\/td>\n<\/tr>\n<tr data-start=\"1728\" data-end=\"1750\">\n<td data-start=\"1728\" data-end=\"1734\" data-col-size=\"sm\">Typ<\/td>\n<td data-start=\"1734\" data-end=\"1750\" data-col-size=\"md\">Zav\u00edrac\u00ed n\u016f\u017e<\/td>\n<\/tr>\n<tr data-start=\"1751\" data-end=\"1800\">\n<td data-start=\"1751\" data-end=\"1767\" data-col-size=\"sm\">Celkov\u00e1 d\u00e9lka<\/td>\n<td data-start=\"1767\" data-end=\"1800\" data-col-size=\"md\">robustn\u00ed EDC\/outdoor velikost<\/td>\n<\/tr>\n<tr data-start=\"1801\" data-end=\"1843\">\n<td data-start=\"1801\" data-end=\"1816\" data-col-size=\"sm\">D\u00e9lka \u010depele<\/td>\n<td data-start=\"1816\" data-end=\"1843\" data-col-size=\"md\">komfortn\u00ed st\u0159edn\u00ed d\u00e9lka<\/td>\n<\/tr>\n<tr data-start=\"1844\" data-end=\"1897\">\n<td data-start=\"1844\" data-end=\"1862\" data-col-size=\"sm\">Tlou\u0161\u0165ka \u010depele<\/td>\n<td data-start=\"1862\" data-end=\"1897\" data-col-size=\"md\">robustn\u00ed pro pevnost a odolnost<\/td>\n<\/tr>\n<tr data-start=\"1898\" data-end=\"1942\">\n<td data-start=\"1898\" data-end=\"1916\" data-col-size=\"sm\">Materi\u00e1l \u010depele<\/td>\n<td data-start=\"1916\" data-end=\"1942\" data-col-size=\"md\">kvalitn\u00ed nerezov\u00e1 ocel<\/td>\n<\/tr>\n<tr data-start=\"1943\" data-end=\"2001\">\n<td data-start=\"1943\" data-end=\"1959\" data-col-size=\"sm\">Tvrdost oceli<\/td>\n<td data-start=\"1959\" data-end=\"2001\" data-col-size=\"md\">optimalizovan\u00e1 pro univerz\u00e1ln\u00ed pou\u017eit\u00ed<\/td>\n<\/tr>\n<tr data-start=\"2002\" data-end=\"2053\">\n<td data-start=\"2002\" data-end=\"2016\" data-col-size=\"sm\">Tvar \u010depele<\/td>\n<td data-start=\"2016\" data-end=\"2053\" data-col-size=\"md\">Hunter\u2011style \/ univerz\u00e1ln\u00ed profil<\/td>\n<\/tr>\n<tr data-start=\"2054\" data-end=\"2090\">\n<td data-start=\"2054\" data-end=\"2063\" data-col-size=\"sm\">V\u00fdbrus<\/td>\n<td data-start=\"2063\" data-end=\"2090\" data-col-size=\"md\">efektivn\u00ed pro jist\u00fd \u0159ez<\/td>\n<\/tr>\n<tr data-start=\"2091\" data-end=\"2124\">\n<td data-start=\"2091\" data-end=\"2107\" data-col-size=\"sm\">Povrch \u010depele<\/td>\n<td data-start=\"2107\" data-end=\"2124\" data-col-size=\"md\">matn\u00fd \/ satin<\/td>\n<\/tr>\n<tr data-start=\"2125\" data-end=\"2182\">\n<td data-start=\"2125\" data-end=\"2135\" data-col-size=\"sm\">Rukoje\u0165<\/td>\n<td data-start=\"2135\" data-end=\"2182\" data-col-size=\"md\">ergonomick\u00e1, blaze orange odoln\u00e1 konstrukce<\/td>\n<\/tr>\n<tr data-start=\"2183\" data-end=\"2204\">\n<td data-start=\"2183\" data-end=\"2191\" data-col-size=\"sm\">Z\u00e1mek<\/td>\n<td data-start=\"2191\" data-end=\"2204\" data-col-size=\"md\">Linerlock<\/td>\n<\/tr>\n<tr data-start=\"2205\" data-end=\"2234\">\n<td data-start=\"2205\" data-end=\"2217\" data-col-size=\"sm\">Otev\u00edr\u00e1n\u00ed<\/td>\n<td data-start=\"2217\" data-end=\"2234\" data-col-size=\"md\">palcov\u00fd otvor<\/td>\n<\/tr>\n<tr data-start=\"2235\" data-end=\"2259\">\n<td data-start=\"2235\" data-end=\"2242\" data-col-size=\"sm\">Klip<\/td>\n<td data-start=\"2242\" data-end=\"2259\" data-col-size=\"md\">ano \u2013 kapesn\u00ed<\/td>\n<\/tr>\n<tr data-start=\"2260\" data-end=\"2301\">\n<td data-start=\"2260\" data-end=\"2271\" data-col-size=\"sm\">Hmotnost<\/td>\n<td data-start=\"2271\" data-end=\"2301\" data-col-size=\"md\">vyv\u00e1\u017een\u00e1 pro EDC i outdoor<\/td>\n<\/tr>\n<tr data-start=\"2302\" data-end=\"2347\">\n<td data-start=\"2302\" data-end=\"2311\" data-col-size=\"sm\">Ur\u010den\u00ed<\/td>\n<td data-start=\"2311\" data-end=\"2347\" data-col-size=\"md\">EDC, outdoor, v\u0161estrann\u00e9 pou\u017eit\u00ed<\/td>\n<\/tr>\n<\/tbody>\n<\/table>\n<\/div>\n<\/div>\n<hr data-start=\"2349\" data-end=\"2352\" \/>\n<h2 data-start=\"2354\" data-end=\"2372\">\u2705 Hlavn\u00ed v\u00fdhody<\/h2>\n<ul data-start=\"2374\" data-end=\"2656\">\n<li data-start=\"2374\" data-end=\"2446\">\n<p data-start=\"2376\" data-end=\"2446\"><strong data-start=\"2376\" data-end=\"2412\">Ergonomick\u00e1 rukoje\u0165 blaze orange<\/strong> \u2013 snadn\u00e1 identifikace v p\u0159\u00edrod\u011b<\/p>\n<\/li>\n<li data-start=\"2447\" data-end=\"2507\">\n<p data-start=\"2449\" data-end=\"2507\"><strong data-start=\"2449\" data-end=\"2470\">Univerz\u00e1ln\u00ed \u010depel<\/strong> \u2013 vhodn\u00e1 pro b\u011b\u017en\u00e9 i outdoor \u00falohy<\/p>\n<\/li>\n<li data-start=\"2508\" data-end=\"2557\">\n<p data-start=\"2510\" data-end=\"2557\"><strong data-start=\"2510\" data-end=\"2533\">Robustn\u00ed konstrukce<\/strong> \u2013 spolehliv\u00e1 odolnost<\/p>\n<\/li>\n<li data-start=\"2558\" data-end=\"2603\">\n<p data-start=\"2560\" data-end=\"2603\"><strong data-start=\"2560\" data-end=\"2573\">Linerlock<\/strong> \u2013 bezpe\u010dn\u00e9 zaji\u0161t\u011bn\u00ed \u010depele<\/p>\n<\/li>\n<li data-start=\"2604\" data-end=\"2656\">\n<p data-start=\"2606\" data-end=\"2656\"><strong data-start=\"2606\" data-end=\"2622\">Kapesn\u00ed klip<\/strong> \u2013 pohodln\u00e9 no\u0161en\u00ed v\u0161ude s sebou<\/p>\n<\/li>\n<\/ul>\n<hr data-start=\"2658\" data-end=\"2661\" \/>\n<h2 data-start=\"2663\" data-end=\"2682\">\u26a0\ufe0f Mo\u017en\u00e1 omezen\u00ed<\/h2>\n<ul data-start=\"2684\" data-end=\"2855\">\n<li data-start=\"2684\" data-end=\"2761\">\n<p data-start=\"2686\" data-end=\"2761\">Ocel nemus\u00ed m\u00edt <strong data-start=\"2702\" data-end=\"2734\">stejn\u011b vysokou retenci ost\u0159\u00ed<\/strong> jako u pr\u00e9miov\u00fdch model\u016f<\/p>\n<\/li>\n<li data-start=\"2762\" data-end=\"2804\">\n<p data-start=\"2764\" data-end=\"2804\">Design je sp\u00ed\u0161e \u00fa\u010deln\u00fd ne\u017e dekorativn\u00ed<\/p>\n<\/li>\n<li data-start=\"2805\" data-end=\"2855\">\n<p data-start=\"2807\" data-end=\"2855\">Nen\u00ed specializovan\u00fd pouze pro taktick\u00e9 pou\u017eit\u00ed<\/p>\n<\/li>\n<\/ul>\n<hr data-start=\"2857\" data-end=\"2860\" \/>\n<h2 data-start=\"2862\" data-end=\"2882\">\ud83d\udee0\ufe0f \u00dadr\u017eba a p\u00e9\u010de<\/h2>\n<ul data-start=\"2884\" data-end=\"3124\">\n<li data-start=\"2884\" data-end=\"2979\">\n<p data-start=\"2886\" data-end=\"2979\">Po pou\u017eit\u00ed \u010depel osu\u0161\u00ed a o\u010dist\u00ed, zejm\u00e9na pokud byla v kontaktu s vlhkost\u00ed nebo ne\u010distotami.<\/p>\n<\/li>\n<li data-start=\"2980\" data-end=\"3047\">\n<p data-start=\"2982\" data-end=\"3047\">Pravideln\u011b kontroluj chod z\u00e1mku a \u010depu a p\u0159\u00edpadn\u011b lehce proma\u017e.<\/p>\n<\/li>\n<li data-start=\"3048\" data-end=\"3124\">\n<p data-start=\"3050\" data-end=\"3124\">Ost\u0159\u00ed udr\u017euj pravideln\u00fdm jemn\u00fdm brou\u0161en\u00edm, aby bylo st\u00e1le ostr\u00e9 a funk\u010dn\u00ed.<\/p>\n<\/li>\n<\/ul>\n<hr data-start=\"3126\" data-end=\"3129\" \/>\n<h2 data-start=\"3131\" data-end=\"3167\">\ud83d\udd2a Pro udr\u017een\u00ed ost\u0159\u00ed doporu\u010dujeme<\/h2>\n<p data-start=\"3169\" data-end=\"3373\">Pou\u017e\u00edvat kvalitn\u00ed brusn\u00e9 syst\u00e9my s p\u0159esn\u00fdm veden\u00edm \u00fahlu, kter\u00e9 zajist\u00ed <strong data-start=\"3240\" data-end=\"3323\">spr\u00e1vnou geometrii ost\u0159\u00ed a dlouhodobou ostrost bez zbyte\u010dn\u00e9ho ub\u00edr\u00e1n\u00ed materi\u00e1lu<\/strong>.<br data-start=\"3324\" data-end=\"3327\" \/>\ud83d\uded2 Zakoup\u00ed\u0161 na na\u0161ich str\u00e1nk\u00e1ch <strong data-start=\"3359\" data-end=\"3373\">Moskito.cz<\/strong><\/p>\n<hr data-start=\"3375\" data-end=\"3378\" \/>\n<h2 data-start=\"3380\" data-end=\"3400\">\ud83c\udfaf Doporu\u010deno pro<\/h2>\n<ul data-start=\"3402\" data-end=\"3549\">\n<li data-start=\"3402\" data-end=\"3427\">\n<p data-start=\"3404\" data-end=\"3427\">ka\u017edodenn\u00ed EDC no\u0161en\u00ed<\/p>\n<\/li>\n<li data-start=\"3428\" data-end=\"3460\">\n<p data-start=\"3430\" data-end=\"3460\">outdoorov\u00e9 aktivity a v\u00fdlety<\/p>\n<\/li>\n<li data-start=\"3461\" data-end=\"3516\">\n<p data-start=\"3463\" data-end=\"3516\">u\u017eivatele, kte\u0159\u00ed cht\u011bj\u00ed <strong data-start=\"3487\" data-end=\"3514\">v\u00fdrazn\u00fd a praktick\u00fd n\u016f\u017e<\/strong><\/p>\n<\/li>\n<li data-start=\"3517\" data-end=\"3549\">\n<p data-start=\"3519\" data-end=\"3549\">pr\u00e1ci kolem domu i v p\u0159\u00edrod\u011b<\/p>\n<\/li>\n<\/ul>\n<hr data-start=\"3551\" data-end=\"3554\" \/>\n<h2 data-start=\"3556\" data-end=\"3580\">\u2b50 Z\u00e1v\u011bre\u010dn\u00e9 hodnocen\u00ed<\/h2>\n<p data-start=\"3582\" data-end=\"3855\">Cold Steel Finn Wolf Blaze Orange (20NPJ) je <strong data-start=\"3627\" data-end=\"3665\">vyv\u00e1\u017een\u00fd a spolehliv\u00fd zav\u00edrac\u00ed n\u016f\u017e<\/strong>, kter\u00fd kombinuje robustn\u00ed v\u00fdkon s prakti\u010dnost\u00ed a nezam\u011bnitelnou blaze orange rukojet\u00ed. Pokud hled\u00e1\u0161 <strong data-start=\"3766\" data-end=\"3827\">odoln\u00fd a univerz\u00e1ln\u00ed zav\u00edrac\u00ed n\u016f\u017e pro EDC i outdoor \u00fakoly<\/strong>, Finn Wolf je skv\u011bl\u00e1 volba.<\/p>\n<p data-start=\"3857\" data-end=\"3906\"><strong data-start=\"3857\" data-end=\"3906\">Finn Wolf \u2013 v\u00fdkon, kter\u00fd c\u00edt\u00ed\u0161 v ka\u017ed\u00e9m tahu.<\/strong><\/p>\n","protected":false},"excerpt":{"rendered":"<p data-start=\"3582\" data-end=\"3855\"><strong>Cold Steel Finn Wolf Blaze Orange (20NPJ) je vyv\u00e1\u017een\u00fd a spolehliv\u00fd zav\u00edrac\u00ed n\u016f\u017e, kter\u00fd kombinuje robustn\u00ed v\u00fdkon s prakti\u010dnost\u00ed a nezam\u011bnitelnou blaze orange rukojet\u00ed. Pokud hled\u00e1\u0161 odoln\u00fd a univerz\u00e1ln\u00ed zav\u00edrac\u00ed n\u016f\u017e pro EDC i outdoor \u00fakoly, Finn Wolf je skv\u011bl\u00e1 volba.<\/strong><\/p>\n<p data-start=\"3857\" data-end=\"3906\"><strong data-start=\"3857\" data-end=\"3906\">Finn Wolf \u2013 v\u00fdkon, kter\u00fd c\u00edt\u00ed\u0161 v ka\u017ed\u00e9m tahu.<\/strong><\/p>\n","protected":false},"featured_media":229659,"comment_status":"open","ping_status":"closed","template":"","meta":[],"pwb-brand":[211],"product_brand":[],"product_cat":[22,17],"product_tag":[3667],"class_list":{"0":"post-229658","1":"product","2":"type-product","3":"status-publish","4":"has-post-thumbnail","6":"pwb-brand-cold-steel","7":"product_cat-zaviraci-noze","8":"product_cat-noze","9":"product_tag-b2b","11":"first","12":"instock","13":"taxable","14":"shipping-taxable","15":"purchasable","16":"product-type-simple"},"brands":[{"id":211,"name":"Cold Steel","slug":"cold-steel"}],"_links":{"self":[{"href":"https:\/\/www.moskito.cz\/es\/wp-json\/wp\/v2\/product\/229658","targetHints":{"allow":["GET"]}}],"collection":[{"href":"https:\/\/www.moskito.cz\/es\/wp-json\/wp\/v2\/product"}],"about":[{"href":"https:\/\/www.moskito.cz\/es\/wp-json\/wp\/v2\/types\/product"}],"replies":[{"embeddable":true,"href":"https:\/\/www.moskito.cz\/es\/wp-json\/wp\/v2\/comments?post=229658"}],"wp:featuredmedia":[{"embeddable":true,"href":"https:\/\/www.moskito.cz\/es\/wp-json\/wp\/v2\/media\/229659"}],"wp:attachment":[{"href":"https:\/\/www.moskito.cz\/es\/wp-json\/wp\/v2\/media?parent=229658"}],"wp:term":[{"taxonomy":"pwb-brand","embeddable":true,"href":"https:\/\/www.moskito.cz\/es\/wp-json\/wp\/v2\/pwb-brand?post=229658"},{"taxonomy":"product_brand","embeddable":true,"href":"https:\/\/www.moskito.cz\/es\/wp-json\/wp\/v2\/product_brand?post=229658"},{"taxonomy":"product_cat","embeddable":true,"href":"https:\/\/www.moskito.cz\/es\/wp-json\/wp\/v2\/product_cat?post=229658"},{"taxonomy":"product_tag","embeddable":true,"href":"https:\/\/www.moskito.cz\/es\/wp-json\/wp\/v2\/product_tag?post=229658"}],"curies":[{"name":"wp","href":"https:\/\/api.w.org\/{rel}","templated":true}]}}