{"id":229757,"date":"2022-11-08T22:24:56","date_gmt":"2022-11-08T21:24:56","guid":{"rendered":"https:\/\/www.moskito.cz\/?post_type=product&#038;p=229757"},"modified":"2025-05-07T10:43:31","modified_gmt":"2025-05-07T09:43:31","slug":"tomahawk-cold-steel-spontoon-hawk","status":"publish","type":"product","link":"https:\/\/www.moskito.cz\/es\/produkt\/tomahawk-cold-steel-spontoon-hawk\/","title":{"rendered":"Tomahawk Cold Steel SPONTOON HAWK"},"content":{"rendered":"<p>Tomahawk <strong>Cold Steel<\/strong> SPONTOON HAWK.<\/p>\n<p>Zat\u00edmco v\u011bt\u0161ina tomahawk\u016f jsou sekac\u00ed n\u00e1stroje, existovala m\u00e9n\u011b popul\u00e1rn\u00ed alternativa zn\u00e1m\u00e1 jako spontonov\u00fd jest\u0159\u00e1b. Vyrobeno s \u010depel\u00ed v\u00fdslovn\u011b navr\u017eenou pro prop\u00edchnut\u00ed, bylo schopn\u00e9 zp\u016fsobit hlubok\u00e9 bodn\u00e9 r\u00e1ny, kter\u00e9 byly docela smrteln\u00e9. Spontoon jest\u0159\u00e1b, kter\u00fd se \u010dasto nach\u00e1zel se \u0161ikm\u00fdm nebo koso\u010dtvercov\u00fdm hrotem a oboustrann\u011b nabrou\u0161en\u00fdm, nab\u00edzel malou nebo \u017e\u00e1dnou u\u017eitnou hodnotu, ale byl nepopirateln\u011b d\u011bsivou a brut\u00e1ln\u011b \u00fa\u010dinnou zbran\u00ed. Dnes jsou modern\u00ed spontonov\u00e9 jest\u0159\u00e1by extr\u00e9mn\u011b vz\u00e1cn\u00e9 (mimo nejlevn\u011bj\u0161\u00ed kvalitn\u00ed dovoz), a tak jsme se rozhodli situaci napravit vlastn\u00edmi modely. K dispozici ve stylu um\u011bl\u00e9ho jest\u0159\u00e1ba, maj\u00ed klasick\u00e9 \u0161ikm\u00e9 a diamantov\u00e9 \u010depele, kter\u00e9 lze pln\u011b naost\u0159it!<\/p>\n<p>Ocel: kovan\u00e1 1055 uhl\u00edkov\u00e1 ocel<br \/>\nCelkov\u00e1 d\u00e9lka tomahawku: 558 mm<br \/>\nD\u00e9lka kovove \u010d\u00e1sti: 220 mm<br \/>\nHmotnost: cca 782 g<br \/>\nOcelov\u00e9 d\u00edly nejsou lakovan\u00e9, ale \u010dern\u011bn\u00e9 kalen\u00edm do oleje<br \/>\nTop\u016frko z v\u00fdb\u011brov\u00e9ho listnat\u00e9ho d\u0159eva Hickory &#8211; b\u00edl\u00fd americk\u00fd o\u0159ech<\/p>\n<p>&nbsp;<\/p>\n<p>&nbsp;<\/p>\n","protected":false},"excerpt":{"rendered":"<p>Tomahawk Cold Steel SPONTOON HAWK. Zat\u00edmco v\u011bt\u0161ina tomahawk\u016f jsou sekac\u00ed n\u00e1stroje, existovala m\u00e9n\u011b popul\u00e1rn\u00ed alternativa zn\u00e1m\u00e1 jako spontonov\u00fd jest\u0159\u00e1b. Vyrobeno s \u010depel\u00ed v\u00fdslovn\u011b navr\u017eenou pro prop\u00edchnut\u00ed, bylo schopn\u00e9 zp\u016fsobit hlubok\u00e9 bodn\u00e9 r\u00e1ny, kter\u00e9 byly docela smrteln\u00e9. Spontoon jest\u0159\u00e1b, kter\u00fd se \u010dasto nach\u00e1zel se \u0161ikm\u00fdm nebo koso\u010dtvercov\u00fdm hrotem a oboustrann\u011b nabrou\u0161en\u00fdm, nab\u00edzel malou nebo \u017e\u00e1dnou u\u017eitnou [&hellip;]<\/p>\n","protected":false},"featured_media":229758,"comment_status":"open","ping_status":"closed","template":"","meta":[],"pwb-brand":[211],"product_brand":[],"product_cat":[32],"product_tag":[3667],"class_list":{"0":"post-229757","1":"product","2":"type-product","3":"status-publish","4":"has-post-thumbnail","6":"pwb-brand-cold-steel","7":"product_cat-sekery","8":"product_tag-b2b","10":"first","11":"instock","12":"taxable","13":"shipping-taxable","14":"purchasable","15":"product-type-simple"},"brands":[{"id":211,"name":"Cold Steel","slug":"cold-steel"}],"_links":{"self":[{"href":"https:\/\/www.moskito.cz\/es\/wp-json\/wp\/v2\/product\/229757","targetHints":{"allow":["GET"]}}],"collection":[{"href":"https:\/\/www.moskito.cz\/es\/wp-json\/wp\/v2\/product"}],"about":[{"href":"https:\/\/www.moskito.cz\/es\/wp-json\/wp\/v2\/types\/product"}],"replies":[{"embeddable":true,"href":"https:\/\/www.moskito.cz\/es\/wp-json\/wp\/v2\/comments?post=229757"}],"wp:featuredmedia":[{"embeddable":true,"href":"https:\/\/www.moskito.cz\/es\/wp-json\/wp\/v2\/media\/229758"}],"wp:attachment":[{"href":"https:\/\/www.moskito.cz\/es\/wp-json\/wp\/v2\/media?parent=229757"}],"wp:term":[{"taxonomy":"pwb-brand","embeddable":true,"href":"https:\/\/www.moskito.cz\/es\/wp-json\/wp\/v2\/pwb-brand?post=229757"},{"taxonomy":"product_brand","embeddable":true,"href":"https:\/\/www.moskito.cz\/es\/wp-json\/wp\/v2\/product_brand?post=229757"},{"taxonomy":"product_cat","embeddable":true,"href":"https:\/\/www.moskito.cz\/es\/wp-json\/wp\/v2\/product_cat?post=229757"},{"taxonomy":"product_tag","embeddable":true,"href":"https:\/\/www.moskito.cz\/es\/wp-json\/wp\/v2\/product_tag?post=229757"}],"curies":[{"name":"wp","href":"https:\/\/api.w.org\/{rel}","templated":true}]}}