{"id":230082,"date":"2022-11-14T22:24:07","date_gmt":"2022-11-14T21:24:07","guid":{"rendered":"https:\/\/www.moskito.cz\/?post_type=product&#038;p=230082"},"modified":"2025-05-07T10:43:43","modified_gmt":"2025-05-07T09:43:43","slug":"vystrelovaci-nuz-microtech-ultratech-automatic-otf-bayonet-120-2ocs","status":"publish","type":"product","link":"https:\/\/www.moskito.cz\/es\/produkt\/vystrelovaci-nuz-microtech-ultratech-automatic-otf-bayonet-120-2ocs\/","title":{"rendered":"Vyst\u0159elovac\u00ed N\u016f\u017e Microtech Ultratech Automatic OTF Bayonet 120-2OCS"},"content":{"rendered":"<p>Vyst\u0159elovac\u00ed N\u016f\u017e <strong>Microtech<\/strong> Ultratech Automatic OTF Bayonet 120-2OCS.<\/p>\n<p>Milujete vzhled dvoub\u0159it\u00e9 \u010depele, ale milujete pou\u017eitelnost jednob\u0159it\u00e9 nebo tanto?<\/p>\n<p>Nyn\u00ed si m\u016f\u017eete \u201ed\u00e1t sv\u016fj dort a tak\u00e9 ho nakr\u00e1jet\u201c s bajonetovou \u010depel\u00ed od Microtech Knives.<br \/>\nNejlep\u0161\u00ed na bajonetov\u00e9 \u010depeli je jej\u00ed ostrost na obou stran\u00e1ch, ale va\u0161e horn\u00ed hrana je ostr\u00e1 ze 3\/4 \u010depele s m\u00edstem pro palec, kter\u00fd m\u016f\u017eete op\u0159\u00edt o druhou 1\/4 cesty.<br \/>\nTento OTF Automatic Ultratech je vybaven hlin\u00edkovou rukojet\u00ed 6061-T6 s Cerakote. Je zakon\u010dena \u010depel\u00ed Cerakoted Bayonet, ide\u00e1ln\u00ed pro jak\u00e9koli pou\u017eit\u00ed.<\/p>\n<p>Celkov\u00e1 d\u00e9lka: 22 cm<br \/>\nD\u00e9lka \u010depele: 8.6 cm Bajonet, vroubkovan\u00fd Cerakote Camo, \u010c\u00e1ste\u010dn\u011b vroubkovan\u00e1<br \/>\nHmotnost: 3,6 oz<br \/>\nKlip: Tip dol\u016f, Prav\u00fd\/lev\u00fd<br \/>\notv\u00edr\u00e1k: Automatick\u00fd posuv palce OTF, Double Action, Automatick\u00fd<br \/>\nSignature Series<br \/>\nVyrobeno v USA<br \/>\nModel: 120-2OCS<\/p>\n<p><iframe title=\"Microtech Combat Troodon Torture Test\" width=\"800\" height=\"450\" src=\"https:\/\/www.youtube.com\/embed\/xE9TeOFYEjg?feature=oembed\" frameborder=\"0\" allow=\"accelerometer; autoplay; clipboard-write; encrypted-media; gyroscope; picture-in-picture; web-share\" allowfullscreen><\/iframe><\/p>\n<p>&nbsp;<\/p>\n","protected":false},"excerpt":{"rendered":"<p>V pr\u016fb\u011bhu let\u00a0<strong>Microtech\u00ae Knives\u00a0<\/strong>naplnil v\u00e1\u0161n\u00ed a dovednost\u00ed v\u00fdrobu no\u017e\u016f, a\u017e z nich vytvo\u0159il t\u00e9m\u011b\u0159 um\u011bleck\u00e1 d\u00edla,kter\u00e9 jsou vrcholem funk\u010dnosti.V\u0161echny d\u00edly jsou vyrobeny v USA.<br \/>\n<strong>Na v\u0161echny no\u017ee Microtech je do\u017eivotn\u00ed z\u00e1ruka.<\/strong><\/p>\n","protected":false},"featured_media":230083,"comment_status":"open","ping_status":"closed","template":"","meta":[],"pwb-brand":[431],"product_brand":[],"product_cat":[2019,17],"product_tag":[3667],"class_list":{"0":"post-230082","1":"product","2":"type-product","3":"status-publish","4":"has-post-thumbnail","6":"pwb-brand-microtech","7":"product_cat-vystrelovaci-noze","8":"product_cat-noze","9":"product_tag-b2b","11":"first","12":"instock","13":"taxable","14":"shipping-taxable","15":"purchasable","16":"product-type-simple"},"brands":[{"id":431,"name":"Microtech","slug":"microtech"}],"_links":{"self":[{"href":"https:\/\/www.moskito.cz\/es\/wp-json\/wp\/v2\/product\/230082","targetHints":{"allow":["GET"]}}],"collection":[{"href":"https:\/\/www.moskito.cz\/es\/wp-json\/wp\/v2\/product"}],"about":[{"href":"https:\/\/www.moskito.cz\/es\/wp-json\/wp\/v2\/types\/product"}],"replies":[{"embeddable":true,"href":"https:\/\/www.moskito.cz\/es\/wp-json\/wp\/v2\/comments?post=230082"}],"wp:featuredmedia":[{"embeddable":true,"href":"https:\/\/www.moskito.cz\/es\/wp-json\/wp\/v2\/media\/230083"}],"wp:attachment":[{"href":"https:\/\/www.moskito.cz\/es\/wp-json\/wp\/v2\/media?parent=230082"}],"wp:term":[{"taxonomy":"pwb-brand","embeddable":true,"href":"https:\/\/www.moskito.cz\/es\/wp-json\/wp\/v2\/pwb-brand?post=230082"},{"taxonomy":"product_brand","embeddable":true,"href":"https:\/\/www.moskito.cz\/es\/wp-json\/wp\/v2\/product_brand?post=230082"},{"taxonomy":"product_cat","embeddable":true,"href":"https:\/\/www.moskito.cz\/es\/wp-json\/wp\/v2\/product_cat?post=230082"},{"taxonomy":"product_tag","embeddable":true,"href":"https:\/\/www.moskito.cz\/es\/wp-json\/wp\/v2\/product_tag?post=230082"}],"curies":[{"name":"wp","href":"https:\/\/api.w.org\/{rel}","templated":true}]}}