{"id":230238,"date":"2022-11-17T09:42:46","date_gmt":"2022-11-17T08:42:46","guid":{"rendered":"https:\/\/www.moskito.cz\/?post_type=product&#038;p=230238"},"modified":"2025-05-07T10:43:47","modified_gmt":"2025-05-07T09:43:47","slug":"pevny-nuz-extrema-ratio-n-k-2-desert-warfare","status":"publish","type":"product","link":"https:\/\/www.moskito.cz\/es\/produkt\/pevny-nuz-extrema-ratio-n-k-2-desert-warfare\/","title":{"rendered":"Pevn\u00fd N\u016f\u017e Extrema Ratio N.K.2 DESERT WARFARE"},"content":{"rendered":"<p>Pevn\u00fd N\u016f\u017e <strong>Extrema Ratio<\/strong> N.K.2 DESERT WARFARE.<\/p>\n<p>NK2 je zmen\u0161en\u00fd n\u016f\u017e, kter\u00fd roz\u0161i\u0159uje rodinu no\u017e\u016f na krk o Extrema Ratio. Hlavn\u00ed rozd\u00edly oproti p\u0159edch\u016fdci NK1 jsou \u010depel tanto a otvor pro odvod krve. Konstrukce rukojeti zabra\u0148uje n\u00e1hodn\u00e9mu zran\u011bn\u00ed p\u0159i kreslen\u00ed. Dr\u00e1\u017eka na zadn\u00ed stran\u011b \u010depele je vhodn\u00e1 pro ukazov\u00e1\u010dek nebo palec u\u017eivatele, podle stylu ovl\u00e1d\u00e1n\u00ed. D\u00edky sv\u00e9 celkov\u00e9 konstrukci je NK2 jak schopn\u00fd \u00fatoku, prost\u0159ednictv\u00edm velmi \u00fa\u010dinn\u00fdch se\u010dn\u00fdch \u00fader\u016f, tak u\u017eite\u010dn\u00fd pro pr\u00e1ci s nepatrnou p\u0159esnost\u00ed. P\u0159ilo\u017een\u00e9, rychle se uvol\u0148uj\u00edc\u00ed pouzdro Kydex je dod\u00e1v\u00e1no s p\u00e1skem paracord pro no\u0161en\u00ed na krku. D\u00e1le jej lze p\u0159ipevnit pomoc\u00ed syst\u00e9mu MOLLE k taktick\u00fdm vest\u00e1m nebo ke kter\u00e9mukoli z kompatibiln\u00edch pochev cordura od Extrema Ratio. K dispozici, ale nen\u00ed sou\u010d\u00e1st\u00ed dod\u00e1vky: BELT-CLIP (pro p\u0159ipevn\u011bn\u00ed pouzdra k opasku), polymerov\u00fd SYST\u00c9M POD KO\u0160ILE (pro skryt\u00e9 no\u0161en\u00ed).<\/p>\n<p>HMOTNOST G: 69<br \/>\nD\u00c9LKA \u010cEPELE (MM): 50<br \/>\nCELKOV\u00c1 D\u00c9LKA (MM): 128<br \/>\nTLOU\u0160\u0164KA \u010cEPELE (MM): 6,3<br \/>\nMATERI\u00c1L \u010cEPELE: B\u00d6HLER N690 STEEL (58HRC)<br \/>\nPOVRCHOV\u00c1 \u00daPRAVA \u010cEPELE: DESERT WARFARE<br \/>\nHLAVN\u00cd M\u0158\u00cd\u017dKA: PLOCH\u00c1<br \/>\nMATERI\u00c1L RUKOJETI: B\u00d6HLER N690 STEEL (58HRC)<\/p>\n","protected":false},"excerpt":{"rendered":"<p>Spole\u010dnost\u00a0<strong>Extrema Ratio<\/strong>\u00a0se s\u00eddlem v italsk\u00e9m Pratu navrhuje a vyr\u00e1b\u00ed vysoce v\u00fdkonn\u00e9 bojov\u00e9, vojensk\u00e9, kuchy\u0148sk\u00e9, loveck\u00e9 a taktick\u00e9 no\u017ee od roku 1997 a m\u00e1 pov\u011bst vynikaj\u00edc\u00ed kvality, kter\u00e1 je v oboru vojensk\u00fdch a taktick\u00fdch no\u017e\u016f nep\u0159ekonateln\u00e1.\u00a0<strong>Doprava zdarma.<\/strong><\/p>\n","protected":false},"featured_media":230239,"comment_status":"open","ping_status":"closed","template":"","meta":[],"pwb-brand":[267],"product_brand":[],"product_cat":[23,17],"product_tag":[3667],"class_list":{"0":"post-230238","1":"product","2":"type-product","3":"status-publish","4":"has-post-thumbnail","6":"pwb-brand-extrema-ratio","7":"product_cat-pevne-noze","8":"product_cat-noze","9":"product_tag-b2b","11":"first","12":"instock","13":"taxable","14":"shipping-taxable","15":"purchasable","16":"product-type-simple"},"brands":[{"id":267,"name":"Extrema Ratio","slug":"extrema-ratio"}],"_links":{"self":[{"href":"https:\/\/www.moskito.cz\/es\/wp-json\/wp\/v2\/product\/230238","targetHints":{"allow":["GET"]}}],"collection":[{"href":"https:\/\/www.moskito.cz\/es\/wp-json\/wp\/v2\/product"}],"about":[{"href":"https:\/\/www.moskito.cz\/es\/wp-json\/wp\/v2\/types\/product"}],"replies":[{"embeddable":true,"href":"https:\/\/www.moskito.cz\/es\/wp-json\/wp\/v2\/comments?post=230238"}],"wp:featuredmedia":[{"embeddable":true,"href":"https:\/\/www.moskito.cz\/es\/wp-json\/wp\/v2\/media\/230239"}],"wp:attachment":[{"href":"https:\/\/www.moskito.cz\/es\/wp-json\/wp\/v2\/media?parent=230238"}],"wp:term":[{"taxonomy":"pwb-brand","embeddable":true,"href":"https:\/\/www.moskito.cz\/es\/wp-json\/wp\/v2\/pwb-brand?post=230238"},{"taxonomy":"product_brand","embeddable":true,"href":"https:\/\/www.moskito.cz\/es\/wp-json\/wp\/v2\/product_brand?post=230238"},{"taxonomy":"product_cat","embeddable":true,"href":"https:\/\/www.moskito.cz\/es\/wp-json\/wp\/v2\/product_cat?post=230238"},{"taxonomy":"product_tag","embeddable":true,"href":"https:\/\/www.moskito.cz\/es\/wp-json\/wp\/v2\/product_tag?post=230238"}],"curies":[{"name":"wp","href":"https:\/\/api.w.org\/{rel}","templated":true}]}}