{"id":230348,"date":"2022-11-17T17:27:52","date_gmt":"2022-11-17T16:27:52","guid":{"rendered":"https:\/\/www.moskito.cz\/?post_type=product&#038;p=230348"},"modified":"2025-05-07T10:43:50","modified_gmt":"2025-05-07T09:43:50","slug":"vystrelovaci-nuz-microtech-combat-troodon-t-e-sig-series-outbreak-finish-144-3obds","status":"publish","type":"product","link":"https:\/\/www.moskito.cz\/es\/produkt\/vystrelovaci-nuz-microtech-combat-troodon-t-e-sig-series-outbreak-finish-144-3obds\/","title":{"rendered":"Vyst\u0159elovac\u00ed N\u016f\u017e Microtech Combat Troodon T\/E Sig Series Outbreak Finish 144-3OBDS"},"content":{"rendered":"<p>Vyst\u0159elovac\u00ed N\u016f\u017e <strong>Microtech<\/strong> Combat Troodon T\/E Sig Series Outbreak Finish 144-3OBDS.<\/p>\n<p>Combat Troodon\u00ae, vytvo\u0159en\u00fd pro r\u016fzn\u00e9 situace a bojov\u00e9 situace na bl\u00edzko, je obl\u00edben\u00fd mezi policejn\u00edmi slo\u017ekami, ozbrojen\u00fdmi silami Spojen\u00fdch st\u00e1t\u016f a servisn\u00edm person\u00e1lem prvn\u00edho z\u00e1sahu. D\u00edky zna\u010dn\u00e9mu pocitu je vhodn\u00fd pro n\u00e1ro\u010dn\u00e9 pou\u017eit\u00ed, zat\u00edmco v\u00fdhody automatick\u00e9ho OTF z n\u011bj d\u011blaj\u00ed skv\u011blou volbu pro ka\u017edodenn\u00ed no\u0161en\u00ed.<\/p>\n<p>Styl \u010depele: Tanto<br \/>\nD\u00e9lka rukojeti: 14.37 cm<br \/>\nTlou\u0161\u0165ka rukojeti: 1.37 cm<br \/>\nMateri\u00e1l rukojeti: hlin\u00edk<br \/>\nHmotnost: 5,35 oz.<br \/>\nU\u017eivatel: Prav\u00e1 ruka<br \/>\nPocket Clip: Tip-Down<br \/>\nTyp no\u017ee: Double-Action OTF Automatic<br \/>\nOtv\u00edra\u010d: Thumb Slide<br \/>\nZna\u010dka: Microtech<br \/>\nModel: Combat Troodon<\/p>\n<p>Zem\u011b p\u016fvodu: USA<\/p>\n","protected":false},"excerpt":{"rendered":"<p>V pr\u016fb\u011bhu let\u00a0<strong>Microtech\u00ae Knives<\/strong>\u00a0naplnil v\u00e1\u0161n\u00ed a dovednost\u00ed v\u00fdrobu no\u017e\u016f, a\u017e z nich vytvo\u0159il t\u00e9m\u011b\u0159 um\u011bleck\u00e1 d\u00edla,kter\u00e9 jsou vrcholem funk\u010dnosti. V\u0161echny d\u00edly jsou vyrodeny v USA.<br \/>\n<strong>Na v\u0161echny no\u017ee Microtech je do\u017eivotn\u00ed z\u00e1ruka.<\/strong><\/p>\n<p><strong>Doprava zdarma.<\/strong><\/p>\n","protected":false},"featured_media":230352,"comment_status":"open","ping_status":"closed","template":"","meta":[],"pwb-brand":[431],"product_brand":[],"product_cat":[2019,17],"product_tag":[3667],"class_list":{"0":"post-230348","1":"product","2":"type-product","3":"status-publish","4":"has-post-thumbnail","6":"pwb-brand-microtech","7":"product_cat-vystrelovaci-noze","8":"product_cat-noze","9":"product_tag-b2b","11":"first","12":"outofstock","13":"taxable","14":"shipping-taxable","15":"purchasable","16":"product-type-simple"},"brands":[{"id":431,"name":"Microtech","slug":"microtech"}],"_links":{"self":[{"href":"https:\/\/www.moskito.cz\/es\/wp-json\/wp\/v2\/product\/230348","targetHints":{"allow":["GET"]}}],"collection":[{"href":"https:\/\/www.moskito.cz\/es\/wp-json\/wp\/v2\/product"}],"about":[{"href":"https:\/\/www.moskito.cz\/es\/wp-json\/wp\/v2\/types\/product"}],"replies":[{"embeddable":true,"href":"https:\/\/www.moskito.cz\/es\/wp-json\/wp\/v2\/comments?post=230348"}],"wp:featuredmedia":[{"embeddable":true,"href":"https:\/\/www.moskito.cz\/es\/wp-json\/wp\/v2\/media\/230352"}],"wp:attachment":[{"href":"https:\/\/www.moskito.cz\/es\/wp-json\/wp\/v2\/media?parent=230348"}],"wp:term":[{"taxonomy":"pwb-brand","embeddable":true,"href":"https:\/\/www.moskito.cz\/es\/wp-json\/wp\/v2\/pwb-brand?post=230348"},{"taxonomy":"product_brand","embeddable":true,"href":"https:\/\/www.moskito.cz\/es\/wp-json\/wp\/v2\/product_brand?post=230348"},{"taxonomy":"product_cat","embeddable":true,"href":"https:\/\/www.moskito.cz\/es\/wp-json\/wp\/v2\/product_cat?post=230348"},{"taxonomy":"product_tag","embeddable":true,"href":"https:\/\/www.moskito.cz\/es\/wp-json\/wp\/v2\/product_tag?post=230348"}],"curies":[{"name":"wp","href":"https:\/\/api.w.org\/{rel}","templated":true}]}}