{"id":230361,"date":"2022-11-17T18:24:33","date_gmt":"2022-11-17T17:24:33","guid":{"rendered":"https:\/\/www.moskito.cz\/?post_type=product&#038;p=230361"},"modified":"2025-11-02T08:58:44","modified_gmt":"2025-11-02T07:58:44","slug":"pevny-nuz-extrema-ratio-contact-c-desert","status":"publish","type":"product","link":"https:\/\/www.moskito.cz\/es\/produkt\/pevny-nuz-extrema-ratio-contact-c-desert\/","title":{"rendered":"Pevn\u00fd N\u016f\u017e Extrema Ratio CONTACT C DESERT"},"content":{"rendered":"<p>Pevn\u00fd N\u016f\u017e <strong>Extrema Ratio<\/strong> CONTACT C DESERT.<\/p>\n<p>Kompaktn\u00ed verze CONTACT, CONTACT C m\u00e1 \u010depel B\u00f6hler N690 z oceli s hrotem o\u0161t\u011bpu, kalenou na 58 HRC s jednoramenn\u00fdm p\u0159edpa\u017eb\u00edm a pln\u011bj\u0161\u00edm po cel\u00e9 d\u00e9lce pro lehkost. Rukoje\u0165 Forprene je p\u0159ipevn\u011bna z\u00e1vitovou \u010depi\u010dkou, d\u00edky kter\u00e9 je n\u016f\u017e pevn\u00fd a dob\u0159e vyv\u00e1\u017een\u00fd. Vst\u0159ikovan\u00e1 nylonov\u00e1, n\u00e1razuvzdorn\u00e1 pochva kompatibiln\u00ed s MOLLE m\u00e1 tlumic\u00ed syst\u00e9m, kter\u00fd zabra\u0148uje chrast\u011bn\u00ed \u010depele, bezpe\u010dnostn\u00ed smy\u010dku s dv\u011bma tla\u010d\u00edtky a pojistku, kter\u00e1 se uvoln\u00ed jednoduch\u00fdm tlakem na p\u00e1ku podobnou spou\u0161t\u011b. Dostupn\u00e9 ve verz\u00edch Black, Desert, Hcs, Ranger Green a Wolf Grey.<\/p>\n<p>HMOTNOST G: 273<br \/>\nD\u00c9LKA \u010cEPELE (MM): 128<br \/>\nCELKOV\u00c1 D\u00c9LKA (MM): 258<br \/>\nTLOU\u0160\u0164KA \u010cEPELE (MM): 6,3<br \/>\nMATERI\u00c1L \u010cEPELE: B\u00d6HLER N690 STEEL (58HRC)<br \/>\nPOVRCHOV\u00c1 \u00daPRAVA \u010cEPELE: KAMENE WASHED<br \/>\nHLAVN\u00cd M\u0158\u00cd\u017dKA: PLOCH\u00c1<br \/>\nMATERI\u00c1L RUKOJETI: FORPRENE<\/p>\n<p>&nbsp;<\/p>\n","protected":false},"excerpt":{"rendered":"<p>Spole\u010dnost Extrema Ratio se s\u00eddlem v italsk\u00e9m Pratu navrhuje a vyr\u00e1b\u00ed vysoce v\u00fdkonn\u00e9 bojov\u00e9, vojensk\u00e9, kuchy\u0148sk\u00e9, loveck\u00e9 a taktick\u00e9 no\u017ee od roku 1997 a m\u00e1 pov\u011bst vynikaj\u00edc\u00ed kvality, kter\u00e1 je v oboru vojensk\u00fdch a taktick\u00fdch no\u017e\u016f nep\u0159ekonateln\u00e1.<\/p>\n<p><strong>Doprava zdarma.<\/strong><\/p>\n","protected":false},"featured_media":230362,"comment_status":"open","ping_status":"closed","template":"","meta":[],"pwb-brand":[267],"product_brand":[],"product_cat":[23,17],"product_tag":[3667],"class_list":{"0":"post-230361","1":"product","2":"type-product","3":"status-publish","4":"has-post-thumbnail","6":"pwb-brand-extrema-ratio","7":"product_cat-pevne-noze","8":"product_cat-noze","9":"product_tag-b2b","11":"first","12":"instock","13":"taxable","14":"shipping-taxable","15":"purchasable","16":"product-type-simple"},"brands":[{"id":267,"name":"Extrema Ratio","slug":"extrema-ratio"}],"_links":{"self":[{"href":"https:\/\/www.moskito.cz\/es\/wp-json\/wp\/v2\/product\/230361","targetHints":{"allow":["GET"]}}],"collection":[{"href":"https:\/\/www.moskito.cz\/es\/wp-json\/wp\/v2\/product"}],"about":[{"href":"https:\/\/www.moskito.cz\/es\/wp-json\/wp\/v2\/types\/product"}],"replies":[{"embeddable":true,"href":"https:\/\/www.moskito.cz\/es\/wp-json\/wp\/v2\/comments?post=230361"}],"wp:featuredmedia":[{"embeddable":true,"href":"https:\/\/www.moskito.cz\/es\/wp-json\/wp\/v2\/media\/230362"}],"wp:attachment":[{"href":"https:\/\/www.moskito.cz\/es\/wp-json\/wp\/v2\/media?parent=230361"}],"wp:term":[{"taxonomy":"pwb-brand","embeddable":true,"href":"https:\/\/www.moskito.cz\/es\/wp-json\/wp\/v2\/pwb-brand?post=230361"},{"taxonomy":"product_brand","embeddable":true,"href":"https:\/\/www.moskito.cz\/es\/wp-json\/wp\/v2\/product_brand?post=230361"},{"taxonomy":"product_cat","embeddable":true,"href":"https:\/\/www.moskito.cz\/es\/wp-json\/wp\/v2\/product_cat?post=230361"},{"taxonomy":"product_tag","embeddable":true,"href":"https:\/\/www.moskito.cz\/es\/wp-json\/wp\/v2\/product_tag?post=230361"}],"curies":[{"name":"wp","href":"https:\/\/api.w.org\/{rel}","templated":true}]}}