{"id":230518,"date":"2022-11-19T09:42:52","date_gmt":"2022-11-19T08:42:52","guid":{"rendered":"https:\/\/www.moskito.cz\/?post_type=product&#038;p=230518"},"modified":"2025-05-07T10:43:52","modified_gmt":"2025-05-07T09:43:52","slug":"pevny-nuz-sog-ace","status":"publish","type":"product","link":"https:\/\/www.moskito.cz\/es\/produkt\/pevny-nuz-sog-ace\/","title":{"rendered":"Pevn\u00fd N\u016f\u017e SOG ACE"},"content":{"rendered":"<p>Pevn\u00fd N\u016f\u017e <strong>SOG<\/strong> ACE.<\/p>\n<p>Ace je nejdostupn\u011bj\u0161\u00ed a cenov\u011b dostupn\u00fd n\u016f\u017e s pevnou \u010depel\u00ed od SOG. S \u010dern\u00fdm pouzdrem a p\u0159ilnavou texturovanou gumovou rukojet\u00ed je to n\u016f\u017e, kter\u00fd m\u016f\u017eete uchopit a v\u00edte, \u017ee budete p\u0159ipraveni. D\u00edky 3,8palcov\u00e9 \u010depeli s klipem pro v\u0161estrannost je Ace va\u0161\u00edm nejlep\u0161\u00edm p\u0159\u00edtelem, pokud jde o outdoor. Pochva je dokonce dod\u00e1v\u00e1na s dr\u00e1\u017ekou pro \u0159ez\u00e1n\u00ed \u0161\u0148\u016fry! A stejn\u011b jako v\u0161echny no\u017ee s pevnou \u010depel\u00ed SOG p\u0159ich\u00e1z\u00ed s na\u0161\u00ed do\u017eivotn\u00ed z\u00e1rukou, co\u017e znamen\u00e1, \u017ee se na Ace m\u016f\u017eete v\u017edy spolehnout.<\/p>\n<p>Skv\u011bl\u00e1 funk\u010dnost za velmi rozumnou cenu<br \/>\nP\u0159\u00edstupn\u00fd, cenov\u011b dostupn\u00fd n\u016f\u017e, kter\u00fd zvl\u00e1dne v\u011bt\u0161inu venkovn\u00edch \u00fakol\u016f. Dobr\u00e1 volba pro skauty nebo t\u00e1born\u00edky, je schopen zvl\u00e1dnout v\u011bt\u0161inu prac\u00ed.<\/p>\n<p>Pevn\u00e1 \u010depel s dosahem funkc\u00ed za rozumnou cenu<br \/>\nCenov\u011b dostupn\u00e1 pevn\u00e1 \u010depel z oceli 7CR17MOV v povrchov\u00e9 \u00faprav\u011b stone wash. Obsahuje TRP rukoje\u0165 a lehk\u00e9 pouzdro na sponu na opasek s vestav\u011bnou dr\u00e1\u017ekou pro \u0159ez\u00e1n\u00ed kabelu.<\/p>\n<p>SNADNO SE DR\u017d\u00cd<br \/>\nS p\u0159ilnavou tvarovanou rukojet\u00ed se snadno manipuluje, i kdy\u017e je mokr\u00e1.<\/p>\n<p>Ace se dod\u00e1v\u00e1 s pohodln\u00fdm tvarovan\u00fdm pouzdrem.<\/p>\n<p>CELKOV\u00c1 D\u00e9lka: 219 mm<br \/>\nOCEL: 7Cr17MoV<br \/>\nBARVA: Grey<br \/>\nMATERI\u00c1L POUZDRA: Hard Molded Nylon<br \/>\nMATERI\u00c1L RUKOJETI: Rubber<br \/>\nTLOU\u0160\u0164KA \u010cEPELE: 3 mm<br \/>\nD\u00c9LKA \u010cEPELE: 97 mm<br \/>\nHMOTNOST: 113 g<\/p>\n<p><iframe title=\"SOG Ace\" width=\"800\" height=\"450\" src=\"https:\/\/www.youtube.com\/embed\/-2MwktzF1nM?feature=oembed\" frameborder=\"0\" allow=\"accelerometer; autoplay; clipboard-write; encrypted-media; gyroscope; picture-in-picture\" allowfullscreen><\/iframe><\/p>\n<p>&nbsp;<\/p>\n<p>&nbsp;<\/p>\n<p>&nbsp;<\/p>\n","protected":false},"excerpt":{"rendered":"<p>Tento n\u016f\u017e je ide\u00e1ln\u00ed pro \u00fakoly, jako je \u0161t\u00edp\u00e1n\u00ed d\u0159eva k podpalov\u00e1n\u00ed a vytv\u00e1\u0159en\u00ed p\u0159\u00edst\u0159e\u0161ku.<\/p>\n","protected":false},"featured_media":230519,"comment_status":"open","ping_status":"closed","template":"","meta":[],"pwb-brand":[591],"product_brand":[],"product_cat":[23,17],"product_tag":[3667],"class_list":{"0":"post-230518","1":"product","2":"type-product","3":"status-publish","4":"has-post-thumbnail","6":"pwb-brand-sog","7":"product_cat-pevne-noze","8":"product_cat-noze","9":"product_tag-b2b","11":"first","12":"instock","13":"taxable","14":"shipping-taxable","15":"purchasable","16":"product-type-simple"},"brands":[{"id":591,"name":"SOG","slug":"sog"}],"_links":{"self":[{"href":"https:\/\/www.moskito.cz\/es\/wp-json\/wp\/v2\/product\/230518","targetHints":{"allow":["GET"]}}],"collection":[{"href":"https:\/\/www.moskito.cz\/es\/wp-json\/wp\/v2\/product"}],"about":[{"href":"https:\/\/www.moskito.cz\/es\/wp-json\/wp\/v2\/types\/product"}],"replies":[{"embeddable":true,"href":"https:\/\/www.moskito.cz\/es\/wp-json\/wp\/v2\/comments?post=230518"}],"wp:featuredmedia":[{"embeddable":true,"href":"https:\/\/www.moskito.cz\/es\/wp-json\/wp\/v2\/media\/230519"}],"wp:attachment":[{"href":"https:\/\/www.moskito.cz\/es\/wp-json\/wp\/v2\/media?parent=230518"}],"wp:term":[{"taxonomy":"pwb-brand","embeddable":true,"href":"https:\/\/www.moskito.cz\/es\/wp-json\/wp\/v2\/pwb-brand?post=230518"},{"taxonomy":"product_brand","embeddable":true,"href":"https:\/\/www.moskito.cz\/es\/wp-json\/wp\/v2\/product_brand?post=230518"},{"taxonomy":"product_cat","embeddable":true,"href":"https:\/\/www.moskito.cz\/es\/wp-json\/wp\/v2\/product_cat?post=230518"},{"taxonomy":"product_tag","embeddable":true,"href":"https:\/\/www.moskito.cz\/es\/wp-json\/wp\/v2\/product_tag?post=230518"}],"curies":[{"name":"wp","href":"https:\/\/api.w.org\/{rel}","templated":true}]}}