{"id":231220,"date":"2022-11-20T21:44:50","date_gmt":"2022-11-20T20:44:50","guid":{"rendered":"https:\/\/www.moskito.cz\/?post_type=product&#038;p=231220"},"modified":"2025-05-07T10:44:08","modified_gmt":"2025-05-07T09:44:08","slug":"vystrelovaci-nuz-microtech-spartan-otf-auto-223-4","status":"publish","type":"product","link":"https:\/\/www.moskito.cz\/es\/produkt\/vystrelovaci-nuz-microtech-spartan-otf-auto-223-4\/","title":{"rendered":"Vyst\u0159elovac\u00ed N\u016f\u017e Microtech SPARTAN OTF AUTO 223-4"},"content":{"rendered":"<p>Vyst\u0159elovac\u00ed N\u016f\u017e <strong>Microtech<\/strong> SPARTAN OTF AUTO 223-4.<\/p>\n<p>Ultratech Spartan dual action p\u0159edn\u00ed automatick\u00fd n\u016f\u017e od Microtech nastavuje standard pro tuto kategorii. Tato verze m\u00e1 hladkou \u010dernou rukoje\u0165 a standardn\u00ed hladkou dvoub\u0159itou \u010depel Tanto ve stylu d\u00fdky.<\/p>\n<p>Zcela nov\u00e9 p\u0159\u00edmo od Microtech Knives, USA.<\/p>\n<p>\u010cepel: Tanto point d\u00fdka s \u010dist\u00fdm sat\u00e9nov\u00fdm povrchem m\u00e1 dv\u011b standardn\u00ed hladk\u00e9 ost\u0159\u00ed. D\u00fdka je extra \u0161pi\u010dat\u00e1 a vyrobena z oceli Elmax, kter\u00e1 dr\u017e\u00ed hrany. Pln\u011bj\u0161\u00ed dr\u00e1\u017eka uprost\u0159ed je matn\u011b \u0161ed\u00e1, zat\u00edmco zbytek povrchu je zcela sat\u00e9nov\u011b upraven\u00fd. \u010cepel 3,44 palce je vybavena dvoj\u010dinn\u00fdm mechanismem otev\u00edr\u00e1n\u00ed a zatahov\u00e1n\u00ed. Jednodu\u0161e posu\u0148te palcov\u00fd posuvn\u00edk na stran\u011b rukojeti nahoru pro rozvinut\u00ed a dol\u016f pro zata\u017een\u00ed. Vnit\u0159n\u00ed pru\u017eina z\u016fst\u00e1v\u00e1 v klidu v otev\u0159en\u00e9 i zav\u0159en\u00e9 poloze, aby se sn\u00ed\u017eilo opot\u0159eben\u00ed. Akce je plynul\u00e1 a rychl\u00e1.<\/p>\n<p>Rukoje\u0165: Hladk\u00fd, \u010dern\u011b pota\u017een\u00fd hlin\u00edk 6061-T6 vytv\u00e1\u0159\u00ed nejen pohodln\u00fd pocit v ruce, ale tak\u00e9 hladk\u00fd p\u0159echod do kapsy a z kapsy. Kolem vn\u011bj\u0161\u00edch \u010d\u00e1st\u00ed je n\u011bkolik oblast\u00ed strojov\u011b dr\u00e1\u017ekovan\u00e9 textury, kter\u00e9 napom\u00e1haj\u00ed p\u0159ilnavosti. Tato leh\u010d\u00ed a ergonomick\u00e1 rukoje\u0165 je \u0161etrn\u00e1 k ruk\u00e1m a o\u010d\u00edm. Konstrukce rukojeti je dopln\u011bna patentovan\u00fdm hardwarem spole\u010dnosti Microtech, koncem pro rozb\u00edjen\u00ed skla a kapesn\u00edm klipem otryskan\u00fdm kor\u00e1lky s individu\u00e1ln\u00edm s\u00e9riov\u00fdm \u010d\u00edslem \/ datem v\u00fdroby.<\/p>\n<p>Specifikace :<br \/>\nAutomatick\u00e9 otev\u00edr\u00e1n\u00ed\/zav\u00edr\u00e1n\u00ed \u2013 p\u0159edn\u00ed otv\u00edr\u00e1n\u00ed<br \/>\nAkce: Dvoj\u00ed akce \u2013 Automatick\u00fd v\u00fdst\u0159el\/zata\u017een\u00ed<br \/>\nCelkov\u00e1 d\u00e9lka: 22 cm<br \/>\nD\u00e9lka \u010depele: 8.6 cm<br \/>\nStyl \u010depele: Spartan Double Edge<br \/>\nMateri\u00e1l rukojeti: Hlin\u00edk 6061-T6 s OD Green Mil-Spec Hard Coat Eloxing<br \/>\nMateri\u00e1l kapesn\u00ed spony: 301 Stainless<br \/>\nStandardn\u00ed horn\u00ed: 6061-T6 AL slitina<br \/>\nSpou\u0161\u0165: 303 Nerez<br \/>\nRozb\u00edje\u010d oken<br \/>\nVyrobeno v USA<\/p>\n","protected":false},"excerpt":{"rendered":"<p>V pr\u016fb\u011bhu let\u00a0<strong>Microtech\u00ae Knives<\/strong>\u00a0naplnil v\u00e1\u0161n\u00ed a dovednost\u00ed v\u00fdrobu no\u017e\u016f, a\u017e z nich vytvo\u0159il t\u00e9m\u011b\u0159 um\u011bleck\u00e1 d\u00edla,kter\u00e9 jsou vrcholem funk\u010dnosti. V\u0161echny d\u00edly jsou vyrobeny v USA.<br \/>\n<strong>Na v\u0161echny no\u017ee Microtech je do\u017eivotn\u00ed z\u00e1ruka.<\/strong><\/p>\n<p><strong>Doprava zdarma.<\/strong><\/p>\n","protected":false},"featured_media":231221,"comment_status":"open","ping_status":"closed","template":"","meta":[],"pwb-brand":[431],"product_brand":[],"product_cat":[2019,17],"product_tag":[3667],"class_list":{"0":"post-231220","1":"product","2":"type-product","3":"status-publish","4":"has-post-thumbnail","6":"pwb-brand-microtech","7":"product_cat-vystrelovaci-noze","8":"product_cat-noze","9":"product_tag-b2b","11":"first","12":"outofstock","13":"taxable","14":"shipping-taxable","15":"purchasable","16":"product-type-simple"},"brands":[{"id":431,"name":"Microtech","slug":"microtech"}],"_links":{"self":[{"href":"https:\/\/www.moskito.cz\/es\/wp-json\/wp\/v2\/product\/231220","targetHints":{"allow":["GET"]}}],"collection":[{"href":"https:\/\/www.moskito.cz\/es\/wp-json\/wp\/v2\/product"}],"about":[{"href":"https:\/\/www.moskito.cz\/es\/wp-json\/wp\/v2\/types\/product"}],"replies":[{"embeddable":true,"href":"https:\/\/www.moskito.cz\/es\/wp-json\/wp\/v2\/comments?post=231220"}],"wp:featuredmedia":[{"embeddable":true,"href":"https:\/\/www.moskito.cz\/es\/wp-json\/wp\/v2\/media\/231221"}],"wp:attachment":[{"href":"https:\/\/www.moskito.cz\/es\/wp-json\/wp\/v2\/media?parent=231220"}],"wp:term":[{"taxonomy":"pwb-brand","embeddable":true,"href":"https:\/\/www.moskito.cz\/es\/wp-json\/wp\/v2\/pwb-brand?post=231220"},{"taxonomy":"product_brand","embeddable":true,"href":"https:\/\/www.moskito.cz\/es\/wp-json\/wp\/v2\/product_brand?post=231220"},{"taxonomy":"product_cat","embeddable":true,"href":"https:\/\/www.moskito.cz\/es\/wp-json\/wp\/v2\/product_cat?post=231220"},{"taxonomy":"product_tag","embeddable":true,"href":"https:\/\/www.moskito.cz\/es\/wp-json\/wp\/v2\/product_tag?post=231220"}],"curies":[{"name":"wp","href":"https:\/\/api.w.org\/{rel}","templated":true}]}}