{"id":232204,"date":"2022-12-02T11:51:58","date_gmt":"2022-12-02T10:51:58","guid":{"rendered":"https:\/\/www.moskito.cz\/?post_type=product&#038;p=232204"},"modified":"2025-05-07T10:44:28","modified_gmt":"2025-05-07T09:44:28","slug":"zaviraci-nuz-magnum-advance-checkering-dark-bronze","status":"publish","type":"product","link":"https:\/\/www.moskito.cz\/es\/produkt\/zaviraci-nuz-magnum-advance-checkering-dark-bronze\/","title":{"rendered":"Zav\u00edrac\u00ed N\u016f\u017e Magnum Advance Checkering Dark Bronze"},"content":{"rendered":"<p>Zav\u00edrac\u00ed N\u016f\u017e <strong>Magnum<\/strong> Advance Checkering Dark Bronze.<\/p>\n<p>S Checkering Dark Bronze byla \u0159ada Magnum Advance roz\u0161\u00ed\u0159ena o subtiln\u011bj\u0161\u00ed variantu a z\u00e1rove\u0148 pov\u00fd\u0161ena na novou \u00farove\u0148 kvality. Propracovan\u00e9 dr\u00e1\u017ekov\u00e1n\u00ed hlin\u00edkov\u00fdch sko\u0159epin rukojeti zaji\u0161\u0165uje bezpe\u010dn\u00e9 dr\u017een\u00ed a neomezenou funk\u010dnost. \u010cepel vyroben\u00e1 z nerezav\u011bj\u00edc\u00edho materi\u00e1lu 440C s extr\u00e9mn\u011b vysokou odolnost\u00ed v\u016f\u010di ost\u0159\u00ed se otev\u00edr\u00e1 pomoc\u00ed palcov\u00e9ho kol\u00edku a je zaji\u0161t\u011bna z\u00e1mkem vlo\u017eky. S otvorem pro \u0161\u0148\u016frku, konvertibiln\u00ed sponou pro hlubok\u00e9 no\u0161en\u00ed (tip-up\/l-r) a praktick\u00fdm nylonov\u00fdm pouzdrem na opasek.<\/p>\n<p>Materi\u00e1l \u010depele:440C<\/p>\n<p>Materi\u00e1l rukojeti: Hlin\u00edk<br \/>\nPojistka: Linerlock<br \/>\nD\u00e9lka \u010depele: 8.5 cm<br \/>\nCelkov\u00e1 d\u00e9lka: 19 cm<br \/>\nD\u00e9lka rukojeti: 10.5 cm<br \/>\nTlou\u0161\u0165ka \u010depele: 2.7 mm<br \/>\nHmotnost: 113 g<br \/>\nVyu\u017eit\u00ed: EDC &#8211; ka\u017edodenn\u00ed no\u0161en\u00ed<\/p>\n","protected":false},"excerpt":{"rendered":"<p><strong>S Checkering Dark Bronze byla \u0159ada Magnum Advance roz\u0161\u00ed\u0159ena o subtiln\u011bj\u0161\u00ed variantu a z\u00e1rove\u0148 pov\u00fd\u0161ena na novou \u00farove\u0148 kvality.<\/strong><\/p>\n","protected":false},"featured_media":232205,"comment_status":"open","ping_status":"closed","template":"","meta":[],"pwb-brand":[140],"product_brand":[],"product_cat":[22,17],"product_tag":[3667],"class_list":{"0":"post-232204","1":"product","2":"type-product","3":"status-publish","4":"has-post-thumbnail","6":"pwb-brand-boker","7":"product_cat-zaviraci-noze","8":"product_cat-noze","9":"product_tag-b2b","11":"first","12":"instock","13":"taxable","14":"shipping-taxable","15":"purchasable","16":"product-type-simple"},"brands":[{"id":140,"name":"Boker","slug":"boker"}],"_links":{"self":[{"href":"https:\/\/www.moskito.cz\/es\/wp-json\/wp\/v2\/product\/232204","targetHints":{"allow":["GET"]}}],"collection":[{"href":"https:\/\/www.moskito.cz\/es\/wp-json\/wp\/v2\/product"}],"about":[{"href":"https:\/\/www.moskito.cz\/es\/wp-json\/wp\/v2\/types\/product"}],"replies":[{"embeddable":true,"href":"https:\/\/www.moskito.cz\/es\/wp-json\/wp\/v2\/comments?post=232204"}],"wp:featuredmedia":[{"embeddable":true,"href":"https:\/\/www.moskito.cz\/es\/wp-json\/wp\/v2\/media\/232205"}],"wp:attachment":[{"href":"https:\/\/www.moskito.cz\/es\/wp-json\/wp\/v2\/media?parent=232204"}],"wp:term":[{"taxonomy":"pwb-brand","embeddable":true,"href":"https:\/\/www.moskito.cz\/es\/wp-json\/wp\/v2\/pwb-brand?post=232204"},{"taxonomy":"product_brand","embeddable":true,"href":"https:\/\/www.moskito.cz\/es\/wp-json\/wp\/v2\/product_brand?post=232204"},{"taxonomy":"product_cat","embeddable":true,"href":"https:\/\/www.moskito.cz\/es\/wp-json\/wp\/v2\/product_cat?post=232204"},{"taxonomy":"product_tag","embeddable":true,"href":"https:\/\/www.moskito.cz\/es\/wp-json\/wp\/v2\/product_tag?post=232204"}],"curies":[{"name":"wp","href":"https:\/\/api.w.org\/{rel}","templated":true}]}}