{"id":232560,"date":"2022-12-10T15:29:53","date_gmt":"2022-12-10T14:29:53","guid":{"rendered":"https:\/\/www.moskito.cz\/?post_type=product&#038;p=232560"},"modified":"2025-05-07T10:44:40","modified_gmt":"2025-05-07T09:44:40","slug":"cold-steel-gold-lion-katana-2","status":"publish","type":"product","link":"https:\/\/www.moskito.cz\/es\/produkt\/cold-steel-gold-lion-katana-2\/","title":{"rendered":"Cold Steel GOLD LION KATANA"},"content":{"rendered":"<p><strong>Cold Steel<\/strong> GOLD LION KATANA.<\/p>\n<p>GOLD LION KATANA Katana p\u0159edstavuje samuraje, kter\u00fd ka\u017ed\u00fd den nos\u00ed me\u010d pro osobn\u00ed ochranu a obranu sv\u00e9ho P\u00e1na, jeho rodiny a jeho domova. Je v\u00fdrazn\u011b leh\u010d\u00ed ne\u017e n\u011bkter\u00e9 z na\u0161ich dal\u0161\u00edch katana pro v\u011bt\u0161\u00ed z\u00e1t\u011b\u017e, je nejen rychlej\u0161\u00ed v ruce, ale sn\u00e1ze a pohodln\u011bji se nos\u00ed, kdy\u017e je zastr\u010den\u00fd do Obi a nos\u00ed se cel\u00fd den. Katanas Menuki nese symbol japonsk\u00e9 Shisa (lv\u00ed pes), str\u00e1\u017ece nebo ochr\u00e1nce &#8211; vhodn\u00fd motiv pro tento kr\u00e1sn\u00fd lehk\u00fd me\u010d. \u010cepel Gold Lion Katanas m\u011b\u0159\u00ed necel\u00fdch t\u0159icet palc\u016f a je vyrobena z odborn\u011b ru\u010dn\u011b brou\u0161en\u00e9 a vysoce le\u0161t\u011bn\u00e9 dama\u0161kov\u00e9 oceli, s hamagursk\u00fdm brou\u0161en\u00edm, \u0161pi\u010datou h\u0159betem Lori Mune a zvln\u011bn\u00fdm j\u00edlem temperovan\u00fdm Hamonem. \u010cern\u00e1 \u017eehli\u010dka Tsuba, Fuchi a Kashira maj\u00ed v\u0161echny leskl\u00e9 akcenty z 24kar\u00e1tov\u00e9ho zlata a rukoje\u0165 je vybavena b\u00edlou paprskovitou k\u016f\u017e\u00ed a \u010dernou hedv\u00e1bnou \u0161\u0148\u016frkou.<\/p>\n<p>Barva: \u010cern\u00e1\/Zelen\u00e1\/Zlat\u00e1<br \/>\nCelkov\u00e1 velikost: 1047 mm<br \/>\nD\u00e9lka rukojeti: 278 mm<br \/>\nD\u00e9lka \u010depele: 762 mm<br \/>\nOcel: Damascus<br \/>\nHmotnost: 813,63 g<br \/>\nTlou\u0161\u0165ka \u010depele: 6 mm<\/p>\n<div class=\"detaillist-row\"><\/div>\n<p><iframe title=\"COLD STEEL DEADLIEST WEAPONS GOLD LION KATANA\" width=\"800\" height=\"450\" src=\"https:\/\/www.youtube.com\/embed\/VAR7uwVCm1U?feature=oembed\" frameborder=\"0\" allow=\"accelerometer; autoplay; clipboard-write; encrypted-media; gyroscope; picture-in-picture\" allowfullscreen><\/iframe><\/p>\n<p>&nbsp;<\/p>\n","protected":false},"excerpt":{"rendered":"<p><strong>Cold Steel Gold Lion Katana<\/strong> je nejleh\u010d\u00ed japonsk\u00fd me\u010d z d\u00edlny Cold Steelu.<\/p>\n","protected":false},"featured_media":232561,"comment_status":"open","ping_status":"closed","template":"","meta":[],"pwb-brand":[211],"product_brand":[],"product_cat":[24,1942],"product_tag":[3667],"class_list":{"0":"post-232560","1":"product","2":"type-product","3":"status-publish","4":"has-post-thumbnail","6":"pwb-brand-cold-steel","7":"product_cat-katany-a-mece","8":"product_cat-mece-dyky-repliky","9":"product_tag-b2b","11":"first","12":"outofstock","13":"taxable","14":"shipping-taxable","15":"purchasable","16":"product-type-simple"},"brands":[{"id":211,"name":"Cold Steel","slug":"cold-steel"}],"_links":{"self":[{"href":"https:\/\/www.moskito.cz\/es\/wp-json\/wp\/v2\/product\/232560","targetHints":{"allow":["GET"]}}],"collection":[{"href":"https:\/\/www.moskito.cz\/es\/wp-json\/wp\/v2\/product"}],"about":[{"href":"https:\/\/www.moskito.cz\/es\/wp-json\/wp\/v2\/types\/product"}],"replies":[{"embeddable":true,"href":"https:\/\/www.moskito.cz\/es\/wp-json\/wp\/v2\/comments?post=232560"}],"wp:featuredmedia":[{"embeddable":true,"href":"https:\/\/www.moskito.cz\/es\/wp-json\/wp\/v2\/media\/232561"}],"wp:attachment":[{"href":"https:\/\/www.moskito.cz\/es\/wp-json\/wp\/v2\/media?parent=232560"}],"wp:term":[{"taxonomy":"pwb-brand","embeddable":true,"href":"https:\/\/www.moskito.cz\/es\/wp-json\/wp\/v2\/pwb-brand?post=232560"},{"taxonomy":"product_brand","embeddable":true,"href":"https:\/\/www.moskito.cz\/es\/wp-json\/wp\/v2\/product_brand?post=232560"},{"taxonomy":"product_cat","embeddable":true,"href":"https:\/\/www.moskito.cz\/es\/wp-json\/wp\/v2\/product_cat?post=232560"},{"taxonomy":"product_tag","embeddable":true,"href":"https:\/\/www.moskito.cz\/es\/wp-json\/wp\/v2\/product_tag?post=232560"}],"curies":[{"name":"wp","href":"https:\/\/api.w.org\/{rel}","templated":true}]}}