{"id":236027,"date":"2022-12-18T22:06:02","date_gmt":"2022-12-18T21:06:02","guid":{"rendered":"https:\/\/www.moskito.cz\/?post_type=product&#038;p=236027"},"modified":"2025-12-05T15:51:08","modified_gmt":"2025-12-05T14:51:08","slug":"vystrelovaci-nuz-microtech-exocet-otf-money-clip-bronze-apocalyptic-157-13apod","status":"publish","type":"product","link":"https:\/\/www.moskito.cz\/es\/produkt\/vystrelovaci-nuz-microtech-exocet-otf-money-clip-bronze-apocalyptic-157-13apod\/","title":{"rendered":"Vyst\u0159elovac\u00ed N\u016f\u017e Microtech Exocet OTF Money Clip Bronze Apocalyptic 157-13APOD"},"content":{"rendered":"<p>Vyst\u0159elovac\u00ed N\u016f\u017e <strong>Microtech<\/strong> Exocet OTF Money Clip Bronze Apocalyptic 157-13APOD.<\/p>\n<p>Hv\u011bzda \u0159ady Microtech 2019, Exocet spojuje u\u017eite\u010dnost a ka\u017edodenn\u00ed prakti\u010dnost v jednom jedine\u010dn\u00e9m balen\u00ed. Inovativn\u00ed a prvn\u00ed sv\u00e9ho druhu, tento automatick\u00fd OTF ukr\u00fdv\u00e1 m\u00e9n\u011b ne\u017e dvoupalcovou \u010depel podle Kalifornie a slou\u017e\u00ed jako spona na pen\u00edze, tak\u017ee je ide\u00e1ln\u00ed pro ka\u017edodenn\u00ed no\u0161en\u00ed. Jeho vzhled v\u00e1s m\u016f\u017ee p\u0159ekvapit, kdy\u017e jej poprv\u00e9 uvid\u00edte, ale pocity \u00fazkosti zmiz\u00ed p\u0159i prvn\u00edm spu\u0161t\u011bn\u00ed. Tento n\u016f\u017e st\u0159\u00edl\u00ed rychleji a snadn\u011bji ne\u017e jak\u00fdkoli jin\u00fd Microtech OTF, tak\u017ee je to perfektn\u00ed d\u00e1rek pro va\u0161i drahou polovi\u010dku nebo pro v\u00e1s.<\/p>\n<p>D\u00e9lka \u010depele: 5 cm<br \/>\nCelkov\u00e1 d\u00e9lka no\u017ee: 13.5 cm<br \/>\nTlou\u0161\u0165ka \u010depele: 0,15 cm<br \/>\nStyl \u010depele: D\u00fdka<br \/>\n\u010cepel z CTS-204P.<br \/>\nOvl\u00e1d\u00e1n\u00ed jedn\u00edm palcem, hlin\u00edkov\u00e1 rukoje\u0165.<br \/>\nOboustrann\u00fd kapesn\u00ed klip, kter\u00fd funguje jako klip na pen\u00edze.<\/p>\n<p><iframe title=\"Microtech Combat Troodon Torture Test\" width=\"800\" height=\"450\" src=\"https:\/\/www.youtube.com\/embed\/xE9TeOFYEjg?feature=oembed\" frameborder=\"0\" allow=\"accelerometer; autoplay; clipboard-write; encrypted-media; gyroscope; picture-in-picture; web-share\" allowfullscreen><\/iframe><\/p>\n<p>&nbsp;<\/p>\n","protected":false},"excerpt":{"rendered":"<p>V pr\u016fb\u011bhu let\u00a0<strong>Microtech\u00ae Knives<\/strong>\u00a0naplnil v\u00e1\u0161n\u00ed a dovednost\u00ed v\u00fdrobu no\u017e\u016f, a\u017e z nich vytvo\u0159il t\u00e9m\u011b\u0159 um\u011bleck\u00e1 d\u00edla,kter\u00e9 jsou vrcholem funk\u010dnosti. I nad\u00e1le posouv\u00e1 hranice a vylep\u0161uje je.V\u0161echny d\u00edly jsou vyrobeny v USA.<br \/>\n<strong>Na v\u0161echny no\u017ee Microtech je do\u017eivotn\u00ed z\u00e1ruka.<\/strong><\/p>\n<p><strong>Doprava zdarma.<\/strong><\/p>\n","protected":false},"featured_media":236028,"comment_status":"open","ping_status":"closed","template":"","meta":[],"pwb-brand":[431],"product_brand":[],"product_cat":[2019,17],"product_tag":[3667],"class_list":{"0":"post-236027","1":"product","2":"type-product","3":"status-publish","4":"has-post-thumbnail","6":"pwb-brand-microtech","7":"product_cat-vystrelovaci-noze","8":"product_cat-noze","9":"product_tag-b2b","11":"first","12":"outofstock","13":"taxable","14":"shipping-taxable","15":"purchasable","16":"product-type-simple"},"brands":[{"id":431,"name":"Microtech","slug":"microtech"}],"_links":{"self":[{"href":"https:\/\/www.moskito.cz\/es\/wp-json\/wp\/v2\/product\/236027","targetHints":{"allow":["GET"]}}],"collection":[{"href":"https:\/\/www.moskito.cz\/es\/wp-json\/wp\/v2\/product"}],"about":[{"href":"https:\/\/www.moskito.cz\/es\/wp-json\/wp\/v2\/types\/product"}],"replies":[{"embeddable":true,"href":"https:\/\/www.moskito.cz\/es\/wp-json\/wp\/v2\/comments?post=236027"}],"wp:featuredmedia":[{"embeddable":true,"href":"https:\/\/www.moskito.cz\/es\/wp-json\/wp\/v2\/media\/236028"}],"wp:attachment":[{"href":"https:\/\/www.moskito.cz\/es\/wp-json\/wp\/v2\/media?parent=236027"}],"wp:term":[{"taxonomy":"pwb-brand","embeddable":true,"href":"https:\/\/www.moskito.cz\/es\/wp-json\/wp\/v2\/pwb-brand?post=236027"},{"taxonomy":"product_brand","embeddable":true,"href":"https:\/\/www.moskito.cz\/es\/wp-json\/wp\/v2\/product_brand?post=236027"},{"taxonomy":"product_cat","embeddable":true,"href":"https:\/\/www.moskito.cz\/es\/wp-json\/wp\/v2\/product_cat?post=236027"},{"taxonomy":"product_tag","embeddable":true,"href":"https:\/\/www.moskito.cz\/es\/wp-json\/wp\/v2\/product_tag?post=236027"}],"curies":[{"name":"wp","href":"https:\/\/api.w.org\/{rel}","templated":true}]}}