{"id":236790,"date":"2023-01-01T19:06:58","date_gmt":"2023-01-01T18:06:58","guid":{"rendered":"https:\/\/www.moskito.cz\/?post_type=product&#038;p=236790"},"modified":"2025-05-07T10:45:13","modified_gmt":"2025-05-07T09:45:13","slug":"vystrelovaci-nuz-heretic-knives-manticore-s-otf-blue-camo-cf-h024-6a-blu-cf","status":"publish","type":"product","link":"https:\/\/www.moskito.cz\/es\/produkt\/vystrelovaci-nuz-heretic-knives-manticore-s-otf-blue-camo-cf-h024-6a-blu-cf\/","title":{"rendered":"Vyst\u0159elovac\u00ed N\u016f\u017e Heretic Knives Manticore S OTF Blue Camo CF H024-6A-BLU\/CF"},"content":{"rendered":"<p>Vyst\u0159elovac\u00ed N\u016f\u017e <strong>Heretic Knives<\/strong> Manticore S OTF Blue Camo CF H024-6A-BLU\/CF<\/p>\n<p>Manticore od Heretic Knives je fenomen\u00e1ln\u00ed n\u016f\u017e OTF pro ka\u017ed\u00e9ho, kdo hled\u00e1 n\u011bco velk\u00e9ho, ale snadno p\u0159enosn\u00e9ho. Kluci z Heretic Knives na Florid\u011b se v tomhle opravdu trefili z parku. Pr\u00e9miov\u00e1 ocel CPM-Magnacut, hladk\u00e1 dvojit\u00e1 akce, hrot na rozb\u00edjen\u00ed skla, spona na hlubokou kapsu a otvor pro \u0161\u0148\u016frku. Akce m\u00e1 dobr\u00fd z\u00e1b\u011br, ani\u017e by byla p\u0159\u00edli\u0161 tvrd\u00e1 na nasazen\u00ed nebo p\u0159\u00edli\u0161 m\u011bkk\u00e1.<\/p>\n<p>Manticore se dod\u00e1v\u00e1 v r\u016fzn\u00fdch stylech a povrchov\u00fdch \u00faprav\u00e1ch. Manticore se dod\u00e1v\u00e1 ve verzi X, kter\u00e1 je velk\u00e1, a ve verzi S, kter\u00e1 je mnohem men\u0161\u00ed.<\/p>\n<p>Tento Manticore S m\u00e1 modr\u00fd eloxovan\u00fd p\u0159edn\u00ed d\u00edl a modr\u00fd camo zadn\u00ed kryt z uhl\u00edkov\u00fdch vl\u00e1ken. \u010cepel je dut\u00e1 brou\u0161en\u00e1 dvojit\u00e1 hrana s DLC \u00fapravou. Klip je DLC titanov\u00fd klip a hardware.<\/p>\n<p>Materi\u00e1l \u010depele: CPM-Magnacut<br \/>\nStyl \u010depele: Dagger Style \u2013 Black DLC<br \/>\nD\u00e9lka \u010depele: 7 cm<br \/>\nCelkov\u00e1 d\u00e9lka: 17 cm<br \/>\nMateri\u00e1l rukojeti: Modr\u00fd hlin\u00edkov\u00fd p\u0159edn\u00ed d\u00edl a modr\u00fd Camo CF zadn\u00ed d\u00edl<br \/>\nSyst\u00e9m z\u00e1mku: Vp\u0159edu<br \/>\nHmotnost: 2,50 unce<br \/>\nKapesn\u00ed klip: Prav\u00e1 ruka Tip dol\u016f<br \/>\nZem\u011b p\u016fvodu: USA<\/p>\n<p><iframe title=\"Heretic Shop Video\" width=\"800\" height=\"450\" src=\"https:\/\/www.youtube.com\/embed\/7qUL5q7Cvgo?feature=oembed\" frameborder=\"0\" allow=\"accelerometer; autoplay; clipboard-write; encrypted-media; gyroscope; picture-in-picture; web-share\" referrerpolicy=\"strict-origin-when-cross-origin\" allowfullscreen><\/iframe><\/p>\n<p>&nbsp;<\/p>\n","protected":false},"excerpt":{"rendered":"<p>V\u0161echny na\u0161e no\u017ee jsou vyrobeny v USA a my to tak zachov\u00e1me. Kdy\u017e si koup\u00edte n\u011bkter\u00fd z na\u0161ich no\u017e\u016f, m\u016f\u017eete m\u00edt d\u016fv\u011bru ve sv\u016fj n\u00e1stroj s v\u011bdom\u00edm, \u017ee je podporov\u00e1n americkou spole\u010dnost\u00ed. Na\u0161e no\u017ee jsou vyr\u00e1b\u011bny v mal\u00fdch s\u00e9ri\u00edch, abychom zajistili, \u017ee dostanete kvalitn\u00ed n\u016f\u017e, kter\u00e9mu se nev\u011bnuje pozornost, kterou jin\u00e9 s\u00e9riov\u011b vyr\u00e1b\u011bn\u00e9 no\u017ee nedost\u00e1vaj\u00ed.<\/p>\n<p><strong>Doprava zdarma<\/strong><\/p>\n","protected":false},"featured_media":236791,"comment_status":"open","ping_status":"closed","template":"","meta":[],"pwb-brand":[318],"product_brand":[],"product_cat":[2019,17],"product_tag":[],"class_list":{"0":"post-236790","1":"product","2":"type-product","3":"status-publish","4":"has-post-thumbnail","6":"pwb-brand-heretic-knives","7":"product_cat-vystrelovaci-noze","8":"product_cat-noze","10":"first","11":"instock","12":"taxable","13":"shipping-taxable","14":"purchasable","15":"product-type-simple"},"brands":[{"id":318,"name":"Heretic Knives","slug":"heretic-knives"}],"_links":{"self":[{"href":"https:\/\/www.moskito.cz\/es\/wp-json\/wp\/v2\/product\/236790","targetHints":{"allow":["GET"]}}],"collection":[{"href":"https:\/\/www.moskito.cz\/es\/wp-json\/wp\/v2\/product"}],"about":[{"href":"https:\/\/www.moskito.cz\/es\/wp-json\/wp\/v2\/types\/product"}],"replies":[{"embeddable":true,"href":"https:\/\/www.moskito.cz\/es\/wp-json\/wp\/v2\/comments?post=236790"}],"wp:featuredmedia":[{"embeddable":true,"href":"https:\/\/www.moskito.cz\/es\/wp-json\/wp\/v2\/media\/236791"}],"wp:attachment":[{"href":"https:\/\/www.moskito.cz\/es\/wp-json\/wp\/v2\/media?parent=236790"}],"wp:term":[{"taxonomy":"pwb-brand","embeddable":true,"href":"https:\/\/www.moskito.cz\/es\/wp-json\/wp\/v2\/pwb-brand?post=236790"},{"taxonomy":"product_brand","embeddable":true,"href":"https:\/\/www.moskito.cz\/es\/wp-json\/wp\/v2\/product_brand?post=236790"},{"taxonomy":"product_cat","embeddable":true,"href":"https:\/\/www.moskito.cz\/es\/wp-json\/wp\/v2\/product_cat?post=236790"},{"taxonomy":"product_tag","embeddable":true,"href":"https:\/\/www.moskito.cz\/es\/wp-json\/wp\/v2\/product_tag?post=236790"}],"curies":[{"name":"wp","href":"https:\/\/api.w.org\/{rel}","templated":true}]}}