{"id":238111,"date":"2023-01-23T22:58:11","date_gmt":"2023-01-23T21:58:11","guid":{"rendered":"https:\/\/www.moskito.cz\/?post_type=product&#038;p=238111"},"modified":"2025-05-07T10:45:39","modified_gmt":"2025-05-07T09:45:39","slug":"zaviraci-nuz-rike-knife-integral-pocket-knife-blackwashed-1508s-bs","status":"publish","type":"product","link":"https:\/\/www.moskito.cz\/es\/produkt\/zaviraci-nuz-rike-knife-integral-pocket-knife-blackwashed-1508s-bs\/","title":{"rendered":"Zav\u00edrac\u00ed N\u016f\u017e Rike Knife Integral Pocket Knife Blackwashed 1508s-BS"},"content":{"rendered":"<p>Zav\u00edrac\u00ed N\u016f\u017e <strong>Rike Knife<\/strong> Integral Pocket Knife Blackwashed 1508s-BS<\/p>\n<p>Rike 1508S ( edice 2016) je speci\u00e1ln\u00ed, vysoce kvalitn\u00ed kapesn\u00ed n\u016f\u017e. Je postavena na integrovan\u00e9m r\u00e1mu, co\u017e znamen\u00e1, \u017ee rukoje\u0165 je vyfr\u00e9zov\u00e1na z jednoho kusu titanu. D\u00edky tomu neuvid\u00edte v bo\u010dn\u00ed \u010d\u00e1sti rukojeti \u017e\u00e1dn\u00e9 \u0161rouby (krom\u011b \u010depu). To d\u00e1v\u00e1 modelu 1508S ultra elegantn\u00ed vzhled.<\/p>\n<p>Celkov\u00e1 d\u00e9lka: 7,67&#8243;\/(19,5 cm)<\/p>\n<p>D\u00e9lka \u010depele: 3,25&#8243;\/(8,2 cm)<br \/>\nTlou\u0161\u0165ka \u010depele: 0,16&#8243;\/(4 mm)<br \/>\nMateri\u00e1l \u010depele: Bohler M390<br \/>\nStyl \u010depele: Drop Point<br \/>\nTvrdost \u010depele: HRC60-61<br \/>\nGrind \u010depele :Bead Blast, Satin<\/p>\n<p>D\u00e9lka rukojeti: 4,45 \u00ab\/(11,3 cm)<br \/>\nTlou\u0161\u0165ka rukojeti: 0,51\u00bb \/ (1,3 cm)<br \/>\nMateri\u00e1l rukojeti: TC4 Titan<br \/>\nTyp rukojeti: Jeden kus<\/p>\n<p>Materi\u00e1l klipu: TC4 Titan<br \/>\nMateri\u00e1l zadn\u00ed vymezovac\u00ed podlo\u017eky: TC4 Titanov\u00e9<br \/>\npodlo\u017eky Materi\u00e1l: Keramika Hmotnost kuli\u010dkov\u00e9ho lo\u017eiska<\/p>\n<p>:3,77 oz.\/(107g)<br \/>\nOtv\u00edr\u00e1k:Flipper<br \/>\nLock Typ:Frame Lock<\/p>\n","protected":false},"excerpt":{"rendered":"<p><strong>Rikeknife<\/strong>\u00a0je origin\u00e1ln\u00ed zna\u010dka navr\u017een\u00e1 na\u0161\u00edm zakladatelem Richardem Wu. Je dlouholet\u00fdm nad\u0161encem do no\u017e\u016f, m\u00e1 zku\u0161enosti s mechanick\u00fdm designem a v\u00fdrobou, neust\u00e1le usiluje o dokonalost a detailn\u00ed dokonalost ve v\u0161ech designech no\u017e\u016f vyr\u00e1b\u011bn\u00fdch\u00a0<strong>Rikeknife<\/strong>.<\/p>\n<p><strong>Doprava zdarma.<\/strong><\/p>\n","protected":false},"featured_media":238112,"comment_status":"open","ping_status":"closed","template":"","meta":[],"pwb-brand":[1318],"product_brand":[],"product_cat":[22,17],"product_tag":[],"class_list":{"0":"post-238111","1":"product","2":"type-product","3":"status-publish","4":"has-post-thumbnail","6":"pwb-brand-rike-knife","7":"product_cat-zaviraci-noze","8":"product_cat-noze","10":"first","11":"instock","12":"taxable","13":"shipping-taxable","14":"purchasable","15":"product-type-simple"},"brands":[{"id":1318,"name":"Rike Knife","slug":"rike-knife"}],"_links":{"self":[{"href":"https:\/\/www.moskito.cz\/es\/wp-json\/wp\/v2\/product\/238111","targetHints":{"allow":["GET"]}}],"collection":[{"href":"https:\/\/www.moskito.cz\/es\/wp-json\/wp\/v2\/product"}],"about":[{"href":"https:\/\/www.moskito.cz\/es\/wp-json\/wp\/v2\/types\/product"}],"replies":[{"embeddable":true,"href":"https:\/\/www.moskito.cz\/es\/wp-json\/wp\/v2\/comments?post=238111"}],"wp:featuredmedia":[{"embeddable":true,"href":"https:\/\/www.moskito.cz\/es\/wp-json\/wp\/v2\/media\/238112"}],"wp:attachment":[{"href":"https:\/\/www.moskito.cz\/es\/wp-json\/wp\/v2\/media?parent=238111"}],"wp:term":[{"taxonomy":"pwb-brand","embeddable":true,"href":"https:\/\/www.moskito.cz\/es\/wp-json\/wp\/v2\/pwb-brand?post=238111"},{"taxonomy":"product_brand","embeddable":true,"href":"https:\/\/www.moskito.cz\/es\/wp-json\/wp\/v2\/product_brand?post=238111"},{"taxonomy":"product_cat","embeddable":true,"href":"https:\/\/www.moskito.cz\/es\/wp-json\/wp\/v2\/product_cat?post=238111"},{"taxonomy":"product_tag","embeddable":true,"href":"https:\/\/www.moskito.cz\/es\/wp-json\/wp\/v2\/product_tag?post=238111"}],"curies":[{"name":"wp","href":"https:\/\/api.w.org\/{rel}","templated":true}]}}