{"id":238141,"date":"2023-01-23T23:31:52","date_gmt":"2023-01-23T22:31:52","guid":{"rendered":"https:\/\/www.moskito.cz\/?post_type=product&#038;p=238141"},"modified":"2025-05-07T10:45:40","modified_gmt":"2025-05-07T09:45:40","slug":"zaviraci-nuz-rike-knife-tulay-bfg-fluorescent-green","status":"publish","type":"product","link":"https:\/\/www.moskito.cz\/es\/produkt\/zaviraci-nuz-rike-knife-tulay-bfg-fluorescent-green\/","title":{"rendered":"Zav\u00edrac\u00ed N\u016f\u017e Rike Knife Tulay BFG Fluorescent Green"},"content":{"rendered":"<p>Zav\u00edrac\u00ed N\u016f\u017e <strong>Rike Knife<\/strong> Tulay BFG Fluorescent Green<\/p>\n<p>Rike Knife Tulay je skv\u011bl\u00fd EDC kapesn\u00ed n\u016f\u017e se zaj\u00edmavou konstrukc\u00ed. Rukoje\u0165 je toti\u017e vyrobena z velk\u00e9ho bloku G10. Tato G10 je tak\u00e9 vylep\u0161ena kontrastn\u00ed vlo\u017ekou G10. Tedy integr\u00e1ln\u00ed r\u00e1m G10. Konstrukce je jako takov\u00e1 p\u011bkn\u00e1 a lehk\u00e1 a p\u0159edv\u00e1d\u011bc\u00ed strana obsahuje pouze jeden \u0161roub: \u010dep. N\u016f\u017e jako takov\u00fd vypad\u00e1 p\u011bkn\u011b a \u010dist\u011b. Je pozoruhodn\u00e9, \u017ee Rike Knife vyrobil tolik no\u017e\u016f za tak p\u0159ita\u017elivou cenu.<\/p>\n<p>Specifikace:<br \/>\nD\u00e9lka \u010depele : 9,5 cm<\/p>\n<p>Hmotnost : 100 g<\/p>\n<p>Materi\u00e1lov\u00e1 rukoje\u0165 : G10<\/p>\n<p>Druh oceli: 154 cm<\/p>\n","protected":false},"excerpt":{"rendered":"<p><strong>Rikeknife<\/strong>\u00a0je origin\u00e1ln\u00ed zna\u010dka navr\u017een\u00e1 na\u0161\u00edm zakladatelem Richardem Wu. Je dlouholet\u00fdm nad\u0161encem do no\u017e\u016f, m\u00e1 zku\u0161enosti s mechanick\u00fdm designem a v\u00fdrobou, neust\u00e1le usiluje o dokonalost a detailn\u00ed dokonalost ve v\u0161ech designech no\u017e\u016f vyr\u00e1b\u011bn\u00fdch\u00a0<strong>Rikeknife<\/strong>.<\/p>\n<p><strong>Doprava zdarma.<\/strong><\/p>\n","protected":false},"featured_media":238142,"comment_status":"open","ping_status":"closed","template":"","meta":[],"pwb-brand":[1318],"product_brand":[],"product_cat":[22,17],"product_tag":[],"class_list":{"0":"post-238141","1":"product","2":"type-product","3":"status-publish","4":"has-post-thumbnail","6":"pwb-brand-rike-knife","7":"product_cat-zaviraci-noze","8":"product_cat-noze","10":"first","11":"outofstock","12":"taxable","13":"shipping-taxable","14":"purchasable","15":"product-type-simple"},"brands":[{"id":1318,"name":"Rike Knife","slug":"rike-knife"}],"_links":{"self":[{"href":"https:\/\/www.moskito.cz\/es\/wp-json\/wp\/v2\/product\/238141","targetHints":{"allow":["GET"]}}],"collection":[{"href":"https:\/\/www.moskito.cz\/es\/wp-json\/wp\/v2\/product"}],"about":[{"href":"https:\/\/www.moskito.cz\/es\/wp-json\/wp\/v2\/types\/product"}],"replies":[{"embeddable":true,"href":"https:\/\/www.moskito.cz\/es\/wp-json\/wp\/v2\/comments?post=238141"}],"wp:featuredmedia":[{"embeddable":true,"href":"https:\/\/www.moskito.cz\/es\/wp-json\/wp\/v2\/media\/238142"}],"wp:attachment":[{"href":"https:\/\/www.moskito.cz\/es\/wp-json\/wp\/v2\/media?parent=238141"}],"wp:term":[{"taxonomy":"pwb-brand","embeddable":true,"href":"https:\/\/www.moskito.cz\/es\/wp-json\/wp\/v2\/pwb-brand?post=238141"},{"taxonomy":"product_brand","embeddable":true,"href":"https:\/\/www.moskito.cz\/es\/wp-json\/wp\/v2\/product_brand?post=238141"},{"taxonomy":"product_cat","embeddable":true,"href":"https:\/\/www.moskito.cz\/es\/wp-json\/wp\/v2\/product_cat?post=238141"},{"taxonomy":"product_tag","embeddable":true,"href":"https:\/\/www.moskito.cz\/es\/wp-json\/wp\/v2\/product_tag?post=238141"}],"curies":[{"name":"wp","href":"https:\/\/api.w.org\/{rel}","templated":true}]}}