{"id":238360,"date":"2023-01-25T21:37:13","date_gmt":"2023-01-25T20:37:13","guid":{"rendered":"https:\/\/www.moskito.cz\/?post_type=product&#038;p=238360"},"modified":"2025-05-07T10:45:46","modified_gmt":"2025-05-07T09:45:46","slug":"zaviraci-nuz-rike-knife-1508s-pb","status":"publish","type":"product","link":"https:\/\/www.moskito.cz\/es\/produkt\/zaviraci-nuz-rike-knife-1508s-pb\/","title":{"rendered":"Zav\u00edrac\u00ed N\u016f\u017e Rike Knife 1508s-PB"},"content":{"rendered":"<p>Zav\u00edrac\u00ed N\u016f\u017e <strong>Rike Knife<\/strong> 1508s-PB<\/p>\n<p>L\u00edb\u00ed se v\u00e1m, nebo se v\u00e1m l\u00edb\u00ed? Rozhodn\u011b se p\u0159ikl\u00e1n\u00edme k tomu druh\u00e9mu. RK1508s je integr\u00e1ln\u00ed n\u016f\u017e s r\u00e1mov\u00fdm z\u00e1mkem, kter\u00fd d\u011bl\u00e1 velk\u00fd \u00fasp\u011bch, pokud jde o detaily a rafinovanost. Kone\u010dn\u00fdm v\u00fdsledkem je n\u016f\u017e, kter\u00fd nejen \u017ee vypad\u00e1 sm\u011b\u0161n\u011b dob\u0159e, ale m\u00e1 tak\u00e9 vysoce v\u00fdkonn\u00e9 materi\u00e1ly a kvalitu konstrukce, kter\u00e9 to podporuj\u00ed! Tento model m\u00e1 fialovou\/modrou eloxovanou rukoje\u0165 a \u010depel otryskanou kor\u00e1lky.<\/p>\n<p>Funkce:<br \/>\nJednod\u00edln\u00e1 titanov\u00e1 rukoje\u0165 s integrovan\u00fdm r\u00e1mov\u00fdm z\u00e1mkem<br \/>\nOcelov\u00e1 \u010depel Bohler M390 m\u00e1 vynikaj\u00edc\u00ed odolnost proti opot\u0159eben\u00ed a tvrdost pro \u0161pi\u010dkov\u00fd v\u00fdkon<br \/>\nFantasticky hladk\u00fd \u010dep s kuli\u010dkov\u00fdm lo\u017eiskem p\u0159i ka\u017ed\u00e9m p\u0159eklopen\u00ed<br \/>\nFr\u00e9zovan\u00e1 titanov\u00e1 spona se oh\u00fdb\u00e1 a sni\u017euje opot\u0159eben\u00ed kapsy<br \/>\nTitanov\u00fd oto\u010dn\u00fd l\u00edmec slou\u017e\u00ed z\u00e1rove\u0148 jako dorazov\u00e1 deska, aby se zabr\u00e1nilo p\u0159ejet\u00ed<br \/>\nVlo\u017eka z\u00e1mku z tvrzen\u00e9 oceli, kter\u00e1 vydr\u017e\u00ed opakovan\u00e9 pou\u017eit\u00ed<br \/>\nJemn\u00e9, efektn\u00ed imping na ploutvi a palcov\u00e9 ramp\u011b<br \/>\nSkryt\u00e9 uchycen\u00ed na \u0161\u0148\u016frku<\/p>\n<p>Specifikace<br \/>\nCelkov\u00e1 d\u00e9lka: 19 cm<br \/>\nD\u00e9lka \u010depele: 8.12 cm<br \/>\nTlou\u0161\u0165ka \u010depele: 0.4<br \/>\nMateri\u00e1l \u010depele: Bohler M390<br \/>\nStyl \u010depele: Drop Point<br \/>\nDokon\u010den\u00ed: Bead Blast, sat\u00e9n<br \/>\nTyp okraje: Prost\u00fd<br \/>\nMateri\u00e1l rukojeti: Titan<br \/>\nBarva: Modr\u00e1, Fialov\u00e1<br \/>\nR\u00e1m\/vlo\u017eka: Titan<br \/>\nHmotnost: 3,77 unce<br \/>\nU\u017eivatel: Prav\u00e1 ruka<br \/>\nKapesn\u00ed klip: Tip-Up<br \/>\nTyp no\u017ee: Manu\u00e1l<br \/>\nOtv\u00edr\u00e1k: Ploutev<br \/>\nTyp z\u00e1mku: Z\u00e1mek r\u00e1mu<br \/>\nZna\u010dka: Rike N\u016f\u017e<br \/>\nNejlep\u0161\u00ed pou\u017eit\u00ed: Ka\u017edodenn\u00ed no\u0161en\u00ed<\/p>\n","protected":false},"excerpt":{"rendered":"<p><strong>Rikeknife<\/strong>\u00a0je origin\u00e1ln\u00ed zna\u010dka navr\u017een\u00e1 na\u0161\u00edm zakladatelem Richardem Wu. Je dlouholet\u00fdm nad\u0161encem do no\u017e\u016f, m\u00e1 zku\u0161enosti s mechanick\u00fdm designem a v\u00fdrobou, neust\u00e1le usiluje o dokonalost a detailn\u00ed dokonalost ve v\u0161ech designech no\u017e\u016f vyr\u00e1b\u011bn\u00fdch\u00a0<strong>Rikeknife<\/strong>.<\/p>\n<p><strong>Doprava zdarma.<\/strong><\/p>\n","protected":false},"featured_media":238361,"comment_status":"open","ping_status":"closed","template":"","meta":[],"pwb-brand":[1318],"product_brand":[],"product_cat":[22,17],"product_tag":[],"class_list":{"0":"post-238360","1":"product","2":"type-product","3":"status-publish","4":"has-post-thumbnail","6":"pwb-brand-rike-knife","7":"product_cat-zaviraci-noze","8":"product_cat-noze","10":"first","11":"instock","12":"taxable","13":"shipping-taxable","14":"purchasable","15":"product-type-simple"},"brands":[{"id":1318,"name":"Rike Knife","slug":"rike-knife"}],"_links":{"self":[{"href":"https:\/\/www.moskito.cz\/es\/wp-json\/wp\/v2\/product\/238360","targetHints":{"allow":["GET"]}}],"collection":[{"href":"https:\/\/www.moskito.cz\/es\/wp-json\/wp\/v2\/product"}],"about":[{"href":"https:\/\/www.moskito.cz\/es\/wp-json\/wp\/v2\/types\/product"}],"replies":[{"embeddable":true,"href":"https:\/\/www.moskito.cz\/es\/wp-json\/wp\/v2\/comments?post=238360"}],"wp:featuredmedia":[{"embeddable":true,"href":"https:\/\/www.moskito.cz\/es\/wp-json\/wp\/v2\/media\/238361"}],"wp:attachment":[{"href":"https:\/\/www.moskito.cz\/es\/wp-json\/wp\/v2\/media?parent=238360"}],"wp:term":[{"taxonomy":"pwb-brand","embeddable":true,"href":"https:\/\/www.moskito.cz\/es\/wp-json\/wp\/v2\/pwb-brand?post=238360"},{"taxonomy":"product_brand","embeddable":true,"href":"https:\/\/www.moskito.cz\/es\/wp-json\/wp\/v2\/product_brand?post=238360"},{"taxonomy":"product_cat","embeddable":true,"href":"https:\/\/www.moskito.cz\/es\/wp-json\/wp\/v2\/product_cat?post=238360"},{"taxonomy":"product_tag","embeddable":true,"href":"https:\/\/www.moskito.cz\/es\/wp-json\/wp\/v2\/product_tag?post=238360"}],"curies":[{"name":"wp","href":"https:\/\/api.w.org\/{rel}","templated":true}]}}