{"id":238615,"date":"2023-01-27T21:59:28","date_gmt":"2023-01-27T20:59:28","guid":{"rendered":"https:\/\/www.moskito.cz\/?post_type=product&#038;p=238615"},"modified":"2025-05-07T10:45:53","modified_gmt":"2025-05-07T09:45:53","slug":"vystrelovaci-nuz-microtech-troodon-otf-distressed-apocalyptic-138-10-dbl","status":"publish","type":"product","link":"https:\/\/www.moskito.cz\/es\/produkt\/vystrelovaci-nuz-microtech-troodon-otf-distressed-apocalyptic-138-10-dbl\/","title":{"rendered":"Vyst\u0159elovac\u00ed N\u016f\u017e Microtech TROODON OTF DISTRESSED APOCALYPTIC 138-10 DBL"},"content":{"rendered":"<p>Vyst\u0159elovac\u00ed N\u016f\u017e <strong>Microtech<\/strong> TROODON OTF DISTRESSED APOCALYPTIC 138-10 DBL<\/p>\n<p>Distressed Blue Microtech Troodon Double Edge (D\/E) s apokalyptickou \u00fapravou \u010depele a standardn\u00edm hardwarem. Dvoj\u010dinn\u00fd n\u016f\u017e zep\u0159edu (OTF). Rukoje\u0165 z eloxovan\u00e9ho hlin\u00edku Distressed Blue 6061-T6 s \u010depel\u00ed z oceli M390.<\/p>\n<p>N\u016f\u017e Microtech Troodon OTF- Double Edge- Distressed Blue Handle- Apocalyptic Blade 138-10 DBL<\/p>\n<p>\u010c\u00edslo modelu: 138-10 DBL<br \/>\nCelkov\u00e1 d\u00e9lka: 7,64\u2033 (194 mm)<br \/>\nD\u00e9lka v zav\u0159en\u00e9m stavu: 4,57\u2033 (116 mm)<br \/>\nD\u00e9lka \u010depele: 3,08\u2033 (78 mm)<br \/>\nD\u00e9lka \u0159ezn\u00e9 hrany: 2,96\u2033 (75 mm)<br \/>\nTlou\u0161\u0165ka \u010depele: 0,079\u2033 (2 mm)\u2033<br \/>\nMateri\u00e1l \u010depele: M390<br \/>\nStyl \u010depele: Double Edge<br \/>\nDokon\u010den\u00ed: Apokalyptick\u00e9<br \/>\nBarva: Distressed Blue<br \/>\nHmotnost: 2,8 oz.<\/p>\n<p>&nbsp;<\/p>\n<p><iframe title=\"Microtech Combat Troodon Torture Test\" width=\"800\" height=\"450\" src=\"https:\/\/www.youtube.com\/embed\/xE9TeOFYEjg?feature=oembed\" frameborder=\"0\" allow=\"accelerometer; autoplay; clipboard-write; encrypted-media; gyroscope; picture-in-picture; web-share\" allowfullscreen><\/iframe><\/p>\n<p>&nbsp;<\/p>\n<p>&nbsp;<\/p>\n<p>&nbsp;<\/p>\n<p>&nbsp;<\/p>\n<p>&nbsp;<\/p>\n<p>&nbsp;<\/p>\n","protected":false},"excerpt":{"rendered":"<p>V pr\u016fb\u011bhu let\u00a0<strong>Microtech\u00ae Knives<\/strong>\u00a0naplnil v\u00e1\u0161n\u00ed a dovednost\u00ed v\u00fdrobu no\u017e\u016f, a\u017e z nich vytvo\u0159il t\u00e9m\u011b\u0159 um\u011bleck\u00e1 d\u00edla,kter\u00e9 jsou vrcholem funk\u010dnosti.V\u0161echny d\u00edly jsou vyrobeny v USA.<br \/>\n<strong>Na v\u0161echny no\u017ee Microtech je do\u017eivotn\u00ed z\u00e1ruka.<\/strong><\/p>\n<p><strong>Doprava zdarma.<\/strong><\/p>\n","protected":false},"featured_media":238616,"comment_status":"open","ping_status":"closed","template":"","meta":[],"pwb-brand":[431],"product_brand":[],"product_cat":[2019,17],"product_tag":[3667],"class_list":{"0":"post-238615","1":"product","2":"type-product","3":"status-publish","4":"has-post-thumbnail","6":"pwb-brand-microtech","7":"product_cat-vystrelovaci-noze","8":"product_cat-noze","9":"product_tag-b2b","11":"first","12":"instock","13":"taxable","14":"shipping-taxable","15":"purchasable","16":"product-type-simple"},"brands":[{"id":431,"name":"Microtech","slug":"microtech"}],"_links":{"self":[{"href":"https:\/\/www.moskito.cz\/es\/wp-json\/wp\/v2\/product\/238615","targetHints":{"allow":["GET"]}}],"collection":[{"href":"https:\/\/www.moskito.cz\/es\/wp-json\/wp\/v2\/product"}],"about":[{"href":"https:\/\/www.moskito.cz\/es\/wp-json\/wp\/v2\/types\/product"}],"replies":[{"embeddable":true,"href":"https:\/\/www.moskito.cz\/es\/wp-json\/wp\/v2\/comments?post=238615"}],"wp:featuredmedia":[{"embeddable":true,"href":"https:\/\/www.moskito.cz\/es\/wp-json\/wp\/v2\/media\/238616"}],"wp:attachment":[{"href":"https:\/\/www.moskito.cz\/es\/wp-json\/wp\/v2\/media?parent=238615"}],"wp:term":[{"taxonomy":"pwb-brand","embeddable":true,"href":"https:\/\/www.moskito.cz\/es\/wp-json\/wp\/v2\/pwb-brand?post=238615"},{"taxonomy":"product_brand","embeddable":true,"href":"https:\/\/www.moskito.cz\/es\/wp-json\/wp\/v2\/product_brand?post=238615"},{"taxonomy":"product_cat","embeddable":true,"href":"https:\/\/www.moskito.cz\/es\/wp-json\/wp\/v2\/product_cat?post=238615"},{"taxonomy":"product_tag","embeddable":true,"href":"https:\/\/www.moskito.cz\/es\/wp-json\/wp\/v2\/product_tag?post=238615"}],"curies":[{"name":"wp","href":"https:\/\/api.w.org\/{rel}","templated":true}]}}