{"id":239318,"date":"2023-02-04T23:05:12","date_gmt":"2023-02-04T22:05:12","guid":{"rendered":"https:\/\/www.moskito.cz\/?post_type=product&#038;p=239318"},"modified":"2025-05-07T10:46:02","modified_gmt":"2025-05-07T09:46:02","slug":"vystrelovaci-nuz-a-g-a-campolin-akc-f-20-otf-3","status":"publish","type":"product","link":"https:\/\/www.moskito.cz\/es\/produkt\/vystrelovaci-nuz-a-g-a-campolin-akc-f-20-otf-3\/","title":{"rendered":"Vyst\u0159elovac\u00ed N\u016f\u017e A.G.A. CAMPOLIN AKC F-20 OTF"},"content":{"rendered":"<p>Vyst\u0159elovac\u00ed N\u016f\u017e A.G.A. CAMPOLIN AKC F-20 OTF<\/p>\n<p>Tato nov\u00e1 skv\u011bl\u00e1 ergonomick\u00e1 OTF od AKC Italy F20 je vynikaj\u00edc\u00ed kvality. Je o 0,5&#8243; (1,3 cm) del\u0161\u00ed ne\u017e jeho men\u0161\u00ed brat\u0159\u00ed\u010dek F16. Ergonomick\u00e1 rukoje\u0165 na tomto automatick\u00e9m vyhazova\u010di je vyrobena z hlin\u00edku s vlo\u017ekou z \u010dern\u00e9ho smirkov\u00e9ho pap\u00edru pro bezpe\u010dn\u00e9 uchopen\u00ed. \u010cepel s ostr\u00fdm hrotem z oceli 440A m\u00e1 velmi p\u011bkn\u00fd brus a dod\u00e1v\u00e1 se v sat\u00e9nov\u00e9m proveden\u00ed. M\u00e1 siln\u00fd pevn\u00fd mechanismus s t\u00e9m\u011b\u0159 nulovou v\u016fl\u00ed \u010depele. Cenov\u00e1 kvalita je nejlep\u0161\u00ed, co m\u016f\u017eete naj\u00edt. Nebudete zklam\u00e1ni!<\/p>\n<p>Celkov\u00e1 d\u00e9lka: 21,3 cm &#8211; 8,4 \u00bb<br \/>\nD\u00e9lka \u010depele: 9,3 cm &#8211; 3,6 \u00bb<br \/>\nHmotnost: 105 g &#8211; 3,7 oz<br \/>\nMateri\u00e1l \u010depele: Nerezov\u00e1 ocel 440A<br \/>\nMateri\u00e1l rukojeti: hlin\u00edk<\/p>\n<p><iframe title=\"New AKC OTF Knife - F20\" width=\"800\" height=\"450\" src=\"https:\/\/www.youtube.com\/embed\/5B4Dze8kC6o?feature=oembed\" frameborder=\"0\" allow=\"accelerometer; autoplay; clipboard-write; encrypted-media; gyroscope; picture-in-picture; web-share\" allowfullscreen><\/iframe><\/p>\n<p>&nbsp;<\/p>\n","protected":false},"excerpt":{"rendered":"<p><strong>Tento nov\u00ed skv\u011bl\u00ed ergonomick\u00fd OTF od AKC Italy F20 je vynikaj\u00edc\u00ed kvality.<\/strong><\/p>\n","protected":false},"featured_media":239319,"comment_status":"open","ping_status":"closed","template":"","meta":[],"pwb-brand":[3245],"product_brand":[],"product_cat":[2019,17],"product_tag":[],"class_list":{"0":"post-239318","1":"product","2":"type-product","3":"status-publish","4":"has-post-thumbnail","6":"pwb-brand-a-g-a-campolin","7":"product_cat-vystrelovaci-noze","8":"product_cat-noze","10":"first","11":"outofstock","12":"taxable","13":"shipping-taxable","14":"purchasable","15":"product-type-simple"},"brands":[{"id":3245,"name":"A.G.A. CAMPOLIN","slug":"a-g-a-campolin"}],"_links":{"self":[{"href":"https:\/\/www.moskito.cz\/es\/wp-json\/wp\/v2\/product\/239318","targetHints":{"allow":["GET"]}}],"collection":[{"href":"https:\/\/www.moskito.cz\/es\/wp-json\/wp\/v2\/product"}],"about":[{"href":"https:\/\/www.moskito.cz\/es\/wp-json\/wp\/v2\/types\/product"}],"replies":[{"embeddable":true,"href":"https:\/\/www.moskito.cz\/es\/wp-json\/wp\/v2\/comments?post=239318"}],"wp:featuredmedia":[{"embeddable":true,"href":"https:\/\/www.moskito.cz\/es\/wp-json\/wp\/v2\/media\/239319"}],"wp:attachment":[{"href":"https:\/\/www.moskito.cz\/es\/wp-json\/wp\/v2\/media?parent=239318"}],"wp:term":[{"taxonomy":"pwb-brand","embeddable":true,"href":"https:\/\/www.moskito.cz\/es\/wp-json\/wp\/v2\/pwb-brand?post=239318"},{"taxonomy":"product_brand","embeddable":true,"href":"https:\/\/www.moskito.cz\/es\/wp-json\/wp\/v2\/product_brand?post=239318"},{"taxonomy":"product_cat","embeddable":true,"href":"https:\/\/www.moskito.cz\/es\/wp-json\/wp\/v2\/product_cat?post=239318"},{"taxonomy":"product_tag","embeddable":true,"href":"https:\/\/www.moskito.cz\/es\/wp-json\/wp\/v2\/product_tag?post=239318"}],"curies":[{"name":"wp","href":"https:\/\/api.w.org\/{rel}","templated":true}]}}