{"id":239841,"date":"2023-02-16T21:53:56","date_gmt":"2023-02-16T20:53:56","guid":{"rendered":"https:\/\/www.moskito.cz\/?post_type=product&#038;p=239841"},"modified":"2025-10-14T18:14:59","modified_gmt":"2025-10-14T17:14:59","slug":"vystrelovaci-nuz-a-g-a-campolin-akc-f-16-otf-15","status":"publish","type":"product","link":"https:\/\/www.moskito.cz\/es\/produkt\/vystrelovaci-nuz-a-g-a-campolin-akc-f-16-otf-15\/","title":{"rendered":"Vyst\u0159elovac\u00ed N\u016f\u017e A.G.A. CAMPOLIN AKC F-16 OTF"},"content":{"rendered":"<p>Vyst\u0159elovac\u00ed N\u016f\u017e <strong>A.G.A. CAMPOLIN<\/strong> AKC F-16 OTF<\/p>\n<p>AKC F16 OTF (Out-The-Front) n\u016f\u017e je vynikaj\u00edc\u00ed automatick\u00fd n\u016f\u017e inspirovan\u00fd nadzvukov\u00fdm letounem F-16 Fighting Falcon, kter\u00fd spojuje skv\u00e9l\u00e9 vlastnosti s elegantn\u00edm designem. Zde je p\u0159ehled jeho kl\u00ed\u010dov\u00fdch vlastnost\u00ed:<\/p>\n<p>Akce \u010depele: N\u016f\u017e je vybaven mechanismem s dvojit\u00fdmi pru\u017einami, kter\u00fd poskytuje rychl\u00e9, plynul\u00e9 a siln\u00e9 vyta\u017een\u00ed \u010depele. Stisknut\u00edm tla\u010d\u00edtka \u010depel \u00abvyst\u0159el\u00ed\u00bb ven a jej\u00ed bezpe\u010dn\u00e9 zata\u017een\u00ed je mo\u017en\u00e9 jednoduch\u00fdm pohybem tla\u010d\u00edtka zp\u011bt. To znamen\u00e1 t\u00e9m\u011b\u0159 \u017e\u00e1dnou v\u016fli \u010depele a solidn\u00ed, p\u0159esnou akci.<\/p>\n<p>Design \u010depele: F16 m\u00e1 \u010dernou bajonetovou \u010depel vyrobenou z nerezov\u00e9 oceli 440A. D\u00e9lka \u010depele je 8,5 cm (3,35&#8243;), jej\u00ed tlou\u0161\u0165ka je 3 mm (0,12&#8243;), co\u017e ji \u010din\u00ed pevnou, ale kompaktn\u00ed pro ka\u017edodenn\u00ed pou\u017eit\u00ed.<\/p>\n<p>Rukoje\u0165: Rukoje\u0165 je vyrobena z odoln\u00e9ho hlin\u00edku s \u010dern\u00fdm povrchem a obsahuje vlo\u017eky ze smirkov\u00e9ho pap\u00edru pro bezpe\u010dn\u00fd a pohodln\u00fd \u00fachop. Celkov\u00fd design je lehk\u00fd, ergonomick\u00fd a navr\u017een\u00fd pro snadn\u00e9 ovl\u00e1d\u00e1n\u00ed.<\/p>\n<p>Celkov\u00e9 rozm\u011bry: S celkovou d\u00e9lkou 20 cm (8&#8243;) a d\u00e9lkou \u010depele 8,5 cm (3,35&#8243;) je F16 kompaktn\u00ed a ide\u00e1ln\u00ed pro ka\u017edodenn\u00ed pou\u017eit\u00ed, z\u00e1rove\u0148 nab\u00edz\u00ed dostatek d\u00e9lky \u010depele pro praktick\u00e9 \u00fakoly.<\/p>\n<p>Hmotnost: S hmotnost\u00ed pouh\u00fdch 90 g (3,1 oz) je n\u016f\u017e lehk\u00fd, co\u017e zvy\u0161uje jeho prakti\u010dnost pro ka\u017edodenn\u00ed no\u0161en\u00ed bez kompromis\u016f v pevnosti.<\/p>\n<p>Dal\u0161\u00ed vlastnosti: N\u016f\u017e m\u00e1 \u010dernou sponu na kapsu, kter\u00e1 umo\u017e\u0148uje pohodln\u00e9 no\u0161en\u00ed, snadno jej p\u0159ipevn\u00edte na kapsu nebo p\u00e1sek.<\/p>\n<p>Inspirovan\u00fd design: Proporce a design F16 p\u0159ipom\u00ednaj\u00ed ikonick\u00fd italsk\u00fd stiletto n\u016f\u017e, s elegantn\u00edmi liniemi a funk\u010dn\u00ed jednoduchost\u00ed.<\/p>\n<p>D\u00edky rychl\u00e9mu otev\u0159en\u00ed, ergonomick\u00e9 konstrukci a kvalitn\u00edm materi\u00e1l\u016fm je AKC F16 OTF skv\u011blou volbou pro ka\u017ed\u00e9ho, kdo hled\u00e1 spolehliv\u00fd, odoln\u00fd a stylov\u00fd automatick\u00fd n\u016f\u017e pro ka\u017edodenn\u00ed pou\u017eit\u00ed.<\/p>\n<p>&nbsp;<\/p>\n<p><iframe title=\"AKC F16 Automatic OTF F16B CF\" width=\"800\" height=\"450\" src=\"https:\/\/www.youtube.com\/embed\/yyAzUKCJ_AQ?feature=oembed\" frameborder=\"0\" allow=\"accelerometer; autoplay; clipboard-write; encrypted-media; gyroscope; picture-in-picture; web-share\" referrerpolicy=\"strict-origin-when-cross-origin\" allowfullscreen><\/iframe><\/p>\n<p>&nbsp;<\/p>\n","protected":false},"excerpt":{"rendered":"<p><strong>D\u00edky rychl\u00e9mu otev\u0159en\u00ed, ergonomick\u00e9 konstrukci a kvalitn\u00edm materi\u00e1l\u016fm je AKC F16 OTF skv\u011blou volbou pro ka\u017ed\u00e9ho, kdo hled\u00e1 spolehliv\u00fd, odoln\u00fd a stylov\u00fd automatick\u00fd n\u016f\u017e pro ka\u017edodenn\u00ed pou\u017eit\u00ed.<\/strong><\/p>\n","protected":false},"featured_media":239842,"comment_status":"open","ping_status":"closed","template":"","meta":[],"pwb-brand":[3245],"product_brand":[],"product_cat":[2019,17],"product_tag":[],"class_list":{"0":"post-239841","1":"product","2":"type-product","3":"status-publish","4":"has-post-thumbnail","6":"pwb-brand-a-g-a-campolin","7":"product_cat-vystrelovaci-noze","8":"product_cat-noze","10":"first","11":"outofstock","12":"taxable","13":"shipping-taxable","14":"purchasable","15":"product-type-simple"},"brands":[{"id":3245,"name":"A.G.A. CAMPOLIN","slug":"a-g-a-campolin"}],"_links":{"self":[{"href":"https:\/\/www.moskito.cz\/es\/wp-json\/wp\/v2\/product\/239841","targetHints":{"allow":["GET"]}}],"collection":[{"href":"https:\/\/www.moskito.cz\/es\/wp-json\/wp\/v2\/product"}],"about":[{"href":"https:\/\/www.moskito.cz\/es\/wp-json\/wp\/v2\/types\/product"}],"replies":[{"embeddable":true,"href":"https:\/\/www.moskito.cz\/es\/wp-json\/wp\/v2\/comments?post=239841"}],"wp:featuredmedia":[{"embeddable":true,"href":"https:\/\/www.moskito.cz\/es\/wp-json\/wp\/v2\/media\/239842"}],"wp:attachment":[{"href":"https:\/\/www.moskito.cz\/es\/wp-json\/wp\/v2\/media?parent=239841"}],"wp:term":[{"taxonomy":"pwb-brand","embeddable":true,"href":"https:\/\/www.moskito.cz\/es\/wp-json\/wp\/v2\/pwb-brand?post=239841"},{"taxonomy":"product_brand","embeddable":true,"href":"https:\/\/www.moskito.cz\/es\/wp-json\/wp\/v2\/product_brand?post=239841"},{"taxonomy":"product_cat","embeddable":true,"href":"https:\/\/www.moskito.cz\/es\/wp-json\/wp\/v2\/product_cat?post=239841"},{"taxonomy":"product_tag","embeddable":true,"href":"https:\/\/www.moskito.cz\/es\/wp-json\/wp\/v2\/product_tag?post=239841"}],"curies":[{"name":"wp","href":"https:\/\/api.w.org\/{rel}","templated":true}]}}