{"id":240047,"date":"2023-02-19T18:43:38","date_gmt":"2023-02-19T17:43:38","guid":{"rendered":"https:\/\/www.moskito.cz\/?post_type=product&#038;p=240047"},"modified":"2025-05-07T10:46:22","modified_gmt":"2025-05-07T09:46:22","slug":"zaviraci-nuz-cmb-made-knives-prowler-blue-titanium-cmb-02w","status":"publish","type":"product","link":"https:\/\/www.moskito.cz\/es\/produkt\/zaviraci-nuz-cmb-made-knives-prowler-blue-titanium-cmb-02w\/","title":{"rendered":"Zav\u00edrac\u00ed N\u016f\u017e CMB Made Knives Prowler Blue Titanium CMB-02W"},"content":{"rendered":"<p>Zav\u00edrac\u00ed N\u016f\u017e <strong>CMB Made Knives<\/strong> Prowler Blue Titanium CMB-02W<\/p>\n<p>CMB, zalo\u017een\u00e1 v roce 2010, je t\u00fdm, kter\u00fd se specializuje na v\u00fdrobu no\u017e\u016f.<br \/>\nT\u00fdm CMB se posledn\u00edch deset let zav\u00e1zal poskytovat slu\u017eby v\u00fdroby OEM no\u017e\u016f.<br \/>\nProst\u0159ednictv\u00edm nejvy\u0161\u0161\u00edch v\u00fdrobn\u00edch standard\u016f a technick\u00e9 kontroly kvality z\u00edskala spole\u010dnost nejen tr\u017en\u00ed hodnotu a vysoce kvalitn\u00ed produkty, ale tak\u00e9 uzn\u00e1n\u00ed klient\u016f.<br \/>\nNa z\u00e1klad\u011b dostate\u010dn\u00fdch technologi\u00ed a bohat\u00fdch zku\u0161enost\u00ed s inovativn\u00edm designem t\u00fdmu CMB.<br \/>\nV roce 2020 uvedla na trh zna\u010dku: CMB MADE KNIVES.<br \/>\nCMB MADE KNIVES uvede v budoucnu na trh v\u00edce design\u016f a produkt\u016f.<\/p>\n<p>N\u00e1vrh\u00e1\u0159: JELLY_JERRY_DESIGN<br \/>\nN\u00e1zev modelu: Prowler<\/p>\n<p>Celkov\u00e1 d\u00e9lka: 215 mm (8,46&#8243;)<br \/>\nD\u00e9lka \u010depele: 95 mm (3,74&#8243;)<br \/>\n\u0160\u00ed\u0159ka \u010depele: 30 mm (1,18&#8243;)<br \/>\nTlou\u0161\u0165ka \u010depele: 3,5 mm<br \/>\nD\u00e9lka rukojeti: 120 mm (4,72&#8243;)<\/p>\n<p>Materi\u00e1l \u010depele: M390<br \/>\nPovrch \u010depele: Satin finish<br \/>\nPovrch rukojeti: Modr\u00e1<br \/>\nMateri\u00e1l rukojeti: 6AL4V titan<br \/>\nKlip: 6AL4V Titanium<\/p>\n<p>Hmotnost: 114g (4,02oz)<br \/>\nTvrdost: 59-61HRC<br \/>\nTyp z\u00e1mku: R\u00e1mov\u00fd z\u00e1mek<br \/>\nKonstrukce: m\u011bd\u011bn\u00e9 keramick\u00e9 kuli\u010dkov\u00e9 lo\u017eisko<\/p>\n","protected":false},"excerpt":{"rendered":"<p>CMB, zalo\u017een\u00e1 v roce 2010, je t\u00fdm, kter\u00fd se specializuje na v\u00fdrobu no\u017e\u016f.<\/p>\n","protected":false},"featured_media":240048,"comment_status":"open","ping_status":"closed","template":"","meta":[],"pwb-brand":[3246],"product_brand":[],"product_cat":[22,17],"product_tag":[],"class_list":{"0":"post-240047","1":"product","2":"type-product","3":"status-publish","4":"has-post-thumbnail","6":"pwb-brand-cmb-made-knives","7":"product_cat-zaviraci-noze","8":"product_cat-noze","10":"first","11":"instock","12":"taxable","13":"shipping-taxable","14":"purchasable","15":"product-type-simple"},"brands":[{"id":3246,"name":"CMB Made Knives","slug":"cmb-made-knives"}],"_links":{"self":[{"href":"https:\/\/www.moskito.cz\/es\/wp-json\/wp\/v2\/product\/240047","targetHints":{"allow":["GET"]}}],"collection":[{"href":"https:\/\/www.moskito.cz\/es\/wp-json\/wp\/v2\/product"}],"about":[{"href":"https:\/\/www.moskito.cz\/es\/wp-json\/wp\/v2\/types\/product"}],"replies":[{"embeddable":true,"href":"https:\/\/www.moskito.cz\/es\/wp-json\/wp\/v2\/comments?post=240047"}],"wp:featuredmedia":[{"embeddable":true,"href":"https:\/\/www.moskito.cz\/es\/wp-json\/wp\/v2\/media\/240048"}],"wp:attachment":[{"href":"https:\/\/www.moskito.cz\/es\/wp-json\/wp\/v2\/media?parent=240047"}],"wp:term":[{"taxonomy":"pwb-brand","embeddable":true,"href":"https:\/\/www.moskito.cz\/es\/wp-json\/wp\/v2\/pwb-brand?post=240047"},{"taxonomy":"product_brand","embeddable":true,"href":"https:\/\/www.moskito.cz\/es\/wp-json\/wp\/v2\/product_brand?post=240047"},{"taxonomy":"product_cat","embeddable":true,"href":"https:\/\/www.moskito.cz\/es\/wp-json\/wp\/v2\/product_cat?post=240047"},{"taxonomy":"product_tag","embeddable":true,"href":"https:\/\/www.moskito.cz\/es\/wp-json\/wp\/v2\/product_tag?post=240047"}],"curies":[{"name":"wp","href":"https:\/\/api.w.org\/{rel}","templated":true}]}}