{"id":240309,"date":"2023-02-21T20:56:25","date_gmt":"2023-02-21T19:56:25","guid":{"rendered":"https:\/\/www.moskito.cz\/?post_type=product&#038;p=240309"},"modified":"2025-05-07T10:46:29","modified_gmt":"2025-05-07T09:46:29","slug":"zaviraci-nuz-cmb-made-knives-knight-cmb-07g","status":"publish","type":"product","link":"https:\/\/www.moskito.cz\/es\/produkt\/zaviraci-nuz-cmb-made-knives-knight-cmb-07g\/","title":{"rendered":"Zav\u00edrac\u00ed N\u016f\u017e CMB Made Knives Knight CMB-07G"},"content":{"rendered":"<p>Zav\u00edrac\u00ed N\u016f\u017e <strong>CMB Made Knives<\/strong> Knight CMB-07G<\/p>\n<p>\u010cern\u00e1 \u010depel drop point vyroben\u00e1 z Bohler M390.<br \/>\nModr\u00e1 titanov\u00e1 rukoje\u0165 s vlo\u017ekami z uhl\u00edkov\u00fdch vl\u00e1ken.<br \/>\nRobustn\u00ed z\u00e1mek r\u00e1mu dr\u017e\u00edc\u00ed n\u016f\u017e na m\u00edst\u011b.<br \/>\nSkl\u00e1p\u011bc\u00ed titanov\u00e1 kapesn\u00ed spona.<br \/>\nPopis:<\/p>\n<p>Tento n\u016f\u017e CMB Made Knives KNight je \u010dist\u011b vypadaj\u00edc\u00ed n\u016f\u017e s v\u00fdkonem. S\u00edla poch\u00e1z\u00ed z kvalitn\u00edch materi\u00e1l\u016f, ze kter\u00fdch je vyroben. S \u010depel\u00ed vyrobenou ze super oceli Bohler M390 m\u00e1te hou\u017eevnatost, odolnost proti opot\u0159eben\u00ed a dokonce i odolnost proti korozi. Rukoje\u0165 je zpracov\u00e1na tak, aby byla nejen kr\u00e1sn\u00e1 na pohled, ale tak\u00e9 skv\u011ble padla do ruky, nebudete ji cht\u00edt polo\u017eit. P\u0159idejte tento sladk\u00fd n\u016f\u017e do sv\u00e9 sb\u00edrky!<\/p>\n<p><strong>Zav\u00edrac\u00ed no\u017ee CMB je t\u011b\u017ek\u00e9 porazit!\u00a0<\/strong><\/p>\n<p>Design\u00e9r: CMBMADEKNIVES<br \/>\nN\u00e1zev modelu: Knight CMB-07G<\/p>\n<p>Celkov\u00e1 d\u00e9lka: 215 mm (8,46&#8243;)<br \/>\nD\u00e9lka \u010depele: 95 mm (3,74&#8243;)<br \/>\nD\u00e9lka rukojeti: 120 mm (4,72&#8243;)<br \/>\n\u0160\u00ed\u0159ka \u010depele: 26,5 mm (1,04&#8243;)<br \/>\nTlou\u0161\u0165ka \u010depele: 3,8 mm<\/p>\n<p>Materi\u00e1l \u010depele: M390<br \/>\nPovrch \u010depele:\u010cern\u00fd<br \/>\nMateri\u00e1l rukojeti: 6AL4V Titanium+CF<br \/>\nPovrch rukojeti: P\u00edskovan\u00fd<br \/>\nMateri\u00e1l klipu: 6AL4V titan<\/p>\n<p>Hmotnost: 126g (4,44oz)<br \/>\nTvrdost: 59-61 HRC<br \/>\nTyp z\u00e1mku: dr\u00e1t\u011bn\u00fd z\u00e1mek<br \/>\nKonstrukce: m\u011bd\u011bn\u00e9 keramick\u00e9 kuli\u010dkov\u00e9 lo\u017eisko<\/p>\n","protected":false},"excerpt":{"rendered":"<p><strong>Zav\u00edrac\u00ed no\u017ee CMB je t\u011b\u017ek\u00e9 porazit!\u00a0<\/strong><\/p>\n","protected":false},"featured_media":240310,"comment_status":"open","ping_status":"closed","template":"","meta":[],"pwb-brand":[3246],"product_brand":[],"product_cat":[22,17],"product_tag":[],"class_list":{"0":"post-240309","1":"product","2":"type-product","3":"status-publish","4":"has-post-thumbnail","6":"pwb-brand-cmb-made-knives","7":"product_cat-zaviraci-noze","8":"product_cat-noze","10":"first","11":"instock","12":"taxable","13":"shipping-taxable","14":"purchasable","15":"product-type-simple"},"brands":[{"id":3246,"name":"CMB Made Knives","slug":"cmb-made-knives"}],"_links":{"self":[{"href":"https:\/\/www.moskito.cz\/es\/wp-json\/wp\/v2\/product\/240309","targetHints":{"allow":["GET"]}}],"collection":[{"href":"https:\/\/www.moskito.cz\/es\/wp-json\/wp\/v2\/product"}],"about":[{"href":"https:\/\/www.moskito.cz\/es\/wp-json\/wp\/v2\/types\/product"}],"replies":[{"embeddable":true,"href":"https:\/\/www.moskito.cz\/es\/wp-json\/wp\/v2\/comments?post=240309"}],"wp:featuredmedia":[{"embeddable":true,"href":"https:\/\/www.moskito.cz\/es\/wp-json\/wp\/v2\/media\/240310"}],"wp:attachment":[{"href":"https:\/\/www.moskito.cz\/es\/wp-json\/wp\/v2\/media?parent=240309"}],"wp:term":[{"taxonomy":"pwb-brand","embeddable":true,"href":"https:\/\/www.moskito.cz\/es\/wp-json\/wp\/v2\/pwb-brand?post=240309"},{"taxonomy":"product_brand","embeddable":true,"href":"https:\/\/www.moskito.cz\/es\/wp-json\/wp\/v2\/product_brand?post=240309"},{"taxonomy":"product_cat","embeddable":true,"href":"https:\/\/www.moskito.cz\/es\/wp-json\/wp\/v2\/product_cat?post=240309"},{"taxonomy":"product_tag","embeddable":true,"href":"https:\/\/www.moskito.cz\/es\/wp-json\/wp\/v2\/product_tag?post=240309"}],"curies":[{"name":"wp","href":"https:\/\/api.w.org\/{rel}","templated":true}]}}