{"id":240342,"date":"2023-02-21T21:36:57","date_gmt":"2023-02-21T20:36:57","guid":{"rendered":"https:\/\/www.moskito.cz\/?post_type=product&#038;p=240342"},"modified":"2025-06-06T16:59:06","modified_gmt":"2025-06-06T15:59:06","slug":"zaviraci-nuz-cmb-made-knives-falcon-cmb-c01c","status":"publish","type":"product","link":"https:\/\/www.moskito.cz\/es\/produkt\/zaviraci-nuz-cmb-made-knives-falcon-cmb-c01c\/","title":{"rendered":"Zav\u00edrac\u00ed N\u016f\u017e CMB Made Knives Falcon CMB-C01C"},"content":{"rendered":"<p>Zav\u00edrac\u00ed N\u016f\u017e <strong>CMB Made Knives<\/strong> Falcon CMB-C01C<\/p>\n<p>Falcon od <strong>CMB Made Knives<\/strong> je n\u016f\u017e st\u0159edn\u00ed velikosti s \u010dernou rukojeti G-10, kter\u00e1 je skv\u011bl\u00e1 pro ka\u017edodenn\u00ed no\u0161en\u00ed. Vyzna\u010duje se sat\u00e9nov\u011b upravenou \u010depel\u00ed ve stylu hawkbill, kter\u00e1 spojuje u\u017eite\u010dnost standardn\u00edho karambitu s jemnost\u00ed, co\u017e vede k mimo\u0159\u00e1dn\u011b u\u017eite\u010dn\u00e9mu a nezastra\u0161uj\u00edc\u00edmu n\u00e1stroji. Nechte si jeden na sv\u00e9m t\u011ble a budete p\u0159ipraveni na jak\u00fdkoli \u00fakol \u0159ez\u00e1n\u00ed. Sportovn\u00ed oboustrann\u00fd v\u00fdklopn\u00fd kapesn\u00ed klip. Falcon je dod\u00e1v\u00e1n s polstrovan\u00fdm\/vystlan\u00fdm \u00falo\u017en\u00fdm pouzdrem a le\u0161t\u00edc\u00edm had\u0159\u00edkem.<\/p>\n<p>Design\u00e9r: CMBMADEKNIVES<br \/>\nN\u00e1zev modelu: Falcon<\/p>\n<p>Celkov\u00e1 d\u00e9lka: 183 mm (7,20&#8243;)<br \/>\nD\u00e9lka \u010depele: 66 mm (2,60&#8243;)<br \/>\n\u0160\u00ed\u0159ka \u010depele: 30 mm (1,18&#8243;)<br \/>\nTlou\u0161\u0165ka \u010depele: 3,5 mm<br \/>\nD\u00e9lka rukojeti: 117 mm (4,60&#8243;)<\/p>\n<p>Materi\u00e1l \u010depele: Japonsko AUS-10<br \/>\nPovrch \u010depele: sat\u00e9n<br \/>\nMateri\u00e1l rukojeti: G10<br \/>\nKlip: Nerezov\u00e1 ocel<\/p>\n<p>Hmotnost: 129g (4,55oz)<br \/>\nTvrdost: 59-61HRC<br \/>\nTyp z\u00e1mku: Line Lock<br \/>\nKonstrukce: m\u011bd\u011bn\u00e9 keramick\u00e9 kuli\u010dkov\u00e9 lo\u017eisko<\/p>\n<p>&nbsp;<\/p>\n","protected":false},"excerpt":{"rendered":"<p>Falcon od <strong>CMB Made Knives<\/strong> je n\u016f\u017e st\u0159edn\u00ed velikosti.<\/p>\n","protected":false},"featured_media":240343,"comment_status":"open","ping_status":"closed","template":"","meta":[],"pwb-brand":[3246],"product_brand":[],"product_cat":[22,17],"product_tag":[],"class_list":{"0":"post-240342","1":"product","2":"type-product","3":"status-publish","4":"has-post-thumbnail","6":"pwb-brand-cmb-made-knives","7":"product_cat-zaviraci-noze","8":"product_cat-noze","10":"first","11":"instock","12":"taxable","13":"shipping-taxable","14":"purchasable","15":"product-type-simple"},"brands":[{"id":3246,"name":"CMB Made Knives","slug":"cmb-made-knives"}],"_links":{"self":[{"href":"https:\/\/www.moskito.cz\/es\/wp-json\/wp\/v2\/product\/240342","targetHints":{"allow":["GET"]}}],"collection":[{"href":"https:\/\/www.moskito.cz\/es\/wp-json\/wp\/v2\/product"}],"about":[{"href":"https:\/\/www.moskito.cz\/es\/wp-json\/wp\/v2\/types\/product"}],"replies":[{"embeddable":true,"href":"https:\/\/www.moskito.cz\/es\/wp-json\/wp\/v2\/comments?post=240342"}],"wp:featuredmedia":[{"embeddable":true,"href":"https:\/\/www.moskito.cz\/es\/wp-json\/wp\/v2\/media\/240343"}],"wp:attachment":[{"href":"https:\/\/www.moskito.cz\/es\/wp-json\/wp\/v2\/media?parent=240342"}],"wp:term":[{"taxonomy":"pwb-brand","embeddable":true,"href":"https:\/\/www.moskito.cz\/es\/wp-json\/wp\/v2\/pwb-brand?post=240342"},{"taxonomy":"product_brand","embeddable":true,"href":"https:\/\/www.moskito.cz\/es\/wp-json\/wp\/v2\/product_brand?post=240342"},{"taxonomy":"product_cat","embeddable":true,"href":"https:\/\/www.moskito.cz\/es\/wp-json\/wp\/v2\/product_cat?post=240342"},{"taxonomy":"product_tag","embeddable":true,"href":"https:\/\/www.moskito.cz\/es\/wp-json\/wp\/v2\/product_tag?post=240342"}],"curies":[{"name":"wp","href":"https:\/\/api.w.org\/{rel}","templated":true}]}}