{"id":240475,"date":"2023-02-22T20:11:13","date_gmt":"2023-02-22T19:11:13","guid":{"rendered":"https:\/\/www.moskito.cz\/?post_type=product&#038;p=240475"},"modified":"2025-05-07T10:46:36","modified_gmt":"2025-05-07T09:46:36","slug":"pevny-nuz-microtech-socom-alpha-mini-zombie-tech-single-edge-113m-1z","status":"publish","type":"product","link":"https:\/\/www.moskito.cz\/es\/produkt\/pevny-nuz-microtech-socom-alpha-mini-zombie-tech-single-edge-113m-1z\/","title":{"rendered":"Pevn\u00fd N\u016f\u017e Microtech Socom Alpha Mini Zombie Tech Single Edge 113M-1Z"},"content":{"rendered":"<p>Pevn\u00fd N\u016f\u017e <strong>Microtech<\/strong> Socom Alpha Mini Zombie Tech Single Edge 113M-1Z<\/p>\n<p>Microtech p\u0159idal k popul\u00e1rn\u00ed \u0159ad\u011b Socom a p\u0159edstavil Socom Alpha mini ve stylu slo\u017eky Socom Elite. Jak n\u00e1zev napov\u00edd\u00e1, jedn\u00e1 se o zmen\u0161enou verzi Socom Alpha. Vyv\u00fd\u0161en\u00e1 full tang konstrukce s lemov\u00e1n\u00edm po cel\u00e9m obvodu pro lep\u0161\u00ed p\u0159ilnavost. Tvarovan\u00e9 v\u00e1hy rukojeti poskytuj\u00ed pohodln\u00e9 uchopen\u00ed a jsou bezpe\u010dn\u011b dr\u017eeny t\u0159emi velk\u00fdmi patentovan\u00fdmi \u0161rouby. Otvor pro \u0161\u0148\u016frku na konci slou\u017e\u00ed jako rozb\u00edje\u010d skla. Ka\u017ed\u00fd z nich obsahuje vlastn\u00ed molle kompatibiln\u00ed Kydexov\u00e9 pouzdro, d\u00edky \u010demu\u017e je tento n\u016f\u017e vynikaj\u00edc\u00ed volbou pro ka\u017edodenn\u00ed no\u0161en\u00ed.<\/p>\n<p>Tento model je vybaven \u010dern\u011b eloxovanou hlin\u00edkovou 6061-T6 tvarovanou hlin\u00edkovou stupnic\u00ed se zombie zelenou s n\u00e1hodn\u011b \u010derven\u00fdm \u00abkrevn\u00edm\u00bb rozst\u0159ikem. Zombie zelen\u00e1 s n\u00e1hodn\u00fdm \u010derven\u00fdm st\u0159\u00edk\u00e1n\u00edm s jednob\u0159itou \u010depel\u00ed z nerezov\u00e9 oceli M390. Modely Zombie jsou steriln\u00ed bez jin\u00fdch ozna\u010den\u00ed ne\u017e Zombie Tech na p\u0159edn\u00ed stran\u011b \u010depele. Zcela nov\u00e9 v krabici s kydexov\u00fdm pouzdrem.<\/p>\n<p>Zem\u011b p\u016fvodu: USA<br \/>\nDatum p\u016fvodu: 2023<br \/>\nMateri\u00e1l rukojeti: Hlin\u00edk<br \/>\nMateri\u00e1l \u010depele: M390<br \/>\nPovrchov\u00e1 \u00faprava \u010depele: Cerakote<br \/>\nTyp okraje: Standard<br \/>\nModel\/Vzor: Socom Alpha Mini<br \/>\nTyp no\u017ee: Pevn\u00e1 \u010depel<br \/>\nD\u00e9lka \u010depele: 9.5 cm<br \/>\nCelkov\u00e1 d\u00e9lka: 21 cm<br \/>\nHmotnost: 6 oz<\/p>\n","protected":false},"excerpt":{"rendered":"<p>V pr\u016fb\u011bhu let M<strong>icrotech\u00ae Knives<\/strong> naplnil v\u00e1\u0161n\u00ed a dovednost\u00ed v\u00fdrobu no\u017e\u016f, a\u017e z nich vytvo\u0159il t\u00e9m\u011b\u0159 um\u011bleck\u00e1 d\u00edla,kter\u00e9 jsou vrcholem funk\u010dnosti.V\u0161echny d\u00edly jsou vyrobeny v USA.<br \/>\n<strong>Na v\u0161echny no\u017ee Microtech je do\u017eivotn\u00ed z\u00e1ruka.<\/strong><\/p>\n<p><strong>Doprava zdarma.<\/strong><\/p>\n","protected":false},"featured_media":240476,"comment_status":"open","ping_status":"closed","template":"","meta":[],"pwb-brand":[431],"product_brand":[],"product_cat":[23,17],"product_tag":[3667],"class_list":{"0":"post-240475","1":"product","2":"type-product","3":"status-publish","4":"has-post-thumbnail","6":"pwb-brand-microtech","7":"product_cat-pevne-noze","8":"product_cat-noze","9":"product_tag-b2b","11":"first","12":"outofstock","13":"taxable","14":"shipping-taxable","15":"purchasable","16":"product-type-simple"},"brands":[{"id":431,"name":"Microtech","slug":"microtech"}],"_links":{"self":[{"href":"https:\/\/www.moskito.cz\/es\/wp-json\/wp\/v2\/product\/240475","targetHints":{"allow":["GET"]}}],"collection":[{"href":"https:\/\/www.moskito.cz\/es\/wp-json\/wp\/v2\/product"}],"about":[{"href":"https:\/\/www.moskito.cz\/es\/wp-json\/wp\/v2\/types\/product"}],"replies":[{"embeddable":true,"href":"https:\/\/www.moskito.cz\/es\/wp-json\/wp\/v2\/comments?post=240475"}],"wp:featuredmedia":[{"embeddable":true,"href":"https:\/\/www.moskito.cz\/es\/wp-json\/wp\/v2\/media\/240476"}],"wp:attachment":[{"href":"https:\/\/www.moskito.cz\/es\/wp-json\/wp\/v2\/media?parent=240475"}],"wp:term":[{"taxonomy":"pwb-brand","embeddable":true,"href":"https:\/\/www.moskito.cz\/es\/wp-json\/wp\/v2\/pwb-brand?post=240475"},{"taxonomy":"product_brand","embeddable":true,"href":"https:\/\/www.moskito.cz\/es\/wp-json\/wp\/v2\/product_brand?post=240475"},{"taxonomy":"product_cat","embeddable":true,"href":"https:\/\/www.moskito.cz\/es\/wp-json\/wp\/v2\/product_cat?post=240475"},{"taxonomy":"product_tag","embeddable":true,"href":"https:\/\/www.moskito.cz\/es\/wp-json\/wp\/v2\/product_tag?post=240475"}],"curies":[{"name":"wp","href":"https:\/\/api.w.org\/{rel}","templated":true}]}}