{"id":241309,"date":"2023-02-27T20:32:36","date_gmt":"2023-02-27T19:32:36","guid":{"rendered":"https:\/\/www.moskito.cz\/?post_type=product&#038;p=241309"},"modified":"2025-05-07T10:46:52","modified_gmt":"2025-05-07T09:46:52","slug":"zaviraci-nuz-maxace-beetle-s-mbts01","status":"publish","type":"product","link":"https:\/\/www.moskito.cz\/es\/produkt\/zaviraci-nuz-maxace-beetle-s-mbts01\/","title":{"rendered":"Zav\u00edrac\u00ed N\u016f\u017e Maxace Beetle-S MBTS01"},"content":{"rendered":"<p>Zav\u00edrac\u00ed N\u016f\u017e <strong>Maxace<\/strong> Beetle-S MBTS01<\/p>\n<p><strong>Beetle-S<\/strong> je zav\u00edrac\u00ed n\u016f\u017e Maxace EDC s \u010depel\u00ed Drop-Point vyroben\u00fd z pr\u00e9miov\u00e9 oceli M390 . Titanov\u00e1 rukoje\u0165 s kost\u011bn\u00fdmi p\u0159ekryvy. Tento model lze dob\u0159e nazvat gentlemansk\u00fdm no\u017eem. D\u00edky sv\u00fdm klasick\u00fdm a p\u0159\u00edsn\u00fdm form\u00e1m se tento krasavec bude hodit jak ke spole\u010densk\u00e9mu obleku, tak k roztrhan\u00fdm d\u017e\u00edn\u016fm. S d\u00e9lkou \u010depele 83 mm a tlou\u0161\u0165kou pa\u017eby 1,8 mm je n\u016f\u017e schopen vytvo\u0159it t\u00e9m\u011b\u0159 chirurgick\u00fd \u0159ez. Vybaveno otvorem pro \u0161\u0148\u016frku a zap\u00edn\u00e1n\u00edm na posuvn\u00fd kloub . Chyb\u00ed klip.<\/p>\n<p><strong>\u010cepel<\/strong> je vyrobena z oceli M390. Jedn\u00e1 se o pr\u00e9miovou pr\u00e1\u0161kovou martenzitickou ocel s vysok\u00fdm obsahem chr\u00f3mu a vanadu. Vyr\u00e1b\u00ed sv\u011btozn\u00e1m\u00fd rakousk\u00fd koncern Bohler &#8211; Uddeholm AG. Tato ocel je uzn\u00e1v\u00e1na jako jedna z nejlep\u0161\u00edch na sv\u011bt\u011b pro svou odolnost proti opot\u0159eben\u00ed, vysok\u00e9 antikorozn\u00ed vlastnosti, vynikaj\u00edc\u00ed pevnost a hou\u017eevnatost. V sou\u010dasn\u00e9 dob\u011b je velmi obl\u00edben\u00fdm materi\u00e1lem a \u00fasp\u011b\u0161n\u011b se pou\u017e\u00edv\u00e1 p\u0159i v\u00fdrob\u011b pr\u00e9miov\u00fdch s\u00e9riov\u00fdch no\u017e\u016f, ale i zak\u00e1zkov\u00fdch a autorsk\u00fdch model\u016f. \u010cepele z t\u00e9to oceli jsou kalen\u00e9 na 58-62 HRC. M\u00e1 vynikaj\u00edc\u00ed pevnost \u0159ezn\u00e9 hrany. Slu\u0161\u00ed se v\u0161ak podotknout, \u017ee odvr\u00e1cenou stranou t\u00e9to vlastnosti nen\u00ed \u00fapln\u011b jednoduch\u00e9 ost\u0159en\u00ed.<\/p>\n<p><strong>Rukoje\u0165<\/strong> je vyrobena z titanu s kost\u011bn\u00fdmi p\u0159ekryvy. Titan m\u00e1 vynikaj\u00edc\u00ed mechanick\u00e9 vlastnosti. Je pom\u011brn\u011b pevn\u00fd, hou\u017eevnat\u00fd a lehk\u00fd ve srovn\u00e1n\u00ed s jin\u00fdmi obl\u00edben\u00fdmi kovy pou\u017e\u00edvan\u00fdmi v rukojet\u00edch no\u017e\u016f. Rukoje\u0165 z titanov\u00e9 slitiny je tepeln\u011b odoln\u00e1, fyzik\u00e1ln\u011b inertn\u00ed a neoxiduje. Navenek titanov\u00e9 rukojeti vypadaj\u00ed luxusn\u011b a dokonale dopl\u0148uj\u00ed ocel \u010depele jak\u00e9koli zna\u010dky. Navzdory slo\u017eit\u00e9mu stupni zpracov\u00e1n\u00ed, vysok\u00e9 viskozit\u011b a vysok\u00e9 cen\u011b je tento materi\u00e1l mezi no\u017e\u00ed\u0159i st\u00e1le pom\u011brn\u011b b\u011b\u017en\u00fd. Bone je pevn\u00fd a hladk\u00fd materi\u00e1l, kter\u00fd rukojeti dod\u00e1v\u00e1 exotick\u00fd vzhled. Aby nedo\u0161lo ke zm\u011bn\u011b barvy, nem\u011bl by b\u00fdt n\u016f\u017e ponech\u00e1n del\u0161\u00ed dobu na slunci ani pod vodou.<\/p>\n<p>Vlastnosti:<\/p>\n<p>Celkov\u00e1 d\u00e9lka: 189 mm<br \/>\nD\u00e9lka \u010depele: 83 mm<br \/>\n\u0160\u00ed\u0159ka \u010depele: 24 mm<br \/>\nTlou\u0161\u0165ka hlavy: 1,8 mm<br \/>\nMateri\u00e1l \u010depele: Bohler M390<br \/>\nMateri\u00e1l rukojeti: kost, titan<br \/>\nV\u00fdrobce: Maxace<br \/>\nHmotnost: 129g<\/p>\n","protected":false},"excerpt":{"rendered":"<p><strong>Tento model lze dob\u0159e nazvat gentlemansk\u00fdm no\u017eem.<\/strong><\/p>\n","protected":false},"featured_media":241310,"comment_status":"open","ping_status":"closed","template":"","meta":[],"pwb-brand":[3247],"product_brand":[],"product_cat":[22,17],"product_tag":[],"class_list":{"0":"post-241309","1":"product","2":"type-product","3":"status-publish","4":"has-post-thumbnail","6":"pwb-brand-maxace-2","7":"product_cat-zaviraci-noze","8":"product_cat-noze","10":"first","11":"instock","12":"taxable","13":"shipping-taxable","14":"purchasable","15":"product-type-simple"},"brands":[{"id":3247,"name":"Maxace","slug":"maxace-2"}],"_links":{"self":[{"href":"https:\/\/www.moskito.cz\/es\/wp-json\/wp\/v2\/product\/241309","targetHints":{"allow":["GET"]}}],"collection":[{"href":"https:\/\/www.moskito.cz\/es\/wp-json\/wp\/v2\/product"}],"about":[{"href":"https:\/\/www.moskito.cz\/es\/wp-json\/wp\/v2\/types\/product"}],"replies":[{"embeddable":true,"href":"https:\/\/www.moskito.cz\/es\/wp-json\/wp\/v2\/comments?post=241309"}],"wp:featuredmedia":[{"embeddable":true,"href":"https:\/\/www.moskito.cz\/es\/wp-json\/wp\/v2\/media\/241310"}],"wp:attachment":[{"href":"https:\/\/www.moskito.cz\/es\/wp-json\/wp\/v2\/media?parent=241309"}],"wp:term":[{"taxonomy":"pwb-brand","embeddable":true,"href":"https:\/\/www.moskito.cz\/es\/wp-json\/wp\/v2\/pwb-brand?post=241309"},{"taxonomy":"product_brand","embeddable":true,"href":"https:\/\/www.moskito.cz\/es\/wp-json\/wp\/v2\/product_brand?post=241309"},{"taxonomy":"product_cat","embeddable":true,"href":"https:\/\/www.moskito.cz\/es\/wp-json\/wp\/v2\/product_cat?post=241309"},{"taxonomy":"product_tag","embeddable":true,"href":"https:\/\/www.moskito.cz\/es\/wp-json\/wp\/v2\/product_tag?post=241309"}],"curies":[{"name":"wp","href":"https:\/\/api.w.org\/{rel}","templated":true}]}}