{"id":241498,"date":"2023-02-28T22:10:32","date_gmt":"2023-02-28T21:10:32","guid":{"rendered":"https:\/\/www.moskito.cz\/?post_type=product&#038;p=241498"},"modified":"2025-05-07T10:46:56","modified_gmt":"2025-05-07T09:46:56","slug":"zaviraci-nuz-maxace-rock-mrk03","status":"publish","type":"product","link":"https:\/\/www.moskito.cz\/es\/produkt\/zaviraci-nuz-maxace-rock-mrk03\/","title":{"rendered":"Zav\u00edrac\u00ed N\u016f\u017e Maxace Rock MRK03"},"content":{"rendered":"<p>Zav\u00edrac\u00ed N\u016f\u017e <strong>Maxace<\/strong> Rock MRK03<\/p>\n<p><strong>Rock<\/strong> je EDC kapesn\u00ed n\u016f\u017e od Maxace, nesouc\u00ed velk\u00e9 jm\u00e9no ROCK . Vyrobeno z pevn\u00fdch a odoln\u00fdch materi\u00e1l\u016f. \u010cepel je vyrobena z pr\u00e9miov\u00e9 oceli M390 , otev\u00edr\u00e1 se kol\u00ed\u010dkem a zamyk\u00e1 pomoc\u00ed Liner-Lock. Titanov\u00e1 rukoje\u0165 s p\u0159ekryvy G-10, spolehliv\u00e1 a ergonomick\u00e1. N\u016f\u017e je vybaven klipem pro upevn\u011bn\u00ed na kapsu.<\/p>\n<p><strong>\u010cepel<\/strong> je vyrobena z oceli M390. Jedn\u00e1 se o pr\u00e9miovou pr\u00e1\u0161kovou martenzitickou ocel s vysok\u00fdm obsahem chr\u00f3mu a vanadu. Vyr\u00e1b\u00ed sv\u011btozn\u00e1m\u00fd rakousk\u00fd koncern Bohler &#8211; Uddeholm AG. Tato ocel je uzn\u00e1v\u00e1na jako jedna z nejlep\u0161\u00edch na sv\u011bt\u011b pro svou odolnost proti opot\u0159eben\u00ed, vysok\u00e9 antikorozn\u00ed vlastnosti, vynikaj\u00edc\u00ed pevnost a hou\u017eevnatost. V sou\u010dasn\u00e9 dob\u011b je velmi obl\u00edben\u00fdm materi\u00e1lem a \u00fasp\u011b\u0161n\u011b se pou\u017e\u00edv\u00e1 p\u0159i v\u00fdrob\u011b pr\u00e9miov\u00fdch s\u00e9riov\u00fdch no\u017e\u016f, ale i zak\u00e1zkov\u00fdch a autorsk\u00fdch model\u016f. \u010cepele z t\u00e9to oceli jsou kalen\u00e9 na 58-62 HRC. M\u00e1 vynikaj\u00edc\u00ed pevnost \u0159ezn\u00e9 hrany. Slu\u0161\u00ed se v\u0161ak podotknout, \u017ee odvr\u00e1cenou stranou t\u00e9to vlastnosti nen\u00ed \u00fapln\u011b jednoduch\u00e9 ost\u0159en\u00ed.<\/p>\n<p><strong>Rukoje\u0165<\/strong> je vyrobena z titanu s p\u0159ekryvy G-10. Titan je materi\u00e1l s vynikaj\u00edc\u00edmi mechanick\u00fdmi vlastnostmi. On pom\u011brn\u011b pevn\u00fd, tuh\u00fd a lehk\u00fd ve srovn\u00e1n\u00ed s jin\u00fdmi obl\u00edben\u00fdmi kovy pou\u017e\u00edvan\u00fdmi v rukojeti no\u017e\u016f. Rukoje\u0165 z titanov\u00e9 slitiny je tepeln\u011b odoln\u00e1, fyzik\u00e1ln\u011b inertn\u00ed a neoxiduje. Navenek titanov\u00e9 rukojeti vypadaj\u00ed luxusn\u011b a dokonale dopl\u0148uj\u00ed ocel \u010depele jak\u00e9koli zna\u010dky. Navzdory slo\u017eit\u00e9mu stupni zpracov\u00e1n\u00ed, vysok\u00e9 viskozit\u011b a vysok\u00e9 cen\u011b je tento materi\u00e1l mezi no\u017e\u00ed\u0159i st\u00e1le pom\u011brn\u011b b\u011b\u017en\u00fd.<\/p>\n<p><strong>G10<\/strong> je kompozitn\u00ed materi\u00e1l na b\u00e1zi skeln\u00fdch vl\u00e1ken a epoxidov\u00e9 prysky\u0159ice. B\u011bhem v\u00fdrobn\u00edho procesu je sklolamin\u00e1t nas\u00e1kl\u00fd prysky\u0159ic\u00ed, pot\u00e9 je slisov\u00e1n. V\u00fdsledkem je materi\u00e1l, kter\u00fd dob\u0159e funguje v nep\u0159\u00edzniv\u00fdch podm\u00ednk\u00e1ch. G10 je trvanliv\u00fd a odoln\u00fd proti n\u00e1razu, dob\u0159e sn\u00e1\u0161\u00ed vlhkost a dob\u0159e se barv\u00ed. Navenek je velmi podobn\u00e1 micart\u011b, ale p\u0159ed\u010d\u00ed ji v s\u00edle a ohnivzdornosti.<\/p>\n<p>Vlastnosti :<\/p>\n<p>Celkov\u00e1 d\u00e9lka: 240 mm<br \/>\nD\u00e9lka \u010depele: 100 mm<br \/>\nTlou\u0161\u0165ka : 4 mm<br \/>\nMateri\u00e1l \u010depele: Bohler M390<br \/>\nMateri\u00e1l rukojeti: G-10, Titan<br \/>\nV\u00fdrobce: Maxace<\/p>\n<p>Hmotnost: 188g<\/p>\n","protected":false},"excerpt":{"rendered":"<p><strong>Rock je EDC kapesn\u00ed n\u016f\u017e od Maxace, nesouc\u00ed velk\u00e9 jm\u00e9no ROCK .<\/strong><\/p>\n","protected":false},"featured_media":241499,"comment_status":"open","ping_status":"closed","template":"","meta":[],"pwb-brand":[3247],"product_brand":[],"product_cat":[22,17],"product_tag":[],"class_list":{"0":"post-241498","1":"product","2":"type-product","3":"status-publish","4":"has-post-thumbnail","6":"pwb-brand-maxace-2","7":"product_cat-zaviraci-noze","8":"product_cat-noze","10":"first","11":"outofstock","12":"taxable","13":"shipping-taxable","14":"purchasable","15":"product-type-simple"},"brands":[{"id":3247,"name":"Maxace","slug":"maxace-2"}],"_links":{"self":[{"href":"https:\/\/www.moskito.cz\/es\/wp-json\/wp\/v2\/product\/241498","targetHints":{"allow":["GET"]}}],"collection":[{"href":"https:\/\/www.moskito.cz\/es\/wp-json\/wp\/v2\/product"}],"about":[{"href":"https:\/\/www.moskito.cz\/es\/wp-json\/wp\/v2\/types\/product"}],"replies":[{"embeddable":true,"href":"https:\/\/www.moskito.cz\/es\/wp-json\/wp\/v2\/comments?post=241498"}],"wp:featuredmedia":[{"embeddable":true,"href":"https:\/\/www.moskito.cz\/es\/wp-json\/wp\/v2\/media\/241499"}],"wp:attachment":[{"href":"https:\/\/www.moskito.cz\/es\/wp-json\/wp\/v2\/media?parent=241498"}],"wp:term":[{"taxonomy":"pwb-brand","embeddable":true,"href":"https:\/\/www.moskito.cz\/es\/wp-json\/wp\/v2\/pwb-brand?post=241498"},{"taxonomy":"product_brand","embeddable":true,"href":"https:\/\/www.moskito.cz\/es\/wp-json\/wp\/v2\/product_brand?post=241498"},{"taxonomy":"product_cat","embeddable":true,"href":"https:\/\/www.moskito.cz\/es\/wp-json\/wp\/v2\/product_cat?post=241498"},{"taxonomy":"product_tag","embeddable":true,"href":"https:\/\/www.moskito.cz\/es\/wp-json\/wp\/v2\/product_tag?post=241498"}],"curies":[{"name":"wp","href":"https:\/\/api.w.org\/{rel}","templated":true}]}}