{"id":241612,"date":"2023-03-01T22:08:36","date_gmt":"2023-03-01T21:08:36","guid":{"rendered":"https:\/\/www.moskito.cz\/?post_type=product&#038;p=241612"},"modified":"2025-05-07T10:46:57","modified_gmt":"2025-05-07T09:46:57","slug":"zaviraci-nuz-maxace-yu-my01","status":"publish","type":"product","link":"https:\/\/www.moskito.cz\/es\/produkt\/zaviraci-nuz-maxace-yu-my01\/","title":{"rendered":"Zav\u00edrac\u00ed N\u016f\u017e Maxace YU MY01"},"content":{"rendered":"<p>Zav\u00edrac\u00ed N\u016f\u017e <strong>Maxace<\/strong> YU MY01<\/p>\n<p>EDC model no\u017ee od Maxace. N\u016f\u017e je vyroben ze spolehliv\u00fdch materi\u00e1l\u016f Bohler M390, zat\u00edmco rukoje\u0165 je vyrobena ze slitina titanu TC4. Axi\u00e1ln\u00ed mont\u00e1\u017e je provedena na kuli\u010dkov\u00e9m lo\u017eisku. Pro snadn\u00e9 p\u0159en\u00e1\u0161en\u00ed poskytuje v\u00fdrobce kapesn\u00ed klip, kter\u00fd umo\u017e\u0148uje upevnit n\u016f\u017e na opasek nebo kapsu.<\/p>\n<p>POPIS<br \/>\nCelkov\u00e1 d\u00e9lka: 7,09&#8243;, 180 mm<\/p>\n<p>D\u00e9lka rukojeti: 4,13&#8243;, 105 mm<\/p>\n<p>D\u00e9lka \u010depele: 2,95&#8243;, 75 mm<\/p>\n<p>Tlou\u0161\u0165ka \u010depele:.137&#8243;, 3,5mm<\/p>\n<p>Materi\u00e1l rukojeti: slitina titanu TC4<\/p>\n<p>Materi\u00e1l \u010depele: Bohler M390 ocel<\/p>\n<p>Hmotnost: 3,28 oz., 93 g<\/p>\n<p>Pivot:TC4+um\u011bl\u00fd rub\u00edn<\/p>\n","protected":false},"excerpt":{"rendered":"<p><strong>EDC model no\u017ee od Maxace. <\/strong><\/p>\n","protected":false},"featured_media":241613,"comment_status":"open","ping_status":"closed","template":"","meta":[],"pwb-brand":[3247],"product_brand":[],"product_cat":[22,17],"product_tag":[],"class_list":{"0":"post-241612","1":"product","2":"type-product","3":"status-publish","4":"has-post-thumbnail","6":"pwb-brand-maxace-2","7":"product_cat-zaviraci-noze","8":"product_cat-noze","10":"first","11":"instock","12":"taxable","13":"shipping-taxable","14":"purchasable","15":"product-type-simple"},"brands":[{"id":3247,"name":"Maxace","slug":"maxace-2"}],"_links":{"self":[{"href":"https:\/\/www.moskito.cz\/es\/wp-json\/wp\/v2\/product\/241612","targetHints":{"allow":["GET"]}}],"collection":[{"href":"https:\/\/www.moskito.cz\/es\/wp-json\/wp\/v2\/product"}],"about":[{"href":"https:\/\/www.moskito.cz\/es\/wp-json\/wp\/v2\/types\/product"}],"replies":[{"embeddable":true,"href":"https:\/\/www.moskito.cz\/es\/wp-json\/wp\/v2\/comments?post=241612"}],"wp:featuredmedia":[{"embeddable":true,"href":"https:\/\/www.moskito.cz\/es\/wp-json\/wp\/v2\/media\/241613"}],"wp:attachment":[{"href":"https:\/\/www.moskito.cz\/es\/wp-json\/wp\/v2\/media?parent=241612"}],"wp:term":[{"taxonomy":"pwb-brand","embeddable":true,"href":"https:\/\/www.moskito.cz\/es\/wp-json\/wp\/v2\/pwb-brand?post=241612"},{"taxonomy":"product_brand","embeddable":true,"href":"https:\/\/www.moskito.cz\/es\/wp-json\/wp\/v2\/product_brand?post=241612"},{"taxonomy":"product_cat","embeddable":true,"href":"https:\/\/www.moskito.cz\/es\/wp-json\/wp\/v2\/product_cat?post=241612"},{"taxonomy":"product_tag","embeddable":true,"href":"https:\/\/www.moskito.cz\/es\/wp-json\/wp\/v2\/product_tag?post=241612"}],"curies":[{"name":"wp","href":"https:\/\/api.w.org\/{rel}","templated":true}]}}