{"id":245164,"date":"2023-03-31T10:00:15","date_gmt":"2023-03-31T09:00:15","guid":{"rendered":"https:\/\/www.moskito.cz\/?post_type=product&#038;p=245164"},"modified":"2026-03-05T16:19:47","modified_gmt":"2026-03-05T15:19:47","slug":"pevny-nuz-cold-steel-3v-magnum-tanto-xii-13pmbxii","status":"publish","type":"product","link":"https:\/\/www.moskito.cz\/es\/produkt\/pevny-nuz-cold-steel-3v-magnum-tanto-xii-13pmbxii\/","title":{"rendered":"Pevn\u00fd N\u016f\u017e COLD STEEL 3V Magnum Tanto XII 13PMBXII"},"content":{"rendered":"<p>Pevn\u00fd N\u016f\u017e <strong>COLD STEEL<\/strong> 3V Magnum Tanto XII 13PMBXII<\/p>\n<p>Na\u0161e japonsk\u00e9 \u010depele San Mai III\u00ae jsou z\u00e1kladn\u00edm materi\u00e1lem studen\u00e9 oceli po cel\u00e1 desetilet\u00ed. Vyhled\u00e1van\u00e9 v\u00e1le\u010dn\u00fdmi um\u011blci a sb\u011brateli no\u017e\u016f, jsou st\u00e1le velmi \u017e\u00e1dan\u00e9, ale tyto luxusn\u00ed pevn\u00e9 \u010depele se vyr\u00e1b\u00ed pouze ve velmi omezen\u00e9m po\u010dtu. S ohledem na to jsme vytvo\u0159ili s\u00e9rii Nightfall \u2013 vyrobenou se stejnou \u00farovn\u00ed kvality a d\u016frazem na detail jako na\u0161e japonsk\u00e9 klasiky, ale San Mai\u00ae jsme vym\u011bnili za pr\u00e9miovou americkou pr\u00e1\u0161kovou super ocel CPM 3V. CPM 3V Magnum Tanto XII je vybrou\u0161en do k\u0159iklav\u011b ostr\u00e9 hrany.<\/p>\n<p>&nbsp;<\/p>\n<p>Popis:<\/p>\n<p>Materi\u00e1l \u010depele: CPM 3-V<br \/>\nMateri\u00e1l rukojeti: Kray-Ex<br \/>\nMateri\u00e1l pouzdra: Secure-Ex<br \/>\nD\u00e9lka \u010depele: 30.5 cm<br \/>\nCelkov\u00e1 d\u00e9lka: 44.8 cm<br \/>\nD\u00e9lka rukojeti: 14.3 cm<br \/>\nTlou\u0161\u0165ka \u010depele: 4.8 mm<br \/>\nHmotnost: 403 g<br \/>\nTyp \u010depele: Tanto<\/p>\n","protected":false},"excerpt":{"rendered":"<p><strong>COLD STEEL 3V Master Tanto XII je jedine\u010dn\u00fd n\u016f\u017e s pevnou \u010depel\u00ed. Jeho \u010depel o d\u00e9lce bezm\u00e1la 305 mm, hrot a tak\u00e9 tvar rukojeti, jsou p\u0159\u00edmo vyvinuty pro koncentraci drtiv\u00e9 s\u00edly v seku.<\/strong><\/p>\n","protected":false},"featured_media":245166,"comment_status":"open","ping_status":"closed","template":"","meta":[],"pwb-brand":[211],"product_brand":[],"product_cat":[23,17],"product_tag":[3667],"class_list":{"0":"post-245164","1":"product","2":"type-product","3":"status-publish","4":"has-post-thumbnail","6":"pwb-brand-cold-steel","7":"product_cat-pevne-noze","8":"product_cat-noze","9":"product_tag-b2b","11":"first","12":"instock","13":"taxable","14":"shipping-taxable","15":"purchasable","16":"product-type-simple"},"brands":[{"id":211,"name":"Cold Steel","slug":"cold-steel"}],"_links":{"self":[{"href":"https:\/\/www.moskito.cz\/es\/wp-json\/wp\/v2\/product\/245164","targetHints":{"allow":["GET"]}}],"collection":[{"href":"https:\/\/www.moskito.cz\/es\/wp-json\/wp\/v2\/product"}],"about":[{"href":"https:\/\/www.moskito.cz\/es\/wp-json\/wp\/v2\/types\/product"}],"replies":[{"embeddable":true,"href":"https:\/\/www.moskito.cz\/es\/wp-json\/wp\/v2\/comments?post=245164"}],"wp:featuredmedia":[{"embeddable":true,"href":"https:\/\/www.moskito.cz\/es\/wp-json\/wp\/v2\/media\/245166"}],"wp:attachment":[{"href":"https:\/\/www.moskito.cz\/es\/wp-json\/wp\/v2\/media?parent=245164"}],"wp:term":[{"taxonomy":"pwb-brand","embeddable":true,"href":"https:\/\/www.moskito.cz\/es\/wp-json\/wp\/v2\/pwb-brand?post=245164"},{"taxonomy":"product_brand","embeddable":true,"href":"https:\/\/www.moskito.cz\/es\/wp-json\/wp\/v2\/product_brand?post=245164"},{"taxonomy":"product_cat","embeddable":true,"href":"https:\/\/www.moskito.cz\/es\/wp-json\/wp\/v2\/product_cat?post=245164"},{"taxonomy":"product_tag","embeddable":true,"href":"https:\/\/www.moskito.cz\/es\/wp-json\/wp\/v2\/product_tag?post=245164"}],"curies":[{"name":"wp","href":"https:\/\/api.w.org\/{rel}","templated":true}]}}