{"id":245169,"date":"2023-03-31T10:12:20","date_gmt":"2023-03-31T09:12:20","guid":{"rendered":"https:\/\/www.moskito.cz\/?post_type=product&#038;p=245169"},"modified":"2025-05-07T10:49:00","modified_gmt":"2025-05-07T09:49:00","slug":"pevny-nuz-cold-steel-laredo-bowie-cpm-3v","status":"publish","type":"product","link":"https:\/\/www.moskito.cz\/es\/produkt\/pevny-nuz-cold-steel-laredo-bowie-cpm-3v\/","title":{"rendered":"Pevn\u00fd N\u016f\u017e COLD STEEL LAREDO BOWIE (CPM 3V)"},"content":{"rendered":"<p>Pevn\u00fd N\u016f\u017e <strong>COLD STEEL<\/strong> LAREDO BOWIE (CPM 3V)<\/p>\n<p><strong>Awesome<\/strong> je jedin\u00e9 p\u0159\u00eddavn\u00e9 jm\u00e9no, kter\u00e9 v\u016fbec za\u010d\u00edn\u00e1 popisovat Cold Steel Laredo Bowie. Ve skute\u010dnosti to mus\u00ed b\u00fdt vid\u011bt, aby to bylo ocen\u011bno, proto\u017ee pouh\u00e1 slova to prost\u011b nesprav\u00ed. Vyzna\u010duje se dlouhou a t\u011b\u017ekou \u010depel\u00ed vyrobenou z konstrukce \u010depele z n\u00e1strojov\u00e9 oceli CPM-3V, kter\u00e1 je ploch\u00e1 a poskytuje neuv\u011b\u0159iteln\u00fd \u0159ezn\u00fd v\u00fdkon a dokonal\u00e9 vyv\u00e1\u017een\u00ed. A jako bonus nav\u00edc dost\u00e1v\u00e1 naprosto zu\u0159iv\u00e9 ost\u0159\u00ed, kter\u00e9 kon\u010d\u00ed hrotem ostr\u00fdm jako d\u00fdka.<\/p>\n<p>K dal\u0161\u00edmu zv\u00fd\u0161en\u00ed jeho v\u0161estrannosti a \u00fa\u010dinnosti jako zbran\u011b m\u00e1 \u010dty\u0159i a p\u016fl palce dlouh\u00fd naost\u0159en\u00fd klips, kter\u00fd pom\u00e1h\u00e1 usnadnit smrt\u00edc\u00ed zadn\u00ed \u0159ez, stejn\u011b jako \u0161irokou \u0161k\u00e1lu konven\u010dn\u011bj\u0161\u00edch sek\u016f a bodn\u00fdch \u00fatok\u016f.<\/p>\n<p>\u010cern\u00e1 rukoje\u0165 G10 je stejn\u011b pevn\u00e1 jako kr\u00e1sn\u00e1. Je speci\u00e1ln\u011b tvarovan\u00e1, aby padla do ruky jako rukavice a poskytovala pozitivn\u00ed \u00fachop p\u0159i \u0159ez\u00e1n\u00ed, sek\u00e1n\u00ed nebo tla\u010den\u00ed.<\/p>\n<p>Ka\u017ed\u00fd Laredo Bowie je dod\u00e1v\u00e1n s pouzdrem Secure-Ex, kter\u00e9 chr\u00e1n\u00ed \u010depel a umo\u017e\u0148uje v\u00e1m ji nosit bezpe\u010dn\u011b a bezpe\u010dn\u011b na va\u0161\u00ed stran\u011b, v\u017edy p\u0159ipraveni br\u00e1nit v\u00e1s a va\u0161e bl\u00edzk\u00e9.<\/p>\n<p>Popis:<\/p>\n<p>Materi\u00e1l \u010depele: CPM 3-V<br \/>\nMateri\u00e1l rukojeti: Micarta, Nerezov\u00e1 ocel<br \/>\nMateri\u00e1l pouzdra: Secure-Ex<br \/>\nD\u00e9lka \u010depele: 26.7 cm<br \/>\nCelkov\u00e1 d\u00e9lka: 40 cm<br \/>\nD\u00e9lka rukojeti: 13.3 cm<br \/>\nTlou\u0161\u0165ka \u010depele: 8 mm<br \/>\nHmotnost: 462 g<br \/>\nTyp \u010depele: Bowie<\/p>\n<p><iframe title=\"Cold Steel&#039;s Deadliest Weapon, The Laredo Bowie Knife\" width=\"800\" height=\"450\" src=\"https:\/\/www.youtube.com\/embed\/wxH2vILL4pE?feature=oembed\" frameborder=\"0\" allow=\"accelerometer; autoplay; clipboard-write; encrypted-media; gyroscope; picture-in-picture; web-share\" allowfullscreen><\/iframe><\/p>\n<p>&nbsp;<\/p>\n","protected":false},"excerpt":{"rendered":"<p><strong>Awesome je jedin\u00e9 p\u0159\u00eddavn\u00e9 jm\u00e9no, kter\u00e9 v\u016fbec za\u010d\u00edn\u00e1 popisovat Cold Steel Laredo Bowie.<\/strong><\/p>\n","protected":false},"featured_media":245170,"comment_status":"open","ping_status":"closed","template":"","meta":[],"pwb-brand":[211],"product_brand":[],"product_cat":[23,17],"product_tag":[3667],"class_list":{"0":"post-245169","1":"product","2":"type-product","3":"status-publish","4":"has-post-thumbnail","6":"pwb-brand-cold-steel","7":"product_cat-pevne-noze","8":"product_cat-noze","9":"product_tag-b2b","11":"first","12":"instock","13":"taxable","14":"shipping-taxable","15":"purchasable","16":"product-type-simple"},"brands":[{"id":211,"name":"Cold Steel","slug":"cold-steel"}],"_links":{"self":[{"href":"https:\/\/www.moskito.cz\/es\/wp-json\/wp\/v2\/product\/245169","targetHints":{"allow":["GET"]}}],"collection":[{"href":"https:\/\/www.moskito.cz\/es\/wp-json\/wp\/v2\/product"}],"about":[{"href":"https:\/\/www.moskito.cz\/es\/wp-json\/wp\/v2\/types\/product"}],"replies":[{"embeddable":true,"href":"https:\/\/www.moskito.cz\/es\/wp-json\/wp\/v2\/comments?post=245169"}],"wp:featuredmedia":[{"embeddable":true,"href":"https:\/\/www.moskito.cz\/es\/wp-json\/wp\/v2\/media\/245170"}],"wp:attachment":[{"href":"https:\/\/www.moskito.cz\/es\/wp-json\/wp\/v2\/media?parent=245169"}],"wp:term":[{"taxonomy":"pwb-brand","embeddable":true,"href":"https:\/\/www.moskito.cz\/es\/wp-json\/wp\/v2\/pwb-brand?post=245169"},{"taxonomy":"product_brand","embeddable":true,"href":"https:\/\/www.moskito.cz\/es\/wp-json\/wp\/v2\/product_brand?post=245169"},{"taxonomy":"product_cat","embeddable":true,"href":"https:\/\/www.moskito.cz\/es\/wp-json\/wp\/v2\/product_cat?post=245169"},{"taxonomy":"product_tag","embeddable":true,"href":"https:\/\/www.moskito.cz\/es\/wp-json\/wp\/v2\/product_tag?post=245169"}],"curies":[{"name":"wp","href":"https:\/\/api.w.org\/{rel}","templated":true}]}}