{"id":245180,"date":"2023-03-31T14:48:12","date_gmt":"2023-03-31T13:48:12","guid":{"rendered":"https:\/\/www.moskito.cz\/?post_type=product&#038;p=245180"},"modified":"2025-05-07T10:49:01","modified_gmt":"2025-05-07T09:49:01","slug":"pevny-nuz-cold-steel-trail-master-cpm-3v","status":"publish","type":"product","link":"https:\/\/www.moskito.cz\/es\/produkt\/pevny-nuz-cold-steel-trail-master-cpm-3v\/","title":{"rendered":"Pevn\u00fd N\u016f\u017e COLD STEEL TRAIL MASTER (CPM 3V)"},"content":{"rendered":"<p>Pevn\u00fd N\u016f\u017e <strong>COLD STEEL<\/strong> TRAIL MASTER (CPM 3V)<\/p>\n<p>\u00abNedok\u00e1\u017eu si p\u0159edstavit lep\u0161\u00ed n\u016f\u017e na dobrodru\u017estv\u00ed pod \u0161ir\u00fdm nebem, ne\u017e je Trail Master. Nyn\u00ed je k dispozici ve 3V oceli a je nezni\u010diteln\u011bj\u0161\u00ed ne\u017e kdy p\u0159edt\u00edm. D\u00edky dlouh\u00e9 \u010depeli s klipsem s netypicky silnou robustn\u00ed \u0161pi\u010dkou. A co v\u00edc, budete ohromeni \u0159ezn\u00fdm v\u00fdkonem a zachov\u00e1n\u00edm hran, kter\u00e9 z\u00edsk\u00e1te s 3V ocel\u00ed. Kupte si to, dokud m\u016f\u017eete, 3V \u010depele jsou obt\u00ed\u017en\u00e9 a \u010dasov\u011b n\u00e1ro\u010dn\u00e9, nemluv\u011b o drah\u00e9 v\u00fdrob\u011b!\u00bb &#8211; Lynn Thompsonov\u00e1<\/p>\n<p>Trail Master je velk\u00fd loveck\u00fd n\u016f\u017e s Clip Point \u010depel\u00ed a hladk\u00fdm ost\u0159\u00edm. Cold Steel vyr\u00e1b\u00ed n\u016f\u017e Trail Master ji\u017e mnoho let a za tu dobu si n\u016f\u017e na\u0161el p\u0159\u00edznivce p\u0159ev\u00e1\u017en\u011b mezi lovci a specialisty na p\u0159e\u017eit\u00ed. Ti na no\u017ei oce\u0148uj\u00ed jeho hou\u017eevnatost a pevnost, d\u00edky \u010depeli o s\u00edle materi\u00e1lu 8mm a Full tang konstrukci.<\/p>\n<p>Materi\u00e1l \u010depele: CPM 3-V<br \/>\nMateri\u00e1l rukojeti: Kray-Ex<br \/>\nMateri\u00e1l pouzdra: Nylon, Secure-Ex<br \/>\nD\u00e9lka \u010depele: 24.1 cm<br \/>\nCelkov\u00e1 d\u00e9lka: 36.8 cm<br \/>\nD\u00e9lka rukojeti: 12.7 cm<br \/>\nTlou\u0161\u0165ka \u010depele: 8 mm<br \/>\nHmotnost: 497 g<br \/>\nTyp \u010depele: Clip Point<\/p>\n<p>&nbsp;<\/p>\n","protected":false},"excerpt":{"rendered":"<p><strong>Trail Master od firmy COLD STEEL pat\u0159\u00ed mezi nejv\u011bt\u0161\u00ed loveck\u00e9 no\u017ee. Je velice popul\u00e1rn\u00ed mezi lovci a odborn\u00edky na p\u0159e\u017eit\u00ed.<\/strong><\/p>\n","protected":false},"featured_media":245190,"comment_status":"open","ping_status":"closed","template":"","meta":[],"pwb-brand":[211],"product_brand":[],"product_cat":[23,17],"product_tag":[3667],"class_list":{"0":"post-245180","1":"product","2":"type-product","3":"status-publish","4":"has-post-thumbnail","6":"pwb-brand-cold-steel","7":"product_cat-pevne-noze","8":"product_cat-noze","9":"product_tag-b2b","11":"first","12":"instock","13":"taxable","14":"shipping-taxable","15":"purchasable","16":"product-type-simple"},"brands":[{"id":211,"name":"Cold Steel","slug":"cold-steel"}],"_links":{"self":[{"href":"https:\/\/www.moskito.cz\/es\/wp-json\/wp\/v2\/product\/245180","targetHints":{"allow":["GET"]}}],"collection":[{"href":"https:\/\/www.moskito.cz\/es\/wp-json\/wp\/v2\/product"}],"about":[{"href":"https:\/\/www.moskito.cz\/es\/wp-json\/wp\/v2\/types\/product"}],"replies":[{"embeddable":true,"href":"https:\/\/www.moskito.cz\/es\/wp-json\/wp\/v2\/comments?post=245180"}],"wp:featuredmedia":[{"embeddable":true,"href":"https:\/\/www.moskito.cz\/es\/wp-json\/wp\/v2\/media\/245190"}],"wp:attachment":[{"href":"https:\/\/www.moskito.cz\/es\/wp-json\/wp\/v2\/media?parent=245180"}],"wp:term":[{"taxonomy":"pwb-brand","embeddable":true,"href":"https:\/\/www.moskito.cz\/es\/wp-json\/wp\/v2\/pwb-brand?post=245180"},{"taxonomy":"product_brand","embeddable":true,"href":"https:\/\/www.moskito.cz\/es\/wp-json\/wp\/v2\/product_brand?post=245180"},{"taxonomy":"product_cat","embeddable":true,"href":"https:\/\/www.moskito.cz\/es\/wp-json\/wp\/v2\/product_cat?post=245180"},{"taxonomy":"product_tag","embeddable":true,"href":"https:\/\/www.moskito.cz\/es\/wp-json\/wp\/v2\/product_tag?post=245180"}],"curies":[{"name":"wp","href":"https:\/\/api.w.org\/{rel}","templated":true}]}}