{"id":245194,"date":"2023-03-31T15:16:22","date_gmt":"2023-03-31T14:16:22","guid":{"rendered":"https:\/\/www.moskito.cz\/?post_type=product&#038;p=245194"},"modified":"2026-02-14T10:00:40","modified_gmt":"2026-02-14T09:00:40","slug":"pevny-nuz-cold-steel-natchez-bowie-4034ss","status":"publish","type":"product","link":"https:\/\/www.moskito.cz\/es\/produkt\/pevny-nuz-cold-steel-natchez-bowie-4034ss\/","title":{"rendered":"Pevn\u00fd N\u016f\u017e COLD STEEL NATCHEZ BOWIE (4034SS)"},"content":{"rendered":"<p>Pevn\u00fd N\u016f\u017e <strong>COLD STEEL<\/strong> NATCHEZ BOWIE (4034SS)<\/p>\n<p>Under-The Hill\u00bb byla notoricky zn\u00e1m\u00e1 hlu\u010dn\u00e1 n\u00e1b\u0159e\u017en\u00ed \u010dtvr\u0165 Natchez ve st\u00e1t\u011b Mississippi na za\u010d\u00e1tku devaten\u00e1ct\u00e9ho stolet\u00ed. Tak pochybn\u00e1, \u017ee byla jen z\u0159\u00eddka zmi\u0148ov\u00e1na ve zdvo\u0159il\u00fdch salonech antebellum s\u00eddel, kter\u00e9 byly posety druhou stranou m\u011bsta v dob\u011b, kdy bavlna byla kr\u00e1lem.<\/p>\n<p>Natchez Bowie z Cold Steel se narodil \u201eUnder-The-Hill\u201c a sv\u016fj rodokmen si bere z t\u011bch \u0161pinav\u00fdch taveren a spo\u0159e osv\u011btlen\u00fdch ulic. Linie vy\u0161lecht\u011bn\u00e1 pro bitvu, je to definitivn\u00ed bojov\u00fd Bowie. Jeho dlouh\u00e1 \u010depel je dokonale tvarovan\u00e1 pro s\u00edlu, dosah a p\u00e1kov\u00fd efekt a jej\u00ed v\u00fdrazn\u00e1 hmotnost je bezchybn\u011b vyv\u00e1\u017een\u00e1, co\u017e j\u00ed dod\u00e1v\u00e1 nesrovnatelnou \u017eivost a rychlost. Zkombinujte to v\u0161e s jeho odporn\u011b ostr\u00fdm ost\u0159\u00edm a m\u00e1te n\u016f\u017e, kter\u00fd probod\u00e1v\u00e1 jako d\u00fdka, \u0159e\u017ee jako b\u0159itva a sek\u00e1 jako sek\u00e1\u010dek!<\/p>\n<p>To nejlep\u0161\u00ed v materi\u00e1lech a zpracov\u00e1n\u00ed je to, co umo\u017e\u0148uje takov\u00fd v\u00fdkon. \u010cepel je vyrobena z oceli 4034SS. Velkou roli v celkov\u00e9m v\u00fdkonu hraje tak\u00e9 rukoje\u0165. M\u00e1 dvojit\u00fd quillionov\u00fd chr\u00e1ni\u010d, podhlavn\u00edk a hlavici z vysoce le\u0161t\u011bn\u00e9 nerezov\u00e9 oceli \u0159ady 300 a n\u00e1dhernou \u010dernou ln\u011bnou rukoje\u0165 Micarta. Snadno se p\u0159izp\u016fsob\u00ed \u0161irok\u00e9 \u0161k\u00e1le zp\u016fsob\u016f uchopen\u00ed a z\u00e1rove\u0148 poslou\u017e\u00ed jako velmi impozantn\u00ed n\u00e1razov\u00e1 zbra\u0148.<\/p>\n<p>Ka\u017ed\u00fd Natchez Bowie je dod\u00e1v\u00e1n s pouzdrem Secure-Ex, kter\u00e9 chr\u00e1n\u00ed \u010depel a umo\u017e\u0148uje v\u00e1m ji nosit bezpe\u010dn\u011b a bezpe\u010dn\u011b na boku, v\u017edy p\u0159ipraveni br\u00e1nit v\u00e1s a va\u0161e bl\u00edzk\u00e9.<\/p>\n<p>Popis:<\/p>\n<p>Materi\u00e1l \u010depele: 4034<br \/>\nMateri\u00e1l rukojeti: Micarta, Mosadz<br \/>\nMateri\u00e1l pouzdra: Secure-Ex<br \/>\nD\u00e9lka \u010depele: 29.2 cm<br \/>\nCelkov\u00e1 d\u00e9lka: 42.5 cm<br \/>\nD\u00e9lka rukojeti: 13.3 cm<br \/>\nTlou\u0161\u0165ka \u010depele: 8 mm<br \/>\nHmotnost: 624 g<br \/>\nTyp \u010depele: Bowie<\/p>\n<p><iframe title=\"COLD STEEL&#039;S DEADLIEST WEAPON THE NATCHEZ BOWIE\" width=\"800\" height=\"450\" src=\"https:\/\/www.youtube.com\/embed\/q3OE1W9UGrs?feature=oembed\" frameborder=\"0\" allow=\"accelerometer; autoplay; clipboard-write; encrypted-media; gyroscope; picture-in-picture; web-share\" allowfullscreen><\/iframe><\/p>\n<p>&nbsp;<\/p>\n","protected":false},"excerpt":{"rendered":"<p><strong>Natchez Bowie pat\u0159\u00ed mezi nejv\u011bt\u0161\u00ed loveck\u00e9 bowie no\u017ee. Je velice popul\u00e1rn\u00ed mezi lovci a odborn\u00edky na p\u0159e\u017eit\u00ed.<\/strong><\/p>\n","protected":false},"featured_media":245195,"comment_status":"open","ping_status":"closed","template":"","meta":[],"pwb-brand":[211],"product_brand":[],"product_cat":[23,17],"product_tag":[3667],"class_list":{"0":"post-245194","1":"product","2":"type-product","3":"status-publish","4":"has-post-thumbnail","6":"pwb-brand-cold-steel","7":"product_cat-pevne-noze","8":"product_cat-noze","9":"product_tag-b2b","11":"first","12":"instock","13":"taxable","14":"shipping-taxable","15":"purchasable","16":"product-type-simple"},"brands":[{"id":211,"name":"Cold Steel","slug":"cold-steel"}],"_links":{"self":[{"href":"https:\/\/www.moskito.cz\/es\/wp-json\/wp\/v2\/product\/245194","targetHints":{"allow":["GET"]}}],"collection":[{"href":"https:\/\/www.moskito.cz\/es\/wp-json\/wp\/v2\/product"}],"about":[{"href":"https:\/\/www.moskito.cz\/es\/wp-json\/wp\/v2\/types\/product"}],"replies":[{"embeddable":true,"href":"https:\/\/www.moskito.cz\/es\/wp-json\/wp\/v2\/comments?post=245194"}],"wp:featuredmedia":[{"embeddable":true,"href":"https:\/\/www.moskito.cz\/es\/wp-json\/wp\/v2\/media\/245195"}],"wp:attachment":[{"href":"https:\/\/www.moskito.cz\/es\/wp-json\/wp\/v2\/media?parent=245194"}],"wp:term":[{"taxonomy":"pwb-brand","embeddable":true,"href":"https:\/\/www.moskito.cz\/es\/wp-json\/wp\/v2\/pwb-brand?post=245194"},{"taxonomy":"product_brand","embeddable":true,"href":"https:\/\/www.moskito.cz\/es\/wp-json\/wp\/v2\/product_brand?post=245194"},{"taxonomy":"product_cat","embeddable":true,"href":"https:\/\/www.moskito.cz\/es\/wp-json\/wp\/v2\/product_cat?post=245194"},{"taxonomy":"product_tag","embeddable":true,"href":"https:\/\/www.moskito.cz\/es\/wp-json\/wp\/v2\/product_tag?post=245194"}],"curies":[{"name":"wp","href":"https:\/\/api.w.org\/{rel}","templated":true}]}}