{"id":245247,"date":"2023-04-01T12:18:39","date_gmt":"2023-04-01T11:18:39","guid":{"rendered":"https:\/\/www.moskito.cz\/?post_type=product&#038;p=245247"},"modified":"2025-05-23T11:03:35","modified_gmt":"2025-05-23T10:03:35","slug":"pevny-nuz-cold-steel-3v-master-hunter","status":"publish","type":"product","link":"https:\/\/www.moskito.cz\/es\/produkt\/pevny-nuz-cold-steel-3v-master-hunter\/","title":{"rendered":"Pevn\u00fd N\u016f\u017e Cold Steel 3V MASTER HUNTER"},"content":{"rendered":"<p>Pevn\u00fd N\u016f\u017e <strong>Cold Steel<\/strong> 3V MASTER HUNTER<\/p>\n<p>Zachov\u00e1v\u00e1 si sv\u00e9 klasick\u00e9 linie a funk\u010dn\u00ed design, ale s integrac\u00ed n\u011bkter\u00fdch z nejlep\u0161\u00edch materi\u00e1l\u016f v dne\u0161n\u00edm pr\u016fmyslu. S extra \u0161irokou americkou \u010depel\u00ed CPM3-V z vysoce uhl\u00edkov\u00e9 oceli a ru\u010dn\u011b brou\u0161enou do b\u0159itvy, kterou je t\u0159eba c\u00edtit, abyste uv\u011b\u0159ili. Zak\u0159iven\u00e1 \u0159ezn\u00e1 hrana Master Hunters bez n\u00e1mahy pro\u0159\u00edzne i tu nejodoln\u011bj\u0161\u00ed k\u016f\u017ei, zat\u00edmco jej\u00ed robustn\u00ed, ale ostr\u00fd bod sp\u00e1du \u010din\u00ed obl\u00e9k\u00e1n\u00ed a stahov\u00e1n\u00ed k\u016f\u017ee hra\u010dkou. H\u0159bet \u010depele m\u00e1 tlou\u0161\u0165ku cel\u00fdch 3\/16&#8243;, co\u017e umo\u017e\u0148uje pot\u0159ebnou pevnost a tuhost p\u0159i obl\u00e9k\u00e1n\u00ed a k\u016f\u017ei i t\u011bch nejv\u011bt\u0161\u00edch zv\u00ed\u0159at. Rukoje\u0165 je speci\u00e1ln\u011b navr\u017eena tak, aby podporovala dlouh\u00e9 pou\u017e\u00edv\u00e1n\u00ed bez \u00fanavy. Vyrobeno z tlumi\u010de Kray- Ex\u2122 a s na\u0161\u00edm hluboce kostkovan\u00fdm povrchem, neklou\u017ee bez ohledu na to, jak studen\u00e9, mokr\u00e9 nebo krvav\u00e9 va\u0161e ruce budou, a poskytne v\u00e1m pozitivn\u00ed a bezpe\u010dn\u00fd n\u00e1kup na \u010depeli, i kdy\u017e m\u00e1te na sob\u011b siln\u00e9 rukavice. Nav\u00edc, Kray- Ex\u2122 m\u00e1 pro lovce zvl\u00e1\u0161t\u011b trval\u00e9 v\u00fdhody v tom, \u017ee nikdy nebude hn\u00edt, smr\u0161\u0165ovat se, praskat, t\u0159\u00ed\u0161tit nebo pl\u00edsnit a je zcela odoln\u00fd i v\u016f\u010di nejdrsn\u011bj\u0161\u00edmu po\u010das\u00ed. Pro bezpe\u010dnost je Master Hunter dod\u00e1v\u00e1n v adaptabiln\u00edm a v\u0161estrann\u00e9m Secure- Pochva Ex\u2122, kter\u00e1 pojme t\u00e9m\u011b\u0159 jak\u00fdkoli opasek, batoh nebo n\u00e1vazec. Ide\u00e1ln\u00ed spole\u010dn\u00edk pro oddan\u00e9ho lovce, kter\u00fd si zaslou\u017e\u00ed to nejlep\u0161\u00ed &#8211; The Master Hunter od Cold Steel.<\/p>\n<p>Popis:<br \/>\nMateri\u00e1l \u010depele: CPM 3-V<br \/>\nMateri\u00e1l rukojeti: Kray-Ex<br \/>\nMateri\u00e1l pouzdra: Secure-Ex<br \/>\nD\u00e9lka \u010depele: 11.4 cm<br \/>\nCelkov\u00e1 d\u00e9lka: 23.5 cm<br \/>\nD\u00e9lka rukojeti: 12.1 cm<br \/>\nHmotnost: 181 g<br \/>\nTyp \u010depele: Drop Point<\/p>\n","protected":false},"excerpt":{"rendered":"<p><strong>Pevn\u00fd n\u016f\u017e 3V Master Hunter od firmy COLD STEEL je legendou mezi loveck\u00fdmi no\u017ei. <\/strong><\/p>\n","protected":false},"featured_media":245248,"comment_status":"open","ping_status":"closed","template":"","meta":[],"pwb-brand":[211],"product_brand":[],"product_cat":[23,17],"product_tag":[3667],"class_list":{"0":"post-245247","1":"product","2":"type-product","3":"status-publish","4":"has-post-thumbnail","6":"pwb-brand-cold-steel","7":"product_cat-pevne-noze","8":"product_cat-noze","9":"product_tag-b2b","11":"first","12":"instock","13":"taxable","14":"shipping-taxable","15":"purchasable","16":"product-type-simple"},"brands":[{"id":211,"name":"Cold Steel","slug":"cold-steel"}],"_links":{"self":[{"href":"https:\/\/www.moskito.cz\/es\/wp-json\/wp\/v2\/product\/245247","targetHints":{"allow":["GET"]}}],"collection":[{"href":"https:\/\/www.moskito.cz\/es\/wp-json\/wp\/v2\/product"}],"about":[{"href":"https:\/\/www.moskito.cz\/es\/wp-json\/wp\/v2\/types\/product"}],"replies":[{"embeddable":true,"href":"https:\/\/www.moskito.cz\/es\/wp-json\/wp\/v2\/comments?post=245247"}],"wp:featuredmedia":[{"embeddable":true,"href":"https:\/\/www.moskito.cz\/es\/wp-json\/wp\/v2\/media\/245248"}],"wp:attachment":[{"href":"https:\/\/www.moskito.cz\/es\/wp-json\/wp\/v2\/media?parent=245247"}],"wp:term":[{"taxonomy":"pwb-brand","embeddable":true,"href":"https:\/\/www.moskito.cz\/es\/wp-json\/wp\/v2\/pwb-brand?post=245247"},{"taxonomy":"product_brand","embeddable":true,"href":"https:\/\/www.moskito.cz\/es\/wp-json\/wp\/v2\/product_brand?post=245247"},{"taxonomy":"product_cat","embeddable":true,"href":"https:\/\/www.moskito.cz\/es\/wp-json\/wp\/v2\/product_cat?post=245247"},{"taxonomy":"product_tag","embeddable":true,"href":"https:\/\/www.moskito.cz\/es\/wp-json\/wp\/v2\/product_tag?post=245247"}],"curies":[{"name":"wp","href":"https:\/\/api.w.org\/{rel}","templated":true}]}}