{"id":245546,"date":"2023-04-05T15:33:34","date_gmt":"2023-04-05T14:33:34","guid":{"rendered":"https:\/\/www.moskito.cz\/?post_type=product&#038;p=245546"},"modified":"2025-05-07T10:49:17","modified_gmt":"2025-05-07T09:49:17","slug":"sekera-cold-steel-spike-hawk","status":"publish","type":"product","link":"https:\/\/www.moskito.cz\/es\/produkt\/sekera-cold-steel-spike-hawk\/","title":{"rendered":"Sekera Cold Steel SPIKE HAWK"},"content":{"rendered":"<p>Sekera <strong>Cold Steel SPIKE HAWK<\/strong><\/p>\n<p>N\u00e1\u0161 Spike Hawk m\u00e1 rozd\u00edln\u011b tepeln\u011b zpracovanou a z\u00e1pustkov\u011b kovanou \u010depel a hou\u017eevnat\u00fd ocelov\u00fd hrot.<\/p>\n<p>Tento neobvykl\u00fd jest\u0159\u00e1b je velmi obl\u00edben\u00fd u sportovn\u00edch vrha\u010d\u016f, kte\u0159\u00ed obdivuj\u00ed jeho schopnost zabodnout se hluboko do d\u0159ev\u011bn\u00fdch ter\u010d\u016f \u010depel\u00ed nebo bodcem &#8211; efektivn\u011b zdvojn\u00e1sobuje \u0161ance na \u00fasp\u011b\u0161n\u00fd hod!<\/p>\n<p>Popis:<\/p>\n<p>Materi\u00e1l rukojeti: D\u0159evo<br \/>\nMateri\u00e1l \u010depele: 1055<br \/>\nTyp sekery: vrhac\u00ed sekera<br \/>\nHmotnost: 694 g<br \/>\nCelkov\u00e1 d\u00e9lka: 55.9 cm<br \/>\nD\u00e9lka hlavy sekery: 22.8 cm<\/p>\n","protected":false},"excerpt":{"rendered":"<p><strong>Tomahawk Spike Hawk je v\u00fdborn\u00fd pomocn\u00edk jak v pr\u00e1ci p\u0159i t\u00e1bo\u0159en\u00ed, tak se z n\u011bj m\u016f\u017ee st\u00e1t d\u011bsiv\u00e1 zbra\u0148.<\/strong><\/p>\n","protected":false},"featured_media":245548,"comment_status":"open","ping_status":"closed","template":"","meta":[],"pwb-brand":[211],"product_brand":[],"product_cat":[32],"product_tag":[3667],"class_list":{"0":"post-245546","1":"product","2":"type-product","3":"status-publish","4":"has-post-thumbnail","6":"pwb-brand-cold-steel","7":"product_cat-sekery","8":"product_tag-b2b","10":"first","11":"outofstock","12":"taxable","13":"shipping-taxable","14":"purchasable","15":"product-type-simple"},"brands":[{"id":211,"name":"Cold Steel","slug":"cold-steel"}],"_links":{"self":[{"href":"https:\/\/www.moskito.cz\/es\/wp-json\/wp\/v2\/product\/245546","targetHints":{"allow":["GET"]}}],"collection":[{"href":"https:\/\/www.moskito.cz\/es\/wp-json\/wp\/v2\/product"}],"about":[{"href":"https:\/\/www.moskito.cz\/es\/wp-json\/wp\/v2\/types\/product"}],"replies":[{"embeddable":true,"href":"https:\/\/www.moskito.cz\/es\/wp-json\/wp\/v2\/comments?post=245546"}],"wp:featuredmedia":[{"embeddable":true,"href":"https:\/\/www.moskito.cz\/es\/wp-json\/wp\/v2\/media\/245548"}],"wp:attachment":[{"href":"https:\/\/www.moskito.cz\/es\/wp-json\/wp\/v2\/media?parent=245546"}],"wp:term":[{"taxonomy":"pwb-brand","embeddable":true,"href":"https:\/\/www.moskito.cz\/es\/wp-json\/wp\/v2\/pwb-brand?post=245546"},{"taxonomy":"product_brand","embeddable":true,"href":"https:\/\/www.moskito.cz\/es\/wp-json\/wp\/v2\/product_brand?post=245546"},{"taxonomy":"product_cat","embeddable":true,"href":"https:\/\/www.moskito.cz\/es\/wp-json\/wp\/v2\/product_cat?post=245546"},{"taxonomy":"product_tag","embeddable":true,"href":"https:\/\/www.moskito.cz\/es\/wp-json\/wp\/v2\/product_tag?post=245546"}],"curies":[{"name":"wp","href":"https:\/\/api.w.org\/{rel}","templated":true}]}}