{"id":246895,"date":"2023-04-22T13:28:20","date_gmt":"2023-04-22T12:28:20","guid":{"rendered":"https:\/\/www.moskito.cz\/?post_type=product&#038;p=246895"},"modified":"2025-05-07T10:49:57","modified_gmt":"2025-05-07T09:49:57","slug":"multitool-leatherman-leatherman-skeletool","status":"publish","type":"product","link":"https:\/\/www.moskito.cz\/es\/produkt\/multitool-leatherman-leatherman-skeletool\/","title":{"rendered":"Multitool Leatherman Skeletool"},"content":{"rendered":"<p>Multitool <strong>Leatherman<\/strong> Skeletool.<\/p>\n<p><strong>Leatherman SKELETOOL<\/strong> zaujme na prvn\u00ed pohled. Nev\u0161edn\u00ed design je propojen s \u00fa\u010delnost\u00ed a d\u00edky odleh\u010dovac\u00edm otvor\u016fm v\u00e1\u017e\u00ed tento sedmin\u00e1strojov\u00fd multiool pouh\u00fdch 142 gram\u016f, co\u017e mu nijak neub\u00edr\u00e1 na funk\u010dnosti a extr\u00e9mn\u00ed odolnosti. To ocen\u00ed zejm\u00e9na horolezci, ale i cestovatel\u00e9, kte\u0159\u00ed po\u010d\u00edtaj\u00ed ka\u017ed\u00fd gram hmotnosti nav\u00edc a pot\u0159ebuj\u00ed se spolehnout na rychl\u00e9 a kvalitn\u00ed n\u00e1\u0159ad\u00ed. T\u011blo z nerezov\u00e9 oceli je vypln\u011bno hlin\u00edkovou vlo\u017ekou, n\u016f\u017e s kombinovanou \u010depel\u00ed lze snadno otev\u0159\u00edt jednou rukou. Tradi\u010dn\u00ed multifunk\u010dn\u00ed kle\u0161t\u011b jsou d\u00e1le dopln\u011bny o s\u00e9rii \u0161roubov\u00e1k\u016f a otv\u00edr\u00e1k na l\u00e1hve. D\u00edky kvalitn\u00ed karabin\u011b m\u016f\u017eete multitool jedin\u00fdm pohybem p\u0159ipnout za opasek \u010di na batoh. Stane se tak stylov\u00fdm pomocn\u00edkem, kter\u00e9ho budete m\u00edt po ruce v ka\u017ed\u00e9 situaci.<\/p>\n<p>Balen\u00ed obsahuje: multitool, bity: k\u0159\u00ed\u017eov\u00fd # 1 a # 2 a ploch\u00fd 3\/16, odn\u00edmateln\u00fd klip na opasek, samolepku 100% origin\u00e1l, n\u00e1vod.<\/p>\n<p><iframe title=\"Skeletool Multi-tool Overview\" width=\"800\" height=\"450\" src=\"https:\/\/www.youtube.com\/embed\/IHw-n_Z7Sns?feature=oembed\" frameborder=\"0\" allow=\"accelerometer; autoplay; clipboard-write; encrypted-media; gyroscope; picture-in-picture; web-share\" referrerpolicy=\"strict-origin-when-cross-origin\" allowfullscreen><\/iframe><\/p>\n<p>&nbsp;<\/p>\n<p>&nbsp;<\/p>\n","protected":false},"excerpt":{"rendered":"<div id=\"tw-target-text-container\" class=\"tw-ta-container F0azHf tw-nfl\" tabindex=\"0\">\n<p><strong>Jsme hrd\u00ed, \u017ee stoj\u00edme za ka\u017ed\u00fdm v\u00fdrobkem, kter\u00fd opou\u0161t\u00ed na\u0161i tov\u00e1rnu v Portlandu v Oregonu. Proto nab\u00edz\u00edme na\u0161i 25letou z\u00e1ruku, tak\u017ee si m\u016f\u017eete b\u00fdt jisti, \u017ee v\u00e1\u0161 Leatherman vydr\u017e\u00ed po cel\u00fd \u017eivot.<\/strong><\/p>\n<p>&nbsp;<\/p>\n<pre id=\"tw-target-text\" class=\"tw-data-text tw-text-large tw-ta\" dir=\"ltr\" data-placeholder=\"P\u0159eklad\" aria-label=\"P\u0159elo\u017een\u00fd text\" data-ved=\"2ahUKEwjohPmwyLqIAxXLgv0HHQnQCWQQ3ewLegQICBAT\"><span class=\"Y2IQFc\" lang=\"cs\">\u00a0<\/span><\/pre>\n<\/div>\n<div id=\"tw-target-rmn-container\" class=\"tw-target-rmn tw-ta-container F0azHf tw-nfl\">\n<pre id=\"tw-target-rmn\" class=\"tw-data-placeholder tw-text-small tw-ta\" dir=\"ltr\" data-placeholder=\"\"><\/pre>\n<\/div>\n<p><strong>\u00a0<\/strong><\/p>\n","protected":false},"featured_media":358513,"comment_status":"open","ping_status":"closed","template":"","meta":[],"pwb-brand":[404],"product_brand":[],"product_cat":[50],"product_tag":[],"class_list":{"0":"post-246895","1":"product","2":"type-product","3":"status-publish","4":"has-post-thumbnail","6":"pwb-brand-leatherman","7":"product_cat-multi-tool","9":"first","10":"instock","11":"taxable","12":"shipping-taxable","13":"purchasable","14":"product-type-simple"},"brands":[{"id":404,"name":"Leatherman","slug":"leatherman"}],"_links":{"self":[{"href":"https:\/\/www.moskito.cz\/es\/wp-json\/wp\/v2\/product\/246895","targetHints":{"allow":["GET"]}}],"collection":[{"href":"https:\/\/www.moskito.cz\/es\/wp-json\/wp\/v2\/product"}],"about":[{"href":"https:\/\/www.moskito.cz\/es\/wp-json\/wp\/v2\/types\/product"}],"replies":[{"embeddable":true,"href":"https:\/\/www.moskito.cz\/es\/wp-json\/wp\/v2\/comments?post=246895"}],"wp:featuredmedia":[{"embeddable":true,"href":"https:\/\/www.moskito.cz\/es\/wp-json\/wp\/v2\/media\/358513"}],"wp:attachment":[{"href":"https:\/\/www.moskito.cz\/es\/wp-json\/wp\/v2\/media?parent=246895"}],"wp:term":[{"taxonomy":"pwb-brand","embeddable":true,"href":"https:\/\/www.moskito.cz\/es\/wp-json\/wp\/v2\/pwb-brand?post=246895"},{"taxonomy":"product_brand","embeddable":true,"href":"https:\/\/www.moskito.cz\/es\/wp-json\/wp\/v2\/product_brand?post=246895"},{"taxonomy":"product_cat","embeddable":true,"href":"https:\/\/www.moskito.cz\/es\/wp-json\/wp\/v2\/product_cat?post=246895"},{"taxonomy":"product_tag","embeddable":true,"href":"https:\/\/www.moskito.cz\/es\/wp-json\/wp\/v2\/product_tag?post=246895"}],"curies":[{"name":"wp","href":"https:\/\/api.w.org\/{rel}","templated":true}]}}