{"id":246901,"date":"2023-04-22T17:55:16","date_gmt":"2023-04-22T16:55:16","guid":{"rendered":"https:\/\/www.moskito.cz\/?post_type=product&#038;p=246901"},"modified":"2025-05-07T10:49:58","modified_gmt":"2025-05-07T09:49:58","slug":"zaviraci-nuz-qsp-knife-rhino-qs143-b","status":"publish","type":"product","link":"https:\/\/www.moskito.cz\/es\/produkt\/zaviraci-nuz-qsp-knife-rhino-qs143-b\/","title":{"rendered":"Zav\u00edrac\u00ed N\u016f\u017e QSP Knife RHINO QS143-B"},"content":{"rendered":"<p>Zav\u00edrac\u00ed N\u016f\u017e <strong>QSP Knife<\/strong> RHINO QS143-B<\/p>\n<p><strong>QSP<\/strong> je zkratka pro Quality, Service, Price.<\/p>\n<p><strong>QSP<\/strong> vyr\u00e1b\u00ed no\u017ee BUDGET FRIENDLY a PREMIUM SERRIES pomoc\u00ed p\u0159esn\u00fdch pracovn\u00edch postup\u016f, jako je vodn\u00ed trysk\u00e1n\u00ed, vakuov\u00e9 tepeln\u00e9 zpracov\u00e1n\u00ed, po\u010d\u00edta\u010dov\u00e9 CNC obr\u00e1b\u011bn\u00ed a CNC brou\u0161en\u00ed. Ka\u017ed\u00fd n\u016f\u017e QSP je p\u0159ed odesl\u00e1n\u00edm pe\u010dliv\u011b zkontrolov\u00e1n.<\/p>\n<p>Mechanismus: Keramick\u00e9 kuli\u010dkov\u00e9 lo\u017eisko<\/p>\n<p>Jm\u00e9no: Rhino<br \/>\n\u010c\u00edslo polo\u017eky: QS143-B<br \/>\n\u010cepel: M390, \u010dern\u00fd k\u00e1men pran\u00fd<br \/>\nBrou\u0161en\u00ed \u010depele: Ploch\u00e9 brou\u0161en\u00ed<br \/>\nRukoje\u0165: Titan, \u010dern\u00fd k\u00e1men omyt\u00fd<br \/>\nZ\u00e1mek: Z\u00e1mek r\u00e1mu<br \/>\nMechanismus: keramick\u00e9 kuli\u010dkov\u00e9 lo\u017eisko<br \/>\nCelkov\u00e1: 19.1 cm<br \/>\nUzav\u0159en\u00fd n\u016f\u017e: 10.8 cm<br \/>\n\u010cepel: 8.3 cm<br \/>\nTlou\u0161\u0165ka \u010depele: +\/-3,5 mm (hotov\u00fd v\u00fdrobek)<br \/>\nMokuti backspacer a klip<br \/>\n\u0160rouby: titan, \u010dern\u00e9<br \/>\nHRC: 58-60<br \/>\n\u010cist\u00e1 hmotnost: +\/-127g (4,48oz)<\/p>\n<p>&nbsp;<\/p>\n","protected":false},"excerpt":{"rendered":"<p><strong>Motto QSP je Keeping move, to better!!! QSP Knife bude i nad\u00e1le prezentovat na trhu st\u00e1le v\u00edce praktick\u00fdch no\u017e\u016f v dobr\u00e9 kvalit\u011b a za dobrou cenu.<\/strong><\/p>\n<p><strong>Doprava zdarma.<\/strong><\/p>\n","protected":false},"featured_media":246902,"comment_status":"open","ping_status":"closed","template":"","meta":[],"pwb-brand":[3253],"product_brand":[],"product_cat":[22,17],"product_tag":[],"class_list":{"0":"post-246901","1":"product","2":"type-product","3":"status-publish","4":"has-post-thumbnail","6":"pwb-brand-qsp-knife","7":"product_cat-zaviraci-noze","8":"product_cat-noze","10":"first","11":"instock","12":"taxable","13":"shipping-taxable","14":"purchasable","15":"product-type-simple"},"brands":[{"id":3253,"name":"QSP Knife","slug":"qsp-knife"}],"_links":{"self":[{"href":"https:\/\/www.moskito.cz\/es\/wp-json\/wp\/v2\/product\/246901","targetHints":{"allow":["GET"]}}],"collection":[{"href":"https:\/\/www.moskito.cz\/es\/wp-json\/wp\/v2\/product"}],"about":[{"href":"https:\/\/www.moskito.cz\/es\/wp-json\/wp\/v2\/types\/product"}],"replies":[{"embeddable":true,"href":"https:\/\/www.moskito.cz\/es\/wp-json\/wp\/v2\/comments?post=246901"}],"wp:featuredmedia":[{"embeddable":true,"href":"https:\/\/www.moskito.cz\/es\/wp-json\/wp\/v2\/media\/246902"}],"wp:attachment":[{"href":"https:\/\/www.moskito.cz\/es\/wp-json\/wp\/v2\/media?parent=246901"}],"wp:term":[{"taxonomy":"pwb-brand","embeddable":true,"href":"https:\/\/www.moskito.cz\/es\/wp-json\/wp\/v2\/pwb-brand?post=246901"},{"taxonomy":"product_brand","embeddable":true,"href":"https:\/\/www.moskito.cz\/es\/wp-json\/wp\/v2\/product_brand?post=246901"},{"taxonomy":"product_cat","embeddable":true,"href":"https:\/\/www.moskito.cz\/es\/wp-json\/wp\/v2\/product_cat?post=246901"},{"taxonomy":"product_tag","embeddable":true,"href":"https:\/\/www.moskito.cz\/es\/wp-json\/wp\/v2\/product_tag?post=246901"}],"curies":[{"name":"wp","href":"https:\/\/api.w.org\/{rel}","templated":true}]}}