{"id":247037,"date":"2023-04-22T23:00:29","date_gmt":"2023-04-22T22:00:29","guid":{"rendered":"https:\/\/www.moskito.cz\/?post_type=product&#038;p=247037"},"modified":"2025-05-07T10:50:01","modified_gmt":"2025-05-07T09:50:01","slug":"zaviraci-nuz-qsp-knife-parrot-qs102-f","status":"publish","type":"product","link":"https:\/\/www.moskito.cz\/es\/produkt\/zaviraci-nuz-qsp-knife-parrot-qs102-f\/","title":{"rendered":"Zav\u00edrac\u00ed N\u016f\u017e QSP Knife PARROT QS102-F"},"content":{"rendered":"<p>Zav\u00edrac\u00ed N\u016f\u017e <strong>QSP Knife<\/strong> PARROT QS102-F<\/p>\n<p><strong>QSP<\/strong>\u00a0je zkratka pro Quality, Service, Price.<\/p>\n<p><strong>QSP<\/strong>\u00a0vyr\u00e1b\u00ed no\u017ee BUDGET FRIENDLY a PREMIUM SERRIES pomoc\u00ed p\u0159esn\u00fdch pracovn\u00edch postup\u016f, jako je vodn\u00ed trysk\u00e1n\u00ed, vakuov\u00e9 tepeln\u00e9 zpracov\u00e1n\u00ed, po\u010d\u00edta\u010dov\u00e9 CNC obr\u00e1b\u011bn\u00ed a CNC brou\u0161en\u00ed. Ka\u017ed\u00fd n\u016f\u017e QSP je p\u0159ed odesl\u00e1n\u00edm pe\u010dliv\u011b zkontrolov\u00e1n.<\/p>\n<p>Mechanismus: M\u011bd\u011bn\u00e1 podlo\u017eka<\/p>\n<p>Jm\u00e9no: Papou\u0161ek<\/p>\n<p>\u010c\u00edslo polo\u017eky: QS102-F<\/p>\n<p>\u010cepel: D2, sat\u00e9nov\u00fd povrch<\/p>\n<p>Rukoje\u0165: Denim micarta<\/p>\n<p>Z\u00e1mek: Liner lock<\/p>\n<p>M\u011bd\u011bn\u00e1 podlo\u017eka<\/p>\n<p>Celkov\u00e1: 18.4 cm<br \/>\nUzav\u0159en\u00fd n\u016f\u017e: 10.2 cm<\/p>\n<p>\u010cepel: 8.2 cm<\/p>\n<p>Tlou\u0161\u0165ka \u010depele: +\/- 3,0mm<\/p>\n<p>HRC: 58-60<\/p>\n<p>Oboustrann\u00fd kapesn\u00ed klip<\/p>\n<p>\u010cist\u00e1 hmotnost: +\/-90 g (3,2 oz)<\/p>\n","protected":false},"excerpt":{"rendered":"<p><strong>Motto QSP je Keeping move, to better!!! QSP Knife bude i nad\u00e1le prezentovat na trhu st\u00e1le v\u00edce praktick\u00fdch no\u017e\u016f v dobr\u00e9 kvalit\u011b a za dobrou cenu.<\/strong><\/p>\n<p>&nbsp;<\/p>\n","protected":false},"featured_media":247046,"comment_status":"open","ping_status":"closed","template":"","meta":[],"pwb-brand":[3253],"product_brand":[],"product_cat":[22,17],"product_tag":[],"class_list":{"0":"post-247037","1":"product","2":"type-product","3":"status-publish","4":"has-post-thumbnail","6":"pwb-brand-qsp-knife","7":"product_cat-zaviraci-noze","8":"product_cat-noze","10":"first","11":"outofstock","12":"taxable","13":"shipping-taxable","14":"purchasable","15":"product-type-simple"},"brands":[{"id":3253,"name":"QSP Knife","slug":"qsp-knife"}],"_links":{"self":[{"href":"https:\/\/www.moskito.cz\/es\/wp-json\/wp\/v2\/product\/247037","targetHints":{"allow":["GET"]}}],"collection":[{"href":"https:\/\/www.moskito.cz\/es\/wp-json\/wp\/v2\/product"}],"about":[{"href":"https:\/\/www.moskito.cz\/es\/wp-json\/wp\/v2\/types\/product"}],"replies":[{"embeddable":true,"href":"https:\/\/www.moskito.cz\/es\/wp-json\/wp\/v2\/comments?post=247037"}],"wp:featuredmedia":[{"embeddable":true,"href":"https:\/\/www.moskito.cz\/es\/wp-json\/wp\/v2\/media\/247046"}],"wp:attachment":[{"href":"https:\/\/www.moskito.cz\/es\/wp-json\/wp\/v2\/media?parent=247037"}],"wp:term":[{"taxonomy":"pwb-brand","embeddable":true,"href":"https:\/\/www.moskito.cz\/es\/wp-json\/wp\/v2\/pwb-brand?post=247037"},{"taxonomy":"product_brand","embeddable":true,"href":"https:\/\/www.moskito.cz\/es\/wp-json\/wp\/v2\/product_brand?post=247037"},{"taxonomy":"product_cat","embeddable":true,"href":"https:\/\/www.moskito.cz\/es\/wp-json\/wp\/v2\/product_cat?post=247037"},{"taxonomy":"product_tag","embeddable":true,"href":"https:\/\/www.moskito.cz\/es\/wp-json\/wp\/v2\/product_tag?post=247037"}],"curies":[{"name":"wp","href":"https:\/\/api.w.org\/{rel}","templated":true}]}}