{"id":247900,"date":"2023-04-28T22:09:29","date_gmt":"2023-04-28T21:09:29","guid":{"rendered":"https:\/\/www.moskito.cz\/?post_type=product&#038;p=247900"},"modified":"2025-05-07T10:50:25","modified_gmt":"2025-05-07T09:50:25","slug":"zaviraci-nuz-kansept-knives-gremlin-titanium-marble-carbon-k2003a5","status":"publish","type":"product","link":"https:\/\/www.moskito.cz\/es\/produkt\/zaviraci-nuz-kansept-knives-gremlin-titanium-marble-carbon-k2003a5\/","title":{"rendered":"Zav\u00edrac\u00ed N\u016f\u017e Kansept Knives Gremlin Titanium Marble Carbon K2003A5"},"content":{"rendered":"<p>Zav\u00edrac\u00ed N\u016f\u017e <strong>Kansept Knives<\/strong> Gremlin Titanium Marble Carbon K2003A5<\/p>\n<p>K2003A5 <strong>Gremlin<\/strong> je hladk\u00fd flipper n\u016f\u017e s ergonomickou konstrukc\u00ed pro ka\u017edodenn\u00ed no\u0161en\u00ed. Tento model je zmen\u0161en\u00e1 verze Sprite. Vyzna\u010duje se titanovou rukojet\u00ed s tryskan\u00fdm povrchem s vlo\u017ekami z uhl\u00edkov\u00fdch vl\u00e1ken a \u010depel\u00ed s klipem vyrobenou z nerezov\u00e9 oceli CPM-S35VN se sat\u00e9nov\u00fdm povrchem. Bezpe\u010dn\u00fd titanov\u00fd kapesn\u00ed klip a ultratenk\u00fd profil umo\u017e\u0148uj\u00ed pohodln\u00e9 ka\u017edodenn\u00ed no\u0161en\u00ed. Gremlin poskytuje pohodln\u00fd, ergonomick\u00fd design, kter\u00fd je ide\u00e1ln\u00ed velikost\u00ed pro pou\u017eit\u00ed EDC.<\/p>\n<p>Funkce:<br \/>\nOcel \u010depele CPM-S35VN poskytuje pevnou \u010depel s vynikaj\u00edc\u00edm zachov\u00e1n\u00edm ost\u0159\u00ed.<br \/>\nZkosen\u00e9 titanov\u00e9 rukojeti s vlo\u017ekami z uhl\u00edkov\u00fdch vl\u00e1ken pro d\u017eungli pro hladk\u00fd povrch uchopen\u00ed, kter\u00fd je pohodln\u00fd v kapse nebo v ruce.<br \/>\nKeramick\u00e9 kuli\u010dkov\u00e9 lo\u017eisko nab\u00edz\u00ed hladk\u00e9 otev\u00edr\u00e1n\u00ed<\/p>\n<p>Specifikace<br \/>\nD\u00e9lka \u010depele: 7.27 cm<br \/>\nCelkov\u00e1 d\u00e9lka: 17.12 cm<br \/>\nMateri\u00e1l \u010depele: CPM-S35VN Nerezov\u00e1 ocel<br \/>\nTlou\u0161\u0165ka \u010depele: 0.27 cm<br \/>\nStyl \u010depele: Clip Point<br \/>\nBrou\u0161en\u00ed \u010depele: Ploch\u00e9<br \/>\nPovrchov\u00e1 \u00faprava \u010depele: sat\u00e9n<br \/>\nMateri\u00e1l rukojeti: Titan s vlo\u017ekami z uhl\u00edkov\u00fdch vl\u00e1ken Jungle Wear<br \/>\nUzamykac\u00ed mechanismus: R\u00e1m<br \/>\nSestava \u010depu: Keramick\u00e1 kuli\u010dkov\u00e1 lo\u017eiska<br \/>\nKapesn\u00ed klip: Vykl\u00e1p\u011bn\u00ed\/dol\u016f, no\u0161en\u00ed vpravo\/vlevo<br \/>\nDesign\u00e9r: Kim Ning<\/p>\n<p>&nbsp;<\/p>\n","protected":false},"excerpt":{"rendered":"<p><strong>\u201eKansept\u201c je p\u0159elo\u017een\u00edm v\u00fdznamu \u201ekoncepce\u201c. To, co n\u00e1s odli\u0161uje od davu, je na\u0161e schopnost inovovat. Stejn\u011b jako design na\u0161eho loga, kter\u00e9 vych\u00e1z\u00ed z obrazu UFO, kter\u00e1 cestuj\u00ed z vesm\u00edru do vesm\u00edru a sk\u00e1\u010dou do budoucnosti.\u00a0<\/strong><\/p>\n","protected":false},"featured_media":247901,"comment_status":"open","ping_status":"closed","template":"","meta":[],"pwb-brand":[3256],"product_brand":[],"product_cat":[22,17],"product_tag":[],"class_list":{"0":"post-247900","1":"product","2":"type-product","3":"status-publish","4":"has-post-thumbnail","6":"pwb-brand-kansept-knives","7":"product_cat-zaviraci-noze","8":"product_cat-noze","10":"first","11":"instock","12":"taxable","13":"shipping-taxable","14":"purchasable","15":"product-type-simple"},"brands":[{"id":3256,"name":"Kansept Knives","slug":"kansept-knives"}],"_links":{"self":[{"href":"https:\/\/www.moskito.cz\/es\/wp-json\/wp\/v2\/product\/247900","targetHints":{"allow":["GET"]}}],"collection":[{"href":"https:\/\/www.moskito.cz\/es\/wp-json\/wp\/v2\/product"}],"about":[{"href":"https:\/\/www.moskito.cz\/es\/wp-json\/wp\/v2\/types\/product"}],"replies":[{"embeddable":true,"href":"https:\/\/www.moskito.cz\/es\/wp-json\/wp\/v2\/comments?post=247900"}],"wp:featuredmedia":[{"embeddable":true,"href":"https:\/\/www.moskito.cz\/es\/wp-json\/wp\/v2\/media\/247901"}],"wp:attachment":[{"href":"https:\/\/www.moskito.cz\/es\/wp-json\/wp\/v2\/media?parent=247900"}],"wp:term":[{"taxonomy":"pwb-brand","embeddable":true,"href":"https:\/\/www.moskito.cz\/es\/wp-json\/wp\/v2\/pwb-brand?post=247900"},{"taxonomy":"product_brand","embeddable":true,"href":"https:\/\/www.moskito.cz\/es\/wp-json\/wp\/v2\/product_brand?post=247900"},{"taxonomy":"product_cat","embeddable":true,"href":"https:\/\/www.moskito.cz\/es\/wp-json\/wp\/v2\/product_cat?post=247900"},{"taxonomy":"product_tag","embeddable":true,"href":"https:\/\/www.moskito.cz\/es\/wp-json\/wp\/v2\/product_tag?post=247900"}],"curies":[{"name":"wp","href":"https:\/\/api.w.org\/{rel}","templated":true}]}}