{"id":248024,"date":"2023-04-29T20:33:55","date_gmt":"2023-04-29T19:33:55","guid":{"rendered":"https:\/\/www.moskito.cz\/?post_type=product&#038;p=248024"},"modified":"2025-05-07T10:50:27","modified_gmt":"2025-05-07T09:50:27","slug":"zaviraci-nuz-kansept-knives-damascus-titanium-k2009a3","status":"publish","type":"product","link":"https:\/\/www.moskito.cz\/es\/produkt\/zaviraci-nuz-kansept-knives-damascus-titanium-k2009a3\/","title":{"rendered":"Zav\u00edrac\u00ed N\u016f\u017e Kansept Knives Damascus Titanium K2009A3"},"content":{"rendered":"<p>Zav\u00edrac\u00ed N\u016f\u017e <strong>Kansept Knives<\/strong> Damascus Titanium K2009A3<\/p>\n<p>Mikkel Willumsen se celosv\u011btov\u011b proslavil sv\u00fdmi inovativn\u00edmi a odv\u00e1\u017en\u00fdmi n\u00e1vrhy Urban Tactical. Mikkel se s\u00eddlem v Kodani v D\u00e1nsku navrhuje a vyr\u00e1b\u00ed no\u017ee na zak\u00e1zku ji\u017e v\u00edce ne\u017e 20 let se specializac\u00ed na vysoce kvalitn\u00ed a pevn\u00e9 \u010depele. T\u00edm, \u017ee do kanseptu vnese sv\u016fj talent a zku\u0161enosti, m\u016f\u017eete o\u010dek\u00e1vat funk\u010dn\u011b modern\u00ed estetiku, kter\u00e1 definuje jeho pr\u00e1ci, v kombinaci s neochv\u011bjn\u00fdm odhodl\u00e1n\u00edm kanseptu ke kvalit\u011b.<\/p>\n<p>FUNKCE<\/p>\n<p>Ergonomick\u00e1 mod\u0159e eloxovan\u00e1 titanov\u00e1 rukoje\u0165 s vlo\u017ekou z uhl\u00edkov\u00fdch vl\u00e1ken pro hladk\u00fd povrch uchopen\u00ed, kter\u00fd je pohodln\u00fd v kapse nebo v ruce.<br \/>\nHladk\u00fd chod se snadno ovl\u00e1d\u00e1<br \/>\nEstetick\u00e1 dama\u0161kov\u00e1 ocel \u010depele poskytuje hou\u017eevnatou \u010depel s vynikaj\u00edc\u00edm zachov\u00e1n\u00edm ost\u0159\u00ed.<br \/>\nFr\u00e9zovan\u00e1 kapesn\u00ed spona je pevn\u00e1 a bezpe\u010dn\u011b dr\u017e\u00ed n\u016f\u017e<\/p>\n<p>SPECIFIKACE<\/p>\n<p>Celkov\u00e1 d\u00e9lka: 18.87 cm<br \/>\nD\u00e9lka \u010depele: 8.63 cm<\/p>\n<p>Materi\u00e1l \u010depele CPM-S35VN<br \/>\nBod p\u00e1du ve stylu \u010depele<br \/>\nBlade Grind Ploch\u00e9 brus<br \/>\nBlade Finish Dama\u0161ek<br \/>\nMateri\u00e1l rukojeti Shred Carbon Fiber + Titanov\u00e1 vlo\u017eka<br \/>\nBarva \u010dern\u00e1 + \u0161ed\u00e1<br \/>\nTyp z\u00e1mku Z\u00e1mek r\u00e1mu<br \/>\nHmotnost 3,7oz\/105g<br \/>\nN\u00e1zev modelu EDC Tac<br \/>\n\u010c\u00edslo modelu K2009A3<br \/>\nN\u00e1vrh\u00e1\u0159 Mikkel Willumsen<\/p>\n","protected":false},"excerpt":{"rendered":"<p><strong>\u201eKansept\u201c je p\u0159elo\u017een\u00edm v\u00fdznamu \u201ekoncepce\u201c. To, co n\u00e1s odli\u0161uje od davu, je na\u0161e schopnost inovovat. Stejn\u011b jako design na\u0161eho loga, kter\u00e9 vych\u00e1z\u00ed z obrazu UFO, kter\u00e1 cestuj\u00ed z vesm\u00edru do vesm\u00edru a sk\u00e1\u010dou do budoucnosti.\u00a0<\/strong><\/p>\n<p><strong>Doprava zdarma.<\/strong><\/p>\n","protected":false},"featured_media":248025,"comment_status":"open","ping_status":"closed","template":"","meta":[],"pwb-brand":[3256],"product_brand":[],"product_cat":[22,17],"product_tag":[],"class_list":{"0":"post-248024","1":"product","2":"type-product","3":"status-publish","4":"has-post-thumbnail","6":"pwb-brand-kansept-knives","7":"product_cat-zaviraci-noze","8":"product_cat-noze","10":"first","11":"outofstock","12":"taxable","13":"shipping-taxable","14":"purchasable","15":"product-type-simple"},"brands":[{"id":3256,"name":"Kansept Knives","slug":"kansept-knives"}],"_links":{"self":[{"href":"https:\/\/www.moskito.cz\/es\/wp-json\/wp\/v2\/product\/248024","targetHints":{"allow":["GET"]}}],"collection":[{"href":"https:\/\/www.moskito.cz\/es\/wp-json\/wp\/v2\/product"}],"about":[{"href":"https:\/\/www.moskito.cz\/es\/wp-json\/wp\/v2\/types\/product"}],"replies":[{"embeddable":true,"href":"https:\/\/www.moskito.cz\/es\/wp-json\/wp\/v2\/comments?post=248024"}],"wp:featuredmedia":[{"embeddable":true,"href":"https:\/\/www.moskito.cz\/es\/wp-json\/wp\/v2\/media\/248025"}],"wp:attachment":[{"href":"https:\/\/www.moskito.cz\/es\/wp-json\/wp\/v2\/media?parent=248024"}],"wp:term":[{"taxonomy":"pwb-brand","embeddable":true,"href":"https:\/\/www.moskito.cz\/es\/wp-json\/wp\/v2\/pwb-brand?post=248024"},{"taxonomy":"product_brand","embeddable":true,"href":"https:\/\/www.moskito.cz\/es\/wp-json\/wp\/v2\/product_brand?post=248024"},{"taxonomy":"product_cat","embeddable":true,"href":"https:\/\/www.moskito.cz\/es\/wp-json\/wp\/v2\/product_cat?post=248024"},{"taxonomy":"product_tag","embeddable":true,"href":"https:\/\/www.moskito.cz\/es\/wp-json\/wp\/v2\/product_tag?post=248024"}],"curies":[{"name":"wp","href":"https:\/\/api.w.org\/{rel}","templated":true}]}}