{"id":248882,"date":"2023-05-24T16:06:12","date_gmt":"2023-05-24T15:06:12","guid":{"rendered":"https:\/\/www.moskito.cz\/produkt\/wakizashi-akaei-z-uhlikove-oceli-aisi-1095-a-realnym-hamonem\/"},"modified":"2025-05-07T10:50:50","modified_gmt":"2025-05-07T09:50:50","slug":"wakizashi-akaei-z-uhlikove-oceli-aisi-1095-a-realnym-hamonem","status":"publish","type":"product","link":"https:\/\/www.moskito.cz\/es\/produkt\/wakizashi-akaei-z-uhlikove-oceli-aisi-1095-a-realnym-hamonem\/","title":{"rendered":"wakizashi AKAEI z uhl\u00edkov\u00e9 oceli AISI 1095 a re\u00e1ln\u00fdm hamonem"},"content":{"rendered":"<p>Wakizashi  AKAEI &#038; uhl\u00edkov\u00e1 ocel  AISI 1095 &#038; re\u00e1ln\u00fd hamon &#038; saya z rejno\u010d\u00ed k\u016f\u017ee<\/p>\n","protected":false},"excerpt":{"rendered":"<p>Wakizashi  AKAEI &#038; uhl\u00edkov\u00e1 ocel  AISI 1095 &#038; re\u00e1ln\u00fd hamon &#038; saya z rejno\u010d\u00ed k\u016f\u017ee<\/p>\n","protected":false},"featured_media":249017,"comment_status":"closed","ping_status":"open","template":"","meta":[],"pwb-brand":[2097],"product_brand":[],"product_cat":[24,1942],"product_tag":[],"class_list":{"0":"post-248882","1":"product","2":"type-product","3":"status-publish","4":"has-post-thumbnail","6":"pwb-brand-zj-swords","7":"product_cat-katany-a-mece","8":"product_cat-mece-dyky-repliky","10":"first","11":"outofstock","12":"purchasable","13":"product-type-simple"},"brands":[{"id":2097,"name":"ZJ-Swords","slug":"zj-swords"}],"_links":{"self":[{"href":"https:\/\/www.moskito.cz\/es\/wp-json\/wp\/v2\/product\/248882","targetHints":{"allow":["GET"]}}],"collection":[{"href":"https:\/\/www.moskito.cz\/es\/wp-json\/wp\/v2\/product"}],"about":[{"href":"https:\/\/www.moskito.cz\/es\/wp-json\/wp\/v2\/types\/product"}],"replies":[{"embeddable":true,"href":"https:\/\/www.moskito.cz\/es\/wp-json\/wp\/v2\/comments?post=248882"}],"wp:featuredmedia":[{"embeddable":true,"href":"https:\/\/www.moskito.cz\/es\/wp-json\/wp\/v2\/media\/249017"}],"wp:attachment":[{"href":"https:\/\/www.moskito.cz\/es\/wp-json\/wp\/v2\/media?parent=248882"}],"wp:term":[{"taxonomy":"pwb-brand","embeddable":true,"href":"https:\/\/www.moskito.cz\/es\/wp-json\/wp\/v2\/pwb-brand?post=248882"},{"taxonomy":"product_brand","embeddable":true,"href":"https:\/\/www.moskito.cz\/es\/wp-json\/wp\/v2\/product_brand?post=248882"},{"taxonomy":"product_cat","embeddable":true,"href":"https:\/\/www.moskito.cz\/es\/wp-json\/wp\/v2\/product_cat?post=248882"},{"taxonomy":"product_tag","embeddable":true,"href":"https:\/\/www.moskito.cz\/es\/wp-json\/wp\/v2\/product_tag?post=248882"}],"curies":[{"name":"wp","href":"https:\/\/api.w.org\/{rel}","templated":true}]}}