{"id":249034,"date":"2023-05-18T16:44:24","date_gmt":"2023-05-18T15:44:24","guid":{"rendered":"https:\/\/www.moskito.cz\/?post_type=product&#038;p=249034"},"modified":"2025-05-07T10:50:51","modified_gmt":"2025-05-07T09:50:51","slug":"zaviraci-nuz-joker-pastora-2","status":"publish","type":"product","link":"https:\/\/www.moskito.cz\/es\/produkt\/zaviraci-nuz-joker-pastora-2\/","title":{"rendered":"Zav\u00edrac\u00ed N\u016f\u017e Joker PASTORA"},"content":{"rendered":"<p>Zav\u00edrac\u00ed N\u016f\u017e <strong>Joker<\/strong> PASTORA<\/p>\n<p>Joker Pastora je vyr\u00e1b\u011bn ru\u010dn\u011b tradi\u010dn\u00edm zp\u016fsobem klasick\u00fdm stylem typick\u00fdm pro no\u017ee Albacete. Je to n\u016f\u017e tradi\u010dn\u011b pou\u017e\u00edvan\u00fd farm\u00e1\u0159i na venkov\u011b d\u00edky sv\u00e9 spolehlivosti a v\u0161estrannosti p\u0159i ka\u017edodenn\u00ed pr\u00e1ci na poli a se zv\u00ed\u0159aty. Vyrobeno z molybden-vanadiov\u00e9 nerezov\u00e9 oceli, m\u00e1 8 cm dlouhou \u010depel s dvojit\u00fdm \u010depelem a z\u00e1mkem \u010depele dla\u017edicov\u00e9ho typu. Celkov\u00e1 v\u00e1ha no\u017ee se pohybuje kolem 72 gram\u016f a je dod\u00e1v\u00e1n v kr\u00e1sn\u00e9m pouzd\u0159e, co\u017e z n\u011bj d\u011bl\u00e1 ide\u00e1ln\u00ed d\u00e1rek. N\u016f\u017e Joker Pastora najdete v r\u016fzn\u00fdch povrchov\u00fdch \u00faprav\u00e1ch, mezi nimi\u017e stoj\u00ed za vyzdvihnut\u00ed, b\u00fd\u010d\u00ed roh, buvol\u00ed roh, beran\u00ed roh, jelen\u00ed roh atd&#8230; Je to n\u016f\u017e vyr\u00e1b\u011bn\u00fd ru\u010dn\u011b jako no\u017ee starov\u011bku.<\/p>\n<p>\u010cepel: Nerez molybden vanadium<br \/>\nObj\u00edmka: Nerez<br \/>\nV\u010detn\u011b pouzdra<br \/>\nP\u011bst: B\u00fd\u010d\u00ed roh<br \/>\n8 cm &#8211; 72 g<\/p>\n<p>&nbsp;<\/p>\n<p>&nbsp;<\/p>\n<p>&nbsp;<\/p>\n","protected":false},"excerpt":{"rendered":"<p>No\u017ee Joker poch\u00e1zej\u00ed ze \u0160pan\u011blsk\u00e9ho m\u011bsta Albacete, kter\u00e9 je zn\u00e1m\u00e9 tradi\u010dn\u00ed v\u00fdrobou no\u017e\u016f a d\u00fdk.<br \/>\n<strong>Navr\u017eeno a vyrobeno ve \u0160pan\u011blsku (Albacete)<\/strong><\/p>\n","protected":false},"featured_media":249035,"comment_status":"open","ping_status":"closed","template":"","meta":[],"pwb-brand":[359],"product_brand":[],"product_cat":[22,17],"product_tag":[],"class_list":{"0":"post-249034","1":"product","2":"type-product","3":"status-publish","4":"has-post-thumbnail","6":"pwb-brand-joker","7":"product_cat-zaviraci-noze","8":"product_cat-noze","10":"first","11":"outofstock","12":"taxable","13":"shipping-taxable","14":"purchasable","15":"product-type-simple"},"brands":[{"id":359,"name":"Joker","slug":"joker"}],"_links":{"self":[{"href":"https:\/\/www.moskito.cz\/es\/wp-json\/wp\/v2\/product\/249034","targetHints":{"allow":["GET"]}}],"collection":[{"href":"https:\/\/www.moskito.cz\/es\/wp-json\/wp\/v2\/product"}],"about":[{"href":"https:\/\/www.moskito.cz\/es\/wp-json\/wp\/v2\/types\/product"}],"replies":[{"embeddable":true,"href":"https:\/\/www.moskito.cz\/es\/wp-json\/wp\/v2\/comments?post=249034"}],"wp:featuredmedia":[{"embeddable":true,"href":"https:\/\/www.moskito.cz\/es\/wp-json\/wp\/v2\/media\/249035"}],"wp:attachment":[{"href":"https:\/\/www.moskito.cz\/es\/wp-json\/wp\/v2\/media?parent=249034"}],"wp:term":[{"taxonomy":"pwb-brand","embeddable":true,"href":"https:\/\/www.moskito.cz\/es\/wp-json\/wp\/v2\/pwb-brand?post=249034"},{"taxonomy":"product_brand","embeddable":true,"href":"https:\/\/www.moskito.cz\/es\/wp-json\/wp\/v2\/product_brand?post=249034"},{"taxonomy":"product_cat","embeddable":true,"href":"https:\/\/www.moskito.cz\/es\/wp-json\/wp\/v2\/product_cat?post=249034"},{"taxonomy":"product_tag","embeddable":true,"href":"https:\/\/www.moskito.cz\/es\/wp-json\/wp\/v2\/product_tag?post=249034"}],"curies":[{"name":"wp","href":"https:\/\/api.w.org\/{rel}","templated":true}]}}